{"id":1018,"date":"2014-04-05T00:55:39","date_gmt":"2014-04-04T22:55:39","guid":{"rendered":"http:\/\/www.mikomma.de\/pub\/?page_id=1018"},"modified":"2018-10-06T23:03:54","modified_gmt":"2018-10-06T21:03:54","slug":"limerick","status":"publish","type":"page","link":"http:\/\/www.mikomma.de\/pub\/limerick\/","title":{"rendered":"Limericks"},"content":{"rendered":"<h5>Eine kleine Kostprobe&#8230;<\/h5>\n<div class=\"csRow\">\n<div class=\"csColumnGap\" style=\"margin: 0px; padding: 0px; width: 3.75%; float: left;\"><img decoding=\"async\" style=\"border: currentColor;\" src=\"http:\/\/www.mikomma.de\/pub\/wp-content\/plugins\/advanced-wp-columns\/assets\/js\/plugins\/views\/img\/1x1-pixel.png\" alt=\"\" \/><\/div>\n<div class=\"csColumn\" style=\"margin: 0px; padding: 0px; width: 47.3%; float: left;\" data-csstartpoint=\"36\" data-csendpoint=\"490\" data-cswidth=\"47.3%\" data-csid=\"a8bb99c6-a770-7e60-8f9e-a9092cf663b5\">\n<p style=\"text-align: left;\"><strong><em>Soli f\u00fcr Kontraba\u00df<\/em><\/strong><\/p>\n<p>Ein Kontrabassist aus Bingen<br \/>\nKam immer wieder ins Swingen:<br \/>\nOb Konzert oder Me\u00df\u2019,<br \/>\nEs war alles Jazz,<br \/>\nWas immer die Finger anfingen.<\/p>\n<p>Ein Kontrabassist aus Bolzano<br \/>\nWar ber\u00fchmt wegen seinem Piano.<br \/>\nWenn alles rumorte<br \/>\nIm donnernden Forte,<br \/>\nDann seufzte er nur da lontano.<\/p>\n<p>Ein Kontrabassist aus Br\u00fcssel<br \/>\nVerwechselte oft die Schl\u00fcssel.<br \/>\nDas klang konfus<br \/>\nUnd machte Verdru\u00df,<br \/>\nDoch st\u00f6rt\u2019 es ihn selbst kein Bissel.<\/p>\n<p>Ein Kontrabassist aus Bretten,<br \/>\nDer liebte die Flageoletten<br \/>\nUnd meint\u2019 in der Tat,<br \/>\nEr sei ein Kastrat<br \/>\nUnd s\u00e4nge Soprankanzonetten.<\/p>\n<p>Ein Kontrabassist aus Dresden,<br \/>\nDer hatte so heftige Gesten,<br \/>\nDa\u00df mitten im Spiel<br \/>\nSein Partner umfiel &#8211;<br \/>\nUnd noch dazu einer der besten!<\/p>\n<\/div>\n<div class=\"csColumnGap\" style=\"margin: 0px; padding: 0px; width: 4.06%; float: left;\"><img decoding=\"async\" style=\"border: currentColor;\" src=\"http:\/\/www.mikomma.de\/pub\/wp-content\/plugins\/advanced-wp-columns\/assets\/js\/plugins\/views\/img\/1x1-pixel.png\" alt=\"\" \/><\/div>\n<div class=\"csColumn\" style=\"margin: 0px; padding: 0px; width: 44.4%; float: left;\" data-csstartpoint=\"529\" data-csendpoint=\"955\" data-cswidth=\"44.4%\" data-csid=\"1c058490-4107-8a68-a128-6429c27e0ab8\">\n<p>&nbsp;<\/p>\n<p>Ein Kontrabassist aus Flatow<br \/>\nSpielte so gern pizzicato,<br \/>\nUmarmte den Ba\u00df<br \/>\nUnd zupfte sich was<br \/>\nIm seligen Dauer-Rubato.<\/p>\n<p>Ein Kontrabassist aus Leipzig<br \/>\nAn moderner Musik stets reibt sich.<br \/>\nEr reagiert nur<br \/>\nAuf Moll oder Dur<br \/>\nUnd nicht, was so atonal schreibt sich \u2026<\/p>\n<p>Ein Kontrabassist aus M\u00e4hren<br \/>\nPflegte sich stets zu beschweren,<br \/>\nWenn der Einsatz nicht kam,<br \/>\nBis den Mut er sich nahm,<br \/>\nGanz einfach aufzuh\u00f6ren.<\/p>\n<p>Ein Kontrabassist aus Oppeln,<br \/>\nDer ha\u00dfte das Sechzehntelstoppeln<br \/>\nUnd er fa\u00dft\u2019 den Entschlu\u00df,<br \/>\nvon Anfang bis Schlu\u00df<br \/>\nkein Achtel mehr zu verdoppeln.<\/p>\n<p>Ein Kontrabassist aus Stuttgart<br \/>\nBeim \u00dcben niemals am Mut spart.<br \/>\nSei\u2019s auch noch so schwer,<br \/>\nEr kriegt es doch her,<br \/>\nWeil mit dem Flei\u00df er die Wut paart.<\/p>\n<p><em>(Gewidmet der Schwiegertochter Jutta Komma)<\/em><\/p>\n<p>\u00a9 kmkomma.de<\/p>\n<p>H\u00f6rbeispiel (Adobe Flash erforderlich), gesprochen von Renate Hausmann (CD &#8222;Zum Gedenken an Karl Michael Komma&#8220;):<\/p>\n<div class=\"zbPlayer\"><embed width=\"500\" height=\"26\" wmode=\"transparent\" menu=\"false\" quality=\"high\" flashvars=\"loop=no&animation=yes&amp;playerID=zbPlayer&amp;initialvolume=200&amp;bg=E5E5E5&amp;leftbg=CCCCCC&amp;lefticon=333333&amp;voltrack=F2F2F2&amp;volslider=666666&amp;rightbg=B4B4B4&amp;rightbghover=999999&amp;righticon=333333&amp;righticonhover=FFFFFF&amp;loader=009900&amp;track=FFFFFF&amp;tracker=DDDDDD&amp;border=CCCCCC&amp;skip=666666&amp;text=333333&amp;titles=&amp;encode=yes&amp;soundFile=aHR0cDovL3d3dy5taWtvbW1hLmRlL3B1Yi93cC1jb250ZW50L3VwbG9hZHMvMjAxNC8wNC9saW1lcmlja3MubXAzA&amp;autostart=no\" type=\"application\/x-shockwave-flash\" class=\"zbPlayerFlash\" src=\"http:\/\/www.mikomma.de\/pub\/wp-content\/plugins\/zbplayer\/data\/player.swf\" id=\"zbPlayer\"\/><audio class=\"zbPlayerNative\" src=\"http:\/\/www.mikomma.de\/pub\/wp-content\/uploads\/2014\/04\/limericks.mp3\" controls preload=\"metadata\"><\/audio><\/div>\n<p>&nbsp;<\/p>\n<\/div>\n<\/div>\n\n<script>\nvar zbPregResult = '0';\n<\/script>\n","protected":false},"excerpt":{"rendered":"<p>Eine kleine Kostprobe&#8230; Soli f\u00fcr Kontraba\u00df Ein Kontrabassist aus Bingen Kam immer wieder ins Swingen: Ob Konzert oder Me\u00df\u2019, Es war alles Jazz, Was immer die Finger anfingen. Ein Kontrabassist aus Bolzano War ber\u00fchmt wegen seinem Piano. Wenn alles rumorte [&hellip;]<\/p>\n","protected":false},"author":6,"featured_media":0,"parent":0,"menu_order":0,"comment_status":"closed","ping_status":"closed","template":"","meta":{"footnotes":""},"class_list":["post-1018","page","type-page","status-publish","hentry"],"_links":{"self":[{"href":"http:\/\/www.mikomma.de\/pub\/wp-json\/wp\/v2\/pages\/1018","targetHints":{"allow":["GET"]}}],"collection":[{"href":"http:\/\/www.mikomma.de\/pub\/wp-json\/wp\/v2\/pages"}],"about":[{"href":"http:\/\/www.mikomma.de\/pub\/wp-json\/wp\/v2\/types\/page"}],"author":[{"embeddable":true,"href":"http:\/\/www.mikomma.de\/pub\/wp-json\/wp\/v2\/users\/6"}],"replies":[{"embeddable":true,"href":"http:\/\/www.mikomma.de\/pub\/wp-json\/wp\/v2\/comments?post=1018"}],"version-history":[{"count":29,"href":"http:\/\/www.mikomma.de\/pub\/wp-json\/wp\/v2\/pages\/1018\/revisions"}],"predecessor-version":[{"id":1370,"href":"http:\/\/www.mikomma.de\/pub\/wp-json\/wp\/v2\/pages\/1018\/revisions\/1370"}],"wp:attachment":[{"href":"http:\/\/www.mikomma.de\/pub\/wp-json\/wp\/v2\/media?parent=1018"}],"curies":[{"name":"wp","href":"https:\/\/api.w.org\/{rel}","templated":true}]}}