{"id":1413,"date":"2019-02-15T02:18:38","date_gmt":"2019-02-15T00:18:38","guid":{"rendered":"http:\/\/www.mikomma.de\/pub\/?page_id=1413"},"modified":"2019-03-06T17:36:01","modified_gmt":"2019-03-06T15:36:01","slug":"vorfahren","status":"publish","type":"page","link":"http:\/\/www.mikomma.de\/pub\/vorfahren\/","title":{"rendered":"Vorfahren"},"content":{"rendered":"<p><strong>V\u00e4terliche Vorfahren der Familie Komma<br \/><\/strong>Zusammengestellt von Barbara Kratky geb. Komma<\/p>\n<p><strong><em>Vorbemerkungen<br \/><\/em><\/strong><em>Als Hauptquelle dienten mir die Geburts-, Heirats- und Sterbematriken (Kirchenbucheintragungen) der jeweiligen Gemeinden, zu denen ich \u00fcber das Webportal <\/em><em>www.portafontium.eu<\/em><em> Zugang hatte.<br \/><\/em>(<strong><em>Cohma<\/em><\/strong><em> ist\u00a0 die \u00e4lteste mir bekannte Namensform, der verschiedene Varianten folgen, bis sich erst Mitte des 19. Jahrhunderts die Form<\/em> <em>\u201eKomma\u201c durchsetzt)<\/em>.<br \/>Der \u00e4lteste Text, auf den ich bei meinen Nachforschungen stie\u00df, ist die <strong>Zunftordnung der<\/strong> <strong>Wildsteiner T\u00f6pfer vom 13.11.1588<\/strong>, in der die T\u00f6pfer(meister?) Lienhardt Komma und Jacob Komma\/Kohmma erw\u00e4hnt werden. Vermutlich waren sie mit dem \u00e4ltesten Komma-Vorfahren verwandt, dessen Lebensdaten ich herausfinden konnte:<\/p>\n<p><strong>Hans Cohma<\/strong>. Er wurde um 1655 in <strong>Altenteich<sup>1<\/sup> <\/strong>(lat.Veteropiscina \u2013 tschechisch Star\u00fd Rybnik) geboren, wo er am 20.2.1721 als \u201egewesener <strong>Hafner<\/strong>\u201c (=<em>T\u00f6pfer und Ofensetzer<\/em>) starb und \u201emit einer Seelenmess begraben\u201c wurde. Er war verheiratet mit <strong>Eva Cohmain, <\/strong>die um 1659 geboren wurde und am 17.1.1710 in Altenteich starb.<\/p>\n<p>Die beiden hatten sechs S\u00f6hne, deren \u00e4ltester, <strong>Johann (Hans) Wolfgang Cohma\/Kohman<\/strong>, vom 13.5.1681 bis 11.12.1732 in Altenteich lebte<strong>. <\/strong>Er war \u201egeschworener Hafnermeister\/D\u00f6pfer\u201c und mit Margaretha Cohma geb. Kohlschreiber (ca. 1682 \u2013 28.4.1762 Altenteich) verheiratet.<\/p>\n<p>Auch diese Cohmas hatten sechs S\u00f6hne. Ihr j\u00fcngster hie\u00df <strong>Johann Georg Komma<\/strong>. Er setzte die Tradition der Hafnermeister in <strong>Altenteich fort.<\/strong> Dort wurde er 1726 geboren \u00a0(Haus-Nr. 14). Am 23.10.1790 starb er an Lungensucht. Seine Frau hie\u00df <strong>Kunigunda Werner; <\/strong>sie war aus <strong>Klinghart<\/strong> (K\u0159i\u017eovatka) n\u00f6rdlich von Wildstein.<\/p>\n<p>Ein Sohn der &#8211; mir bekannten &#8211; \u00a0elf Kinder von Johann Georg war <strong>Niklas\/Nickl Komma<\/strong> (in sp\u00e4teren Matriken auch \u201e<strong>Kommer<\/strong>\u201c oder \u201e<strong>Kammer<\/strong>\u201c). Er wurde in Altenteich geboren (1763) und starb in Eger (1843) (80-j\u00e4hrig!) an \u201eNervenschlagfluss\u201c. Wie sein Vater, Gro\u00dfvater und Urgro\u00dfvater (und vielleicht schon fr\u00fchere unbekannte Vorfahren) war er Hafnermeister \u2013 der (so viel mir bekannt) letzte Komma in diesem Beruf. 1788 heiratete er die Leinenwebertochter <strong>Elisabeth<\/strong> <strong>Silbermann <\/strong>(1766-1830) aus Haslau (Hazlov &#8211; nordwestlich von Franzensbad). Nachdem sie 14 Kinder zur Welt gebracht hatte, von denen einige fr\u00fch starben, starb sie an \u201eAbzehrung\u201c. Niklas ging um 1800 nach <strong>Lehenstein Nr.5 <\/strong>(Chlume\u010dek \u2013 zwischen Franzensbad und Eger) als \u201eMaierhofp\u00e4chter\u201c (<em>Maier = Gutsverwalter<\/em>)\u00b2.<\/p>\n<p>Von den 14 Kindern (5 T\u00f6chter und 9 S\u00f6hne) des Niklas und der Elisabeth ist nur \u00fcber einige N\u00e4heres bekannt. Ein Sohn, Johann Baptist (1791-1871), war B\u00e4ckermeister und \u201eAusz\u00fcgler\u201c (Bauer im Ausgedinge), Josef Michael war Metzgermeister in Eger, Oswald (1807-1866) war Doktor der Medizin, Ehrenb\u00fcrger von Franzensbad<sup>3<\/sup> und \u201eBrunnenarzt\u201c. Eine Tochter, Maria Rosina \u201eKammer\u201c (Ehematrik: \u201ediese Familie nennt sich jetzt \u201eKomma\u201c), war mit Joh.Kaspar Vogl, einem Metzgermeister aus Eger verheiratet.<\/p>\n<p>Das vierte Kind war unser Vorfahre <strong>Johann Michael,<\/strong> b\u00fcrgerlicher Braumeister in<strong> Eger. <\/strong>Er wurde 1794 in Altenteich geboren und starb 1847 in Eger an Bauchwassersucht. Durch seine Heirat im Jahr 1815 mit <strong>Maria Anna<\/strong> <strong>Reichenberger<\/strong> (1791 geb. in Reuth in der Oberpfalz &#8211; 1856 gest. in Eger) entstand die Verbindung zu den Vorfahren von <strong>Max Reger<\/strong><sup>4<\/sup>. Franz Peter Reichenberger (1780-1831), der Bruder von Maria Anna, war der Urgro\u00dfvater m\u00fctterlicherseits von Max Reger, dessen Mutter Philomena Reichenberger hie\u00df.<\/p>\n<p>Johann Michael und Maria Anna erwerben 1841 das Gasthaus \u201eZum Wei\u00dfen Ro\u00df\u201c, Brucktor Nr.46 <sup>5<\/sup>.<\/p>\n<p>Von Johann Michaels und Maria Annas f\u00fcnf Kindern starben zwei bald nach der Geburt an \u201eFraisen\u201c (= Krampfanf\u00e4lle).\u00a0\u00a0\u00a0 Der erstgeborene Sohn, unser Vorfahre, war <strong>Joseph Kammer <sup>6<\/sup>\u00a0 <\/strong>(die Namensform schwankt immer wieder) (1818 in Eger geboren \u2013 1857 in Eger an der Wassersucht gestorben). Er heiratete 1843 <strong>Anna Margareta Metzker<\/strong> (geb.1823 in Leimbruck-Sandau, gest.1879 in Eger).<\/p>\n<p>Von den 7 Kindern ist vor allem \u00fcber Johann Klement (1850-1917) und <strong>Josef Klement<sup>7 <\/sup><\/strong>(1852-1907) N\u00e4heres bekannt. Sie setzen die Tradition der\u00a0 Gastwirte und Fleischhauer fort und sterben beide an Leberzirrhose. Sie erreichen nicht mehr das recht hohe Lebensalter ihrer m\u00e4nnlichen Vorfahren, die T\u00f6pfer waren! Josef Klement f\u00fchrte den \u201eSummerer Hof\u201c in der Franzensbaderstr.21 (= fr\u00fcher \u201eZum Wei\u00dfen Ro\u00df\u201c) weiter. Er heiratete 1879 in Lehenstein(?) <strong>Magdalena Margareta Kohl<\/strong> (1857-1922) aus Schlattau (Schlada) bei Franzensbad. Diese Gro\u00dfmutter v\u00e4terlicherseits muss unser Vater also noch gekannt haben.<\/p>\n<p>Josef Klement und Magdalena Margareta hatten 7 Kinder: <strong>Georg Adam<\/strong><strong>\u2078<\/strong> (28.4.1879 Eger \u2013 16.5.1945 Leitmeritz) \u2013 unser Gro\u00dfvater, <strong>Karl Michael<\/strong> (1880-1914, \u00a0war unverheiratet und starb an Tuberkulose) \u2013 von Beruf Fleischhauer, der Pate und Namensgeber unseres Vaters (!),<strong> Adam<\/strong> (1882-1883), <strong>Joseph<\/strong> (1884-1908 war \u201eBr\u00e4uer\u201c und starb an Lungenschwindsucht), <strong>Michael<\/strong> (1886-1888 Hirnhautentz\u00fcndung), <strong>Thomas <\/strong>(1889-19?? in M\u00fcnchen, verheiratet mit Anna geb. Schmidt aus Marienbad, Tochter Gerti verheiratet mit Erich Winter), <strong>Michael<\/strong> genannt <strong>\u201eMichl\u201c<\/strong> \u2013 Gastwirt und \u00d6konom, f\u00fchrte den Summererhof weiter (1893 \u2013 19??, 1920 Heirat mit Emma Reinl). \u00a0Dieser Gasthof wird im Egerer Branchenverzeichnis von 1929 aufgef\u00fchrt. Im Adressbuch von Eger von 1943 findet man unter der Adresse Franzensbaderstr. 21 Karl Baumgarten, Gastwirt, der anscheinend den Gasthof \u00fcbernommen hatte.<\/p>\n<p><strong>Stammbaum von Karl Michael Komma v\u00e4terlicherseits <\/strong><\/p>\n<p>Hans Cohma\u00a0\u00a0\u00a0\u00a0\u00a0\u00a0\u00a0\u00a0\u00a0\u00a0\u00a0\u00a0\u00a0\u00a0\u00a0\u00a0\u00a0\u00a0\u00a0\u00a0\u00a0\u00a0\u00a0\u00a0\u00a0\u00a0\u00a0\u00a0\u00a0\u00a0\u00a0\u00a0\u00a0\u00a0\u00a0\u00a0\u00a0\u00a0\u00a0\u00a0\u00a0\u00a0\u00a0\u00a0\u00a0\u00a0\u00a0\u00a0\u00a0\u00a0 Eva Cohmain<\/p>\n<ol>\n<li>1655 \u2013 1721\u00a0\u00a0\u00a0\u00a0\u00a0\u00a0\u00a0\u00a0\u00a0\u00a0\u00a0\u00a0\u00a0\u00a0\u00a0\u00a0\u00a0\u00a0\u00a0\u00a0\u00a0\u00a0\u00a0\u00a0\u00a0\u00a0\u00a0\u00a0\u00a0\u00a0\u00a0\u00a0 \u2199 ca. 1659 \u2013 1710<\/li>\n<\/ol>\n<p>Johann\/Hans Wolfgang Cohma\u00a0\u00a0\u00a0\u00a0\u00a0\u00a0\u00a0\u00a0\u00a0\u00a0\u00a0\u00a0\u00a0\u00a0\u00a0\u00a0\u00a0\u00a0 Margarethe Kohlschreiber<\/p>\n<p>1681 \u2013 1732\u00a0\u00a0\u00a0\u00a0\u00a0\u00a0\u00a0\u00a0\u00a0\u00a0\u00a0\u00a0\u00a0\u00a0\u00a0\u00a0\u00a0\u00a0\u00a0\u00a0\u00a0\u00a0\u00a0\u00a0\u00a0\u00a0\u00a0\u00a0\u00a0\u00a0\u00a0\u00a0\u00a0\u00a0\u00a0\u00a0\u00a0\u00a0\u00a0\u00a0 \u2199\u00a0\u00a0\u00a0\u00a0\u00a0\u00a0 ca. 1682 \u2013 1762<\/p>\n<p>Johann Georg Cohma \/ Khoma\u00a0\u00a0\u00a0\u00a0\u00a0\u00a0\u00a0\u00a0\u00a0\u00a0\u00a0\u00a0\u00a0\u00a0\u00a0\u00a0\u00a0\u00a0 Kunigunda Werner (Vogl)<\/p>\n<p>1728 \u2013 1790\u00a0\u00a0\u00a0\u00a0\u00a0\u00a0\u00a0\u00a0\u00a0\u00a0\u00a0\u00a0\u00a0\u00a0\u00a0\u00a0\u00a0\u00a0\u00a0\u00a0\u00a0\u00a0\u00a0\u00a0\u00a0\u00a0\u00a0\u00a0\u00a0\u00a0\u00a0\u00a0\u00a0\u00a0\u00a0\u00a0\u00a0\u00a0\u00a0\u00a0 \u2199\u00a0\u00a0\u00a0\u00a0\u00a0\u00a0 1725 \u2013 1786<\/p>\n<p>Niklas Kommer\u00a0\u00a0\u00a0\u00a0\u00a0\u00a0\u00a0\u00a0\u00a0\u00a0\u00a0\u00a0\u00a0\u00a0\u00a0\u00a0\u00a0\u00a0\u00a0\u00a0\u00a0\u00a0\u00a0\u00a0\u00a0\u00a0\u00a0\u00a0\u00a0\u00a0\u00a0\u00a0\u00a0\u00a0\u00a0\u00a0\u00a0\u00a0\u00a0\u00a0\u00a0\u00a0\u00a0\u00a0\u00a0\u00a0 Elisabeth Silbermann<\/p>\n<p>1763 \u2013 1843\u00a0\u00a0\u00a0\u00a0\u00a0\u00a0\u00a0\u00a0\u00a0\u00a0\u00a0\u00a0\u00a0\u00a0\u00a0\u00a0\u00a0\u00a0\u00a0\u00a0\u00a0\u00a0\u00a0\u00a0\u00a0\u00a0\u00a0\u00a0\u00a0\u00a0\u00a0\u00a0\u00a0\u00a0\u00a0\u00a0\u00a0\u00a0\u00a0\u00a0 \u2199\u00a0\u00a0\u00a0\u00a0\u00a0\u00a0 1766 \u2013 1830<\/p>\n<p>Michael Komma\u00a0\u00a0\u00a0\u00a0\u00a0\u00a0\u00a0\u00a0\u00a0\u00a0\u00a0\u00a0\u00a0\u00a0 \u00a0\u00a0\u00a0\u00a0\u00a0\u00a0\u00a0\u00a0\u00a0\u00a0\u00a0\u00a0\u00a0\u00a0\u00a0\u00a0\u00a0\u00a0\u00a0\u00a0\u00a0\u00a0\u00a0\u00a0\u00a0\u00a0\u00a0\u00a0\u00a0\u00a0\u00a0Maria Anna Reichenberger<\/p>\n<p>1794 \u2013 1847\u00a0\u00a0\u00a0\u00a0\u00a0\u00a0\u00a0\u00a0\u00a0\u00a0\u00a0\u00a0\u00a0\u00a0\u00a0\u00a0\u00a0\u00a0\u00a0\u00a0\u00a0\u00a0\u00a0\u00a0\u00a0\u00a0\u00a0\u00a0\u00a0\u00a0\u00a0\u00a0\u00a0\u00a0\u00a0\u00a0\u00a0\u00a0 \u2199\u00a0\u00a0\u00a0\u00a0\u00a0\u00a0\u00a0\u00a0 1791 \u2013 1856<\/p>\n<p>Josef Komma\u00a0\u00a0\u00a0\u00a0\u00a0\u00a0\u00a0\u00a0\u00a0\u00a0\u00a0\u00a0\u00a0\u00a0\u00a0\u00a0\u00a0\u00a0\u00a0\u00a0\u00a0\u00a0\u00a0\u00a0\u00a0\u00a0\u00a0\u00a0\u00a0\u00a0\u00a0\u00a0\u00a0\u00a0\u00a0\u00a0\u00a0\u00a0\u00a0\u00a0\u00a0\u00a0\u00a0\u00a0\u00a0\u00a0\u00a0\u00a0\u00a0\u00a0 Anna Margareta Metzker<\/p>\n<p>1818 \u2013 1857\u00a0\u00a0\u00a0\u00a0\u00a0\u00a0\u00a0\u00a0\u00a0\u00a0\u00a0\u00a0\u00a0\u00a0\u00a0\u00a0\u00a0\u00a0\u00a0\u00a0\u00a0\u00a0\u00a0\u00a0\u00a0\u00a0\u00a0\u00a0 \u00a0\u00a0\u00a0\u00a0\u00a0\u00a0\u00a0\u00a0\u00a0\u2199\u00a0\u00a0\u00a0\u00a0\u00a0\u00a0\u00a0\u00a0 1823 \u2013 1879<\/p>\n<p>Josef Klement Komma\u00a0\u00a0\u00a0\u00a0\u00a0\u00a0\u00a0\u00a0\u00a0\u00a0\u00a0\u00a0\u00a0\u00a0\u00a0\u00a0\u00a0\u00a0\u00a0\u00a0\u00a0\u00a0\u00a0\u00a0\u00a0\u00a0\u00a0\u00a0\u00a0\u00a0\u00a0\u00a0\u00a0\u00a0\u00a0\u00a0 Magdalena Margarete Kohl<\/p>\n<p>1852 \u2013 1907\u00a0\u00a0\u00a0\u00a0\u00a0\u00a0\u00a0\u00a0\u00a0\u00a0\u00a0\u00a0\u00a0\u00a0\u00a0\u00a0\u00a0\u00a0\u00a0\u00a0\u00a0\u00a0\u00a0\u00a0\u00a0\u00a0\u00a0\u00a0\u00a0\u00a0\u00a0\u00a0\u00a0\u00a0\u00a0\u00a0\u00a0\u00a0 \u2199\u00a0\u00a0\u00a0\u00a0\u00a0\u00a0\u00a0\u00a0\u00a0\u00a0 1857 \u2013 1922<\/p>\n<p>Georg Adam Komma\u00a0\u00a0\u00a0\u00a0\u00a0\u00a0\u00a0\u00a0\u00a0\u00a0\u00a0\u00a0\u00a0\u00a0\u00a0\u00a0\u00a0\u00a0\u00a0\u00a0\u00a0\u00a0\u00a0\u00a0\u00a0\u00a0\u00a0\u00a0\u00a0\u00a0\u00a0\u00a0\u00a0\u00a0\u00a0\u00a0\u00a0\u00a0 Marie Elisabeth Adler<\/p>\n<p>1879 \u2013 1945\u00a0\u00a0\u00a0\u00a0\u00a0\u00a0\u00a0\u00a0\u00a0\u00a0\u00a0\u00a0\u00a0\u00a0\u00a0\u00a0\u00a0\u00a0\u00a0\u00a0\u00a0\u00a0\u00a0\u00a0\u00a0\u00a0\u00a0\u00a0\u00a0\u00a0\u00a0\u00a0\u00a0\u00a0\u00a0\u00a0\u00a0\u00a0 \u2199\u00a0\u00a0\u00a0\u00a0\u00a0\u00a0\u00a0\u00a0\u00a0\u00a0 1882 \u2013 1967<\/p>\n<p>Karl Michael Komma\u00a0\u00a0\u00a0\u00a0\u00a0\u00a0\u00a0\u00a0\u00a0\u00a0\u00a0\u00a0\u00a0\u00a0\u00a0\u00a0\u00a0\u00a0\u00a0\u00a0\u00a0\u00a0\u00a0\u00a0\u00a0\u00a0\u00a0\u00a0\u00a0\u00a0\u00a0\u00a0\u00a0\u00a0\u00a0\u00a0\u00a0\u00a0\u00a0\u00a0 Charlotte Scholze<\/p>\n<p>1913 \u2013 2012\u00a0\u00a0\u00a0\u00a0\u00a0\u00a0\u00a0\u00a0\u00a0\u00a0\u00a0\u00a0\u00a0\u00a0\u00a0\u00a0\u00a0\u00a0\u00a0\u00a0\u00a0\u00a0\u00a0\u00a0\u00a0\u00a0\u00a0\u00a0\u00a0\u00a0\u00a0\u00a0\u00a0\u00a0\u00a0\u00a0\u00a0\u00a0\u00a0\u00a0\u00a0\u00a0\u00a0\u00a0\u00a0\u00a0\u00a0\u00a0\u00a0\u00a0\u00a0\u00a0\u00a0\u00a0 1910 &#8211; 1999<\/p>\n<p>\u00a0<\/p>\n\n\n<p><a href=\"http:\/\/www.mikomma.de\/pub\/wp-content\/uploads\/2019\/03\/KMK-Vorfahren3.pdf\" target=\"_blank\" rel=\"noreferrer noopener\" aria-label=\" (\u00f6ffnet in neuem Tab)\">PDF-Datei mit Anmerkungen<\/a><\/p>\n\n<script>\nvar zbPregResult = '0';\n<\/script>\n","protected":false},"excerpt":{"rendered":"<p>V\u00e4terliche Vorfahren der Familie KommaZusammengestellt von Barbara Kratky geb. Komma VorbemerkungenAls Hauptquelle dienten mir die Geburts-, Heirats- und Sterbematriken (Kirchenbucheintragungen) der jeweiligen Gemeinden, zu denen ich \u00fcber das Webportal www.portafontium.eu Zugang hatte.(Cohma ist\u00a0 die \u00e4lteste mir bekannte Namensform, der verschiedene [&hellip;]<\/p>\n","protected":false},"author":6,"featured_media":0,"parent":0,"menu_order":0,"comment_status":"closed","ping_status":"closed","template":"","meta":{"footnotes":""},"class_list":["post-1413","page","type-page","status-publish","hentry"],"_links":{"self":[{"href":"http:\/\/www.mikomma.de\/pub\/wp-json\/wp\/v2\/pages\/1413","targetHints":{"allow":["GET"]}}],"collection":[{"href":"http:\/\/www.mikomma.de\/pub\/wp-json\/wp\/v2\/pages"}],"about":[{"href":"http:\/\/www.mikomma.de\/pub\/wp-json\/wp\/v2\/types\/page"}],"author":[{"embeddable":true,"href":"http:\/\/www.mikomma.de\/pub\/wp-json\/wp\/v2\/users\/6"}],"replies":[{"embeddable":true,"href":"http:\/\/www.mikomma.de\/pub\/wp-json\/wp\/v2\/comments?post=1413"}],"version-history":[{"count":10,"href":"http:\/\/www.mikomma.de\/pub\/wp-json\/wp\/v2\/pages\/1413\/revisions"}],"predecessor-version":[{"id":1436,"href":"http:\/\/www.mikomma.de\/pub\/wp-json\/wp\/v2\/pages\/1413\/revisions\/1436"}],"wp:attachment":[{"href":"http:\/\/www.mikomma.de\/pub\/wp-json\/wp\/v2\/media?parent=1413"}],"curies":[{"name":"wp","href":"https:\/\/api.w.org\/{rel}","templated":true}]}}