{"id":143,"date":"2013-06-23T00:18:02","date_gmt":"2013-06-22T22:18:02","guid":{"rendered":"http:\/\/www.mikomma.de\/pub\/?page_id=143"},"modified":"2024-02-01T23:09:45","modified_gmt":"2024-02-01T22:09:45","slug":"kalender","status":"publish","type":"page","link":"http:\/\/www.mikomma.de\/pub\/kalender\/","title":{"rendered":"Kalender"},"content":{"rendered":"<div id=\"layoutContent\">\n<div class=\"spalteMitte\">\n<div id=\"spalteInhalt\">\n<div id=\"content\">\n<div>\n<h3>\u00a0<\/h3>\n<h3>Chorkonzert<\/h3>\n<p><strong>Sonntag, 01. Dezember 2019, 17:00 Uhr<br \/><\/strong>N\u00fcrnberg, Meistersingerhalle<br \/>HANS-SACHS-CHOR, N\u00fcrnberger Symphoniker<br \/>Johannes Brahms Vier ernste Ges\u00e4nge, Orchesterfassung Karl Michael Komma 1981<br \/>Johannes Brahms Ein deutsches Requiem op. 45<\/p>\n<h3>\u00a0<\/h3>\n<h3>Tanz des Gro\u00dfen Friedens<\/h3>\n<p><a href=\"http:\/\/edelmann-rust.com\/\" target=\"_blank\" rel=\"noopener noreferrer\"><img loading=\"lazy\" decoding=\"async\" class=\"alignnone size-full wp-image-1474\" src=\"http:\/\/www.mikomma.de\/pub\/wp-content\/uploads\/2019\/09\/edelmann_rust.jpg\" alt=\"\" width=\"200\" height=\"150\" \/><\/a><br \/><strong>Sonntag 10.11.2019 &#8211; 17:00 Uhr bis ca. 19:00<\/strong><br \/><a href=\"https:\/\/www.kaiserslautern.de\/miadi\/fhview.php?event=244193\" target=\"_blank\" rel=\"noopener noreferrer\"><strong>Fruchthalle Kaiserslautern<\/strong><\/a><br \/>Orchester der TU Kaiserslautern<br \/>Dirigent: Carsten Petry;<br \/>Solisten: <a href=\"http:\/\/edelmann-rust.com\/\" target=\"_blank\" rel=\"noopener noreferrer\">Rebecca Rust, Cello;<\/a><br \/><a href=\"http:\/\/edelmann-rust.com\/\" target=\"_blank\" rel=\"noopener noreferrer\">Friedrich Edelmann, Fagott<\/a>;<br \/><a href=\"http:\/\/younggeunyoon.de\/\" target=\"_blank\" rel=\"noopener noreferrer\">Younggeun Yoon, Klavier<\/a><\/p>\n<\/div>\n<\/div>\n<\/div>\n<\/div>\n<\/div>\n<h3>\u00a0<\/h3>\n<h3>\u00a0<\/h3>\n<h3>50 Jahre musica nova, Festkonzert <strong>So, 13. Oktober 2019<\/strong> 17:00 Uhr<\/h3>\n<p><a href=\"http:\/\/www.mikomma.de\/pub\/wp-content\/uploads\/2019\/08\/komma_erdmann.jpg\"><img loading=\"lazy\" decoding=\"async\" class=\"alignnone wp-image-1446\" src=\"http:\/\/www.mikomma.de\/pub\/wp-content\/uploads\/2019\/08\/komma_erdmann-300x201.jpg\" alt=\"\" width=\"246\" height=\"165\" srcset=\"http:\/\/www.mikomma.de\/pub\/wp-content\/uploads\/2019\/08\/komma_erdmann-300x201.jpg 300w, http:\/\/www.mikomma.de\/pub\/wp-content\/uploads\/2019\/08\/komma_erdmann-768x514.jpg 768w, http:\/\/www.mikomma.de\/pub\/wp-content\/uploads\/2019\/08\/komma_erdmann-1024x685.jpg 1024w, http:\/\/www.mikomma.de\/pub\/wp-content\/uploads\/2019\/08\/komma_erdmann.jpg 1280w\" sizes=\"auto, (max-width: 246px) 100vw, 246px\" \/> <\/a>\u00a0 \u00a0\u00a0 \u00a0\u00a0 \u00a0\u00a0 \u00a0\u00a0 \u00a0\u00a0 \u00a0<a href=\"https:\/\/www.reutlingen.de\/musica-nova\" target=\"_blank\" rel=\"noopener noreferrer\"><img loading=\"lazy\" decoding=\"async\" class=\"alignnone  wp-image-1453 alignright\" src=\"http:\/\/www.mikomma.de\/pub\/wp-content\/uploads\/2019\/08\/munov.jpg\" alt=\"\" width=\"201\" height=\"142\" \/><\/a><br \/><a href=\"https:\/\/www.reutlingen.de\/musica-nova\" target=\"_blank\" rel=\"noopener noreferrer\"><strong>50 Jahre musica nova Reutlingen \u2013 Feiern Sie mit uns dieses Jubli\u00e4um<\/strong><\/a><br \/>&#8222;Seit 50 Jahren geh\u00f6rt diese Musikreihe fest zum Kulturleben Reutlingens. Ihr Profil ist die Musik des 20. und 21. Jahrhunderts und umfasst Klassische Moderne bis zur Avantgarde.&#8220;<br \/><strong>Festkonzert \u2013 <\/strong><a href=\"https:\/\/www.reutlingen.de\/ceasy\/resource\/?id=36412&amp;download=1\" target=\"_blank\" rel=\"noopener noreferrer\"><strong>Programm<\/strong><\/a> mit<br \/><em><a href=\"http:\/\/www.friedstyle.com\/de\/\" target=\"_blank\" rel=\"noopener noreferrer\">Friedemann D\u00e4hn<\/a>, <\/em><em>das <a href=\"http:\/\/www.ensemble-phorminx.de\/\" target=\"_blank\" rel=\"noopener noreferrer\">Ensemble Phorminx<\/a>, <\/em><em>das <a href=\"https:\/\/www.pianoduohayashizakihagemann.de\/\" target=\"_blank\" rel=\"noopener noreferrer\">Klavierduo Hayashizaki-Hagemann<\/a>, <\/em><em><a href=\"https:\/\/www.wuerttembergische-philharmonie.de\/mitarbeiter-detail\/id\/n_n.html\" target=\"_blank\" rel=\"noopener noreferrer\">Timo de Leo<\/a>, <\/em><em><a href=\"http:\/\/www.kolja-lessing.de\/\" target=\"_blank\" rel=\"noopener noreferrer\">Kolja Lessing<\/a>, <a href=\"http:\/\/www.thomas-felder.de\/acl.htm\" target=\"_blank\" rel=\"noopener noreferrer\">Angela-Charlott Linckelmann<\/a>, <\/em><em><a href=\"http:\/\/angelika-luz.de\/\" target=\"_blank\" rel=\"noopener noreferrer\">Angelika Luz<\/a>, <\/em><em><a href=\"https:\/\/www.onepointfm.com\/de-de\/oliviasteimel\" target=\"_blank\" rel=\"noopener noreferrer\">Olivia Steimel<\/a>\u00a0 und <\/em><em>Friedemann Treutlein.<br \/><\/em><\/p>\n<hr \/>\n<p><strong>2019:<\/strong> Musikwettbewerb der GdM 2019. Auch 2019 lobt die Stiftung den KMK-Ged\u00e4chtnispreis aus. Siehe auch <a title=\"GdM\" href=\"http:\/\/www.gdm-reutlingen.de\" target=\"_blank\" rel=\"noopener noreferrer\"><u>Gesellschaft der Musikfreunde<\/u><\/a> ,\u00a0 <a href=\"http:\/\/www.gdm-reutlingen.de\/wettbewerb2019.htm\" target=\"_blank\" rel=\"noopener noreferrer\"><u>Wettbewerb 2019<\/u><\/a>.<\/p>\n<p><strong>2018:<\/strong> Musikwettbewerb der GdM 2018. Auch 2018 lobt die Stiftung den KMK-Ged\u00e4chtnispreis aus. Siehe auch <a title=\"GdM\" href=\"http:\/\/www.gdm-reutlingen.de\" target=\"_blank\" rel=\"noopener noreferrer\"><u>Gesellschaft der Musikfreunde<\/u><\/a> ,\u00a0 <a href=\"http:\/\/www.gdm-reutlingen.de\/wettbewerb2018.htm\" target=\"_blank\" rel=\"noopener noreferrer\"><u>Wettbewerb 2018<\/u><\/a>.<\/p>\n<hr \/>\n<p><strong>GdM-Kammermusikwettbewerb 2017<\/strong><\/p>\n<p>Auch 2017 lobt die <a href=\"http:\/\/www.mikomma.de\/pub\/kmk-stiftung\/\"><u>KMK-Stiftung <\/u><\/a>den KMK-Ged\u00e4chtnispreis im Wert von 500.-\u20ac\u00a0aus.<br \/>Siehe auch <a title=\"GdM\" href=\"http:\/\/www.gdm-reutlingen.de\/\" target=\"_blank\" rel=\"noopener noreferrer\"><u>Gesellschaft der Musikfreunde<\/u><\/a>,<br \/><a href=\"http:\/\/www.gdm-reutlingen.de\/wettbewerb2017.htm\" target=\"_blank\" rel=\"noopener noreferrer\"><u>Wettbewerb 2017<\/u><\/a><\/p>\n<hr \/>\n<p><strong>2016<\/strong> Das Stadtarchiv\u00a0hat den KMK-Nachlass in die <a href=\"https:\/\/www.reutlingen.de\/de\/Kultur+Bildung\/Stadtarchiv\/Best\u00e4nde\/Nachl\u00e4sse#faqAnchor_2\" target=\"_blank\" rel=\"noopener noreferrer\"><u>Personennachl\u00e4sse<\/u><\/a> \u00fcbernommen und\u00a0eine <a href=\"http:\/\/www.mikomma.de\/pub\/KMK_Nachlass_Stadtarchiv.pdf\"><u>Inventarliste<\/u><\/a> erstellt.<\/p>\n<p><strong>2016<\/strong>\u00a0\u00a0Neuerscheinung bei Ikuro Edition:\u00a0<a href=\"http:\/\/www.mikomma.de\/pub\/werk\/\">Debussy-Vaiationen f\u00fcr Horn-Quartett<\/a><\/p>\n<p><strong>2016 <\/strong>Musikwettbewerb der GdM 2016 f\u00fcr Klavier.\u00a0Die KMK-Stiftung lobt den KMK-Ged\u00e4chtnispreis aus. <em>Sebastian Fu\u00df<\/em> und <em>Julia Anna Koch<\/em> teilen sich\u00a0den KMK-Ged\u00e4chtnispreis. Siehe auch <a title=\"GdM\" href=\"http:\/\/www.gdm-reutlingen.de\/\" target=\"_blank\" rel=\"noopener noreferrer\"><u><span style=\"color: #0066cc;\">Gesellschaft der Musikfreunde<\/span><\/u><\/a> ,\u00a0 <a href=\"http:\/\/www.gdm-reutlingen.de\/wettbewerb2016.htm\" target=\"_blank\" rel=\"noopener noreferrer\"><u><span style=\"color: #0066cc;\">Wettbewerb 2016<\/span><\/u><\/a>.<\/p>\n<p><strong>April 2015<br \/><\/strong><em>Tamina Nadine Grauer<\/em> erh\u00e4lt den KMK-Ged\u00e4chtnispreis 2015 f\u00fcr ihren &#8222;ausgesprochen gelungenen Vortrag&#8220; (Jury) der KMK-Vertonung von Rilkes &#8222;Aus der Kinderzeit&#8220;.<\/p>\n<p><strong>2015<br \/><\/strong>Die KMK-Stiftung\u00a0stellt der Gesellschaft der Musikfreunde Reutlingen e.V. (GdM) zur Durchf\u00fchrung des Musikwettbewerbs 2015 Mittel zur Verf\u00fcgung und lobt den KMK-Ged\u00e4chtnispreis aus. Siehe auch <a title=\"GdM\" href=\"http:\/\/www.gdm-reutlingen.de\/\" target=\"_blank\" rel=\"noopener noreferrer\"><u>Gesellschaft der Musikfreunde<\/u><\/a>, Wettbewerb 2015<\/p>\n<hr \/>\n<h4>Orgelkonzert &#8222;in memoriam Karl Michael Komma&#8220;<\/h4>\n<p><strong>So 19.10.14, 19:00 Uhr <\/strong>Winnenden,\u00a0St. Karl Borrom\u00e4us mit\u00a0\u00a0<strong>Peter Kranefoed<\/strong>\u00a0\u00a0an der Orgel<\/p>\n<hr \/>\n<h3><strong>Veranstaltungen zum 100. Geburtstag von Karl Michael Komma<\/strong><\/h3>\n<hr \/>\n<h4>Reutlinger Orgelsommer<\/h4>\n<p><strong>27.07.13 Andreas Dorfner<\/strong>, St. Wolfgang<\/p>\n<p><strong>24.08.13 Matthias Wamser<\/strong>, Marienkirche<\/p>\n<h4>Jubil\u00e4umskonzert in memoriam Karl Michael Komma (1913-2012)<\/h4>\n<p><strong>So 10.11.13, 17:00 Uhr<\/strong><\/p>\n<p>Ausf\u00fchrende: Chorgemeinschaft St. Wolfgang, Gabriel Moll (Orgel)<\/p>\n<p>Werke: Maurice Durufl\u00e9: Requiem op. 9 und Chormusik von Karl Michael Komma<\/p>\n<p>Leitung: Andreas Dorfner<\/p>\n<p>Veranstaltungsort: <a href=\"http:\/\/www.kirchenmusik-online.de\/?cal=RT%20St.%20Wolfgang\" target=\"_blank\" rel=\"noopener noreferrer\">St. Wolfgang Reutlingen<\/a><\/p>\n<h4>KMK Musik &#8211; Bilder &#8211; Sprache<\/h4>\n<p><strong>01.12.13, 17:00 Uhr, Spitalhofsaal<\/strong><\/p>\n<p>Eine Veranstaltung der gedok, der Musikschule Reutlingen und des Tonk\u00fcnstlerverbands Reutlingen in Kooperation mit der Stadt Reutlingen.<\/p>\n<h4>\u00a0<\/h4>\n<h4>Reutlinger Sinfoniekonzert<\/h4>\n<p><strong>02.12.13\u00a0<\/strong> 4. Sinfoniekonzert<\/p>\n<div>\n<div>Karl Michael Komma, Signale f\u00fcr gro\u00dfes Orchester<\/div>\n<div>Edward Elgar, Violoncellokonzert e-Moll op. 85<\/div>\n<div>Ludwig van Beethoven, Sinfonie Nr. 5 c-Moll op. 67Wolfgang Emanuel Schmidt, Violoncello<\/div>\n<div>Ola Rudner, Leitung<\/div>\n<div>Veranstaltungsort: Stadthalle Reutlingen<\/div>\n<div>Veranstalter: <a href=\"http:\/\/www.wuerttembergische-philharmonie.de\/\" target=\"_blank\" rel=\"noopener noreferrer\">W\u00fcrttembergische Philharmonie Reutlingen<\/a><\/div>\n<\/div>\n<h4><strong>Zum 100. Geburtstag von KMK<\/strong><\/h4>\n<p><strong>Dienstag, 10. Dezember 2013<\/strong>, 19.00 Uhr\u00a0\u00a0\u00a0\u00a0M\u00fcnchen, im Kulturforum Sudetendeutsches Haus (Mitglieder und G\u00e4ste)<\/p>\n<p>&#8222;Wege des b\u00f6hmischen Musikantentums<\/p>\n<p>Karl Michael Komma zum 100. Geburtstag&#8220;<\/p>\n<h4><a href=\"http:\/\/www.mikomma.de\/pub\/wp-content\/uploads\/2013\/06\/treutlein.jpg\"><img loading=\"lazy\" decoding=\"async\" class=\" wp-image-662 alignleft\" src=\"http:\/\/www.mikomma.de\/pub\/wp-content\/uploads\/2013\/06\/treutlein.jpg\" alt=\"treutlein\" width=\"101\" height=\"134\" \/><\/a>Friedemann\u00a0Treutlein &#8211; Klavier<\/h4>\n<p><strong>13. Dezember<\/strong>, Stadtbibliothek Reutlingen.<\/p>\n<p>Gespielt wird:<\/p>\n<p>Bach: 3st. Ricercare aus dem &#8222;Musikalischen Opfer&#8220;<\/p>\n<p>Reger: Bach-Variationen op. 81<\/p>\n<p>Komma: Reflexionen \u00fcber eine Bach-Variation von Reger. Mit einer Einf\u00fchrung von KMK, die 1997 aufgezeichnet wurde.<\/p>\n<p><a href=\"http:\/\/www2.stadtbibliothek-reutlingen.de\/Plone\/hauptstelle\/musikbibliothek\/veranstaltungen\/musik-im-gespraech-karl-michael-komma\" target=\"_blank\" rel=\"noopener noreferrer\">Stadtbibliothek Reutlingen<\/a><\/p>\n<h4>\u00a0<\/h4>\n<h4>\u00a0<\/h4>\n<h4>Ausstellung Stadtbibliothek Reutlingen zum 100. Geburtstag<\/h4>\n<p><strong>17.12.13 &#8211; 08.02.14<\/strong>,\u00a0 Ausstellungseck im 2. OG<\/p>\n<h4>Sehen &#8211; H\u00f6ren &#8211; Erinnern<\/h4>\n<p><strong>24.01.14, 16 Uhr, Stadtbibliothek Reutlingen<\/strong><\/p>\n<p>Prof. Dr. Hartmut Flechsig spricht \u00fcber Karl Michael Kommas hinterlassene Spuren. Anschlie\u00dfend Rundgang durch die Ausstellung. Eintritt frei.\u00a0<a href=\"http:\/\/www.mikomma.de\/pub\/wp-content\/uploads\/2014\/02\/Flechsig_Vortrag.pdf\" target=\"_blank\" rel=\"noopener noreferrer\"><img loading=\"lazy\" decoding=\"async\" class=\"alignnone size-full wp-image-484\" src=\"http:\/\/www.mikomma.de\/pub\/wp-content\/uploads\/2013\/07\/pdf.png\" alt=\"pdf\" width=\"22\" height=\"21\" \/><\/a> PDF-Datei <a href=\"http:\/\/www.mikomma.de\/pub\/wp-content\/uploads\/2014\/02\/Flechsig_Vortrag.pdf\">Vortrag<\/a><\/p>\n<p><a name=\"CD\"><\/a><\/p>\n<h4>Zum Gedenken an Karl Michael Komma (1913 &#8211; 2012) in Ton und Wort<\/h4>\n<p><strong>Montag 10. Februar 2014 um 15:00 Uhr<\/strong> im<\/p>\n<p><i><strong>Haus der Tempelgesellschaft<\/strong>, <\/i>Felix-Dahn-Stra\u00dfe 39, 70597 Stuttgart-Degerloch<\/p>\n<p>Angela-Charlott Linckelmann, Reutlingen \u00a0<i>Klavier<\/i><\/p>\n<p>Renate Hausmann, Reutlingen\u00a0 <i>Rezitation<\/i><\/p>\n<p>Ulrich Prinz, Esslingen <i>Moderation<\/i><\/p>\n<p><a href=\"http:\/\/www.mikomma.de\/pub\/wp-content\/uploads\/2014\/01\/Flyer-KMK.pdf\">Flyer<\/a>\u00a0| <a href=\"http:\/\/www.mikomma.de\/pub\/wp-content\/uploads\/2013\/06\/Programm100214b.pdf\">Programm<\/a>\u00a0|\u00a0CD zur Veranstaltung: <a href=\"http:\/\/www.mikomma.de\/pub\/wp-content\/uploads\/2014\/03\/Booklet-KMK_web.pdf\">Booklet<\/a><\/p>\n<p>Zum Gedenken an Karl Michael Komma\u00a0gibt es nun eine <a href=\"http:\/\/www.mikomma.de\/pub\/wp-content\/uploads\/2014\/03\/Booklet-KMK_web.pdf\"><u><span style=\"color: #0066cc;\">CD der Veranstaltung<\/span><\/u><\/a>\u00a0vom <a title=\"Kalender\" href=\"http:\/\/www.mikomma.de\/pub\/kalender\/#CD\"><u><span style=\"color: #0066cc;\">10. Februar 2014<\/span><\/u><\/a>.\u00a0Die CD ist kostenlos erh\u00e4ltlich (solange der Vorrat\u00a0reicht) bei der <a title=\"Musikbibliothek\" href=\"http:\/\/www2.stadtbibliothek-reutlingen.de\/Plone\/hauptstelle\/musikbibliothek\" target=\"_blank\" rel=\"noopener noreferrer\"><u><span style=\"color: #0066cc;\">Musikbibliothek der Stadtbibliothek Reutlingen <\/span><\/u><\/a>(Spendhausstr. 2, 2. OG).<\/p>\n<h4>45 Jahre musica nova reutlingen \u00a0jubil\u00e4umskonzert<\/h4>\n<p><strong>20:00 Uhr \/ 05.03.2014 \/ Konzert \/ Spitalhof<\/strong><\/p>\n<p>stephanie haas, stimme<br \/>susan wenckus, klavier<br \/>erik borgir, violoncello<br \/>mateus dela fonte, gitarre<br \/>christoph haas, perkussion<\/p>\n<p>jubilare: \u00a0karl michael komma (100 jahre)<br \/>milko kelemen (90 jahre)<br \/>krzysztof penderecki (80 jahre)<br \/>veit erdmann (70 jahre)<br \/>christoph haas (60 jahre)<br \/>nino d\u00edaz (50 jahre)<\/p>\n<hr \/>\n\n\n<p><\/p>\n\n\n\n<p><\/p>\n\n\n\n<h2 class=\"wp-block-heading\">Erinnerungen<\/h2>\n\n\n\n<p><strong>SAMSTAG, 7. MAI 1994<\/strong><\/p>\n\n\n\n<h3 class=\"wp-block-heading\">Kammerkonzert Lions-Club Reutlingen<\/h3>\n\n\n<div class=\"wp-block-image\">\n<figure class=\"alignleft size-full is-resized\"><a href=\"http:\/\/mikomma.de\/Mai1994.pdf\"><img loading=\"lazy\" decoding=\"async\" width=\"454\" height=\"334\" src=\"http:\/\/www.mikomma.de\/pub\/wp-content\/uploads\/2024\/02\/Mai1994.jpg\" alt=\"\" class=\"wp-image-1594\" style=\"width:237px;height:auto\" srcset=\"http:\/\/www.mikomma.de\/pub\/wp-content\/uploads\/2024\/02\/Mai1994.jpg 454w, http:\/\/www.mikomma.de\/pub\/wp-content\/uploads\/2024\/02\/Mai1994-300x221.jpg 300w\" sizes=\"auto, (max-width: 454px) 100vw, 454px\" \/><\/a><\/figure>\n<\/div>\n\n\n<p><br>DOROTHEA BORTH, VIOLONCELLO<br>KARL MICHAEL KOMMA, KLAVIER<\/p>\n\n\n\n<p><img loading=\"lazy\" decoding=\"async\" src=\"http:\/\/www.mikomma.de\/pub\/wp-content\/uploads\/2013\/07\/pdf.png\" alt=\"pdf\" width=\"22\" height=\"21\"> <a href=\"http:\/\/mikomma.de\/Mai1994.pdf\">Programm<\/a><\/p>\n\n<script>\nvar zbPregResult = '0';\n<\/script>\n","protected":false},"excerpt":{"rendered":"<p>\u00a0 Chorkonzert Sonntag, 01. Dezember 2019, 17:00 UhrN\u00fcrnberg, MeistersingerhalleHANS-SACHS-CHOR, N\u00fcrnberger SymphonikerJohannes Brahms Vier ernste Ges\u00e4nge, Orchesterfassung Karl Michael Komma 1981Johannes Brahms Ein deutsches Requiem op. 45 \u00a0 Tanz des Gro\u00dfen Friedens Sonntag 10.11.2019 &#8211; 17:00 Uhr bis ca. 19:00Fruchthalle KaiserslauternOrchester [&hellip;]<\/p>\n","protected":false},"author":6,"featured_media":0,"parent":0,"menu_order":20,"comment_status":"open","ping_status":"open","template":"","meta":{"footnotes":""},"class_list":["post-143","page","type-page","status-publish","hentry"],"_links":{"self":[{"href":"http:\/\/www.mikomma.de\/pub\/wp-json\/wp\/v2\/pages\/143","targetHints":{"allow":["GET"]}}],"collection":[{"href":"http:\/\/www.mikomma.de\/pub\/wp-json\/wp\/v2\/pages"}],"about":[{"href":"http:\/\/www.mikomma.de\/pub\/wp-json\/wp\/v2\/types\/page"}],"author":[{"embeddable":true,"href":"http:\/\/www.mikomma.de\/pub\/wp-json\/wp\/v2\/users\/6"}],"replies":[{"embeddable":true,"href":"http:\/\/www.mikomma.de\/pub\/wp-json\/wp\/v2\/comments?post=143"}],"version-history":[{"count":174,"href":"http:\/\/www.mikomma.de\/pub\/wp-json\/wp\/v2\/pages\/143\/revisions"}],"predecessor-version":[{"id":1600,"href":"http:\/\/www.mikomma.de\/pub\/wp-json\/wp\/v2\/pages\/143\/revisions\/1600"}],"wp:attachment":[{"href":"http:\/\/www.mikomma.de\/pub\/wp-json\/wp\/v2\/media?parent=143"}],"curies":[{"name":"wp","href":"https:\/\/api.w.org\/{rel}","templated":true}]}}