{"id":523,"date":"2013-07-08T20:36:56","date_gmt":"2013-07-08T18:36:56","guid":{"rendered":"http:\/\/www.mikomma.de\/pub\/?page_id=523"},"modified":"2020-05-22T23:39:36","modified_gmt":"2020-05-22T22:39:36","slug":"ton","status":"publish","type":"page","link":"http:\/\/www.mikomma.de\/pub\/media\/ton\/","title":{"rendered":"Ton"},"content":{"rendered":"\n<p><\/p>\n\n\n<h5>KMK auf YouTube<\/h5>\n<p>Links mit Angaben aus dem <a href=\"http:\/\/www.mikomma.de\/pub\/werk\/\">Werkverzeichnis<\/a> <\/p>\n<p><a href=\"https:\/\/www.youtube.com\/watch?v=gOMpe_fTr_c\">I. Konzert f\u00fcr Klavier und Orchester<\/a><br>1957 (25 Min.)<br>LP audite, MAS 51 013<br>CD CAD 800 880<br>CD BR 150 030<\/p>\n<p><a href=\"https:\/\/www.youtube.com\/watch?v=FVMY1s__dY8\">II. Konzert f\u00fcr Klavier und Orchester<\/a><br>1982 (25 Min.)<br>LP audite, FSM 43 406 aud<br>CD CAD 800 880<br>CD BR 150 030<\/p>\n<p><a href=\"https:\/\/www.youtube.com\/watch?v=DwB6KHycSZI&amp;list=OLAK5uy_lyg54GrruAGX1gmbmURDjD_9fQaffTvYM\">Abendphantasie<\/a><br>1993 (22 Min.)<br>CD BM 31.9219 <br>Toccatina Filarmonica<br>1995 (4 Min.)<\/p>\n<p><a href=\"https:\/\/www.youtube.com\/watch?v=DwB6KHycSZI&amp;list=OLAK5uy_lyg54GrruAGX1gmbmURDjD_9fQaffTvYM\">Metamorphosen<\/a><br>2003 (24 Min.)<br>CD BM 31.9219<\/p>\n<p><\/p>\n<hr>\n<p>Hier entsteht eine Mediathek mit KMK-Werken. Als Vorgeschmack k\u00f6nnen Sie sich <strong>&#8222;H\u00f6lderlin-Lieder&#8220;<\/strong> anh\u00f6ren (Adobe Flash erforderlich).<\/p>\n<h3><a name=\"Sonne\"><\/a>Warum , o sch\u00f6ne Sonne<\/h3>\n<pre><div class=\"zbPlayer\">Warum, o sch\u00f6ne Sonne, gen\u00fcgst du mir<br\/><embed width=\"500\" height=\"26\" wmode=\"transparent\" menu=\"false\" quality=\"high\" flashvars=\"loop=no&animation=yes&amp;playerID=zbPlayer&amp;initialvolume=200&amp;bg=E5E5E5&amp;leftbg=CCCCCC&amp;lefticon=333333&amp;voltrack=F2F2F2&amp;volslider=666666&amp;rightbg=B4B4B4&amp;rightbghover=999999&amp;righticon=333333&amp;righticonhover=FFFFFF&amp;loader=009900&amp;track=FFFFFF&amp;tracker=DDDDDD&amp;border=CCCCCC&amp;skip=666666&amp;text=333333&amp;titles=Warum%2C+o+sch%C3%B6ne+Sonne%2C+gen%C3%BCgst+du+mir&amp;encode=yes&amp;soundFile=aHR0cDovL3d3dy5taWtvbW1hLmRlL2ttay9zb25uZS5tcDM&amp;autostart=no\" type=\"application\/x-shockwave-flash\" class=\"zbPlayerFlash\" src=\"http:\/\/www.mikomma.de\/pub\/wp-content\/plugins\/zbplayer\/data\/player.swf\" id=\"zbPlayer\"\/><audio class=\"zbPlayerNative\" src=\"http:\/\/www.mikomma.de\/kmk\/sonne.mp3\" controls preload=\"metadata\"><\/audio><\/div>\n\nDu Bl\u00fcte meiner Bl\u00fcten! am Maitag nicht?\n\nWas wei\u00df ich h\u00f6hers denn?\n\nO da\u00df ich lieber w\u00e4re, wie Kinder sind!\n\nDa\u00df ich, wie Nachtigallen, ein sorglos Lied\n\nVon meiner Wonne s\u00e4nge!<\/pre>\n<h3><a name=\"Rebe\"><\/a>Wenn n\u00e4mlich der Rebe Saft<\/h3>\n<pre><div class=\"zbPlayer\">Wenn n\u00e4mlich der Rebe Saft,<br\/><embed width=\"500\" height=\"26\" wmode=\"transparent\" menu=\"false\" quality=\"high\" flashvars=\"loop=no&animation=yes&amp;playerID=zbPlayer&amp;initialvolume=200&amp;bg=E5E5E5&amp;leftbg=CCCCCC&amp;lefticon=333333&amp;voltrack=F2F2F2&amp;volslider=666666&amp;rightbg=B4B4B4&amp;rightbghover=999999&amp;righticon=333333&amp;righticonhover=FFFFFF&amp;loader=009900&amp;track=FFFFFF&amp;tracker=DDDDDD&amp;border=CCCCCC&amp;skip=666666&amp;text=333333&amp;titles=Wenn+n%C3%A4mlich+der+Rebe+Saft%2C&amp;encode=yes&amp;soundFile=aHR0cDovL3d3dy5taWtvbW1hLmRlL2ttay9yZWJlLm1wMw&amp;autostart=no\" type=\"application\/x-shockwave-flash\" class=\"zbPlayerFlash\" src=\"http:\/\/www.mikomma.de\/pub\/wp-content\/plugins\/zbplayer\/data\/player.swf\" id=\"zbPlayer\"\/><audio class=\"zbPlayerNative\" src=\"http:\/\/www.mikomma.de\/kmk\/rebe.mp3\" controls preload=\"metadata\"><\/audio><\/div>\n\nDas milde Gew\u00e4chs suchet Schatten\n\nUnd die Traube w\u00e4chset unter dem k\u00fchlen\n\nGew\u00f6lbe der Bl\u00e4tter,\n\nDen M\u00e4nnern eine St\u00e4rke,\n\nWohl aber duftend den Jungfraun,\n\nUnd Bienen,\n\nWenn sie, vom Wohlgeruche\n\nDes Fr\u00fchlings trunken, der Geist\n\nDer Sonne r\u00fchret, irren ihr nach\n\nDie Getriebenen, wenn aber\n\nEin Strahl brennt, kehren sie \n\nMit Gesumm, vielahnend\n\ndarob\n\ndie Eiche rauschet,<\/pre>\n<h3><a name=\"Weinberg\"><\/a>Wenn \u00fcber dem Weinberg<\/h3>\n<pre><div class=\"zbPlayer\">Wenn \u00fcber dem Weinberg es flammt<br\/><embed width=\"500\" height=\"26\" wmode=\"transparent\" menu=\"false\" quality=\"high\" flashvars=\"loop=no&animation=yes&amp;playerID=zbPlayer&amp;initialvolume=200&amp;bg=E5E5E5&amp;leftbg=CCCCCC&amp;lefticon=333333&amp;voltrack=F2F2F2&amp;volslider=666666&amp;rightbg=B4B4B4&amp;rightbghover=999999&amp;righticon=333333&amp;righticonhover=FFFFFF&amp;loader=009900&amp;track=FFFFFF&amp;tracker=DDDDDD&amp;border=CCCCCC&amp;skip=666666&amp;text=333333&amp;titles=Wenn+%C3%BCber+dem+Weinberg+es+flammt&amp;encode=yes&amp;soundFile=aHR0cDovL3d3dy5taWtvbW1hLmRlL2ttay93ZWluYmVyZy5tcDM&amp;autostart=no\" type=\"application\/x-shockwave-flash\" class=\"zbPlayerFlash\" src=\"http:\/\/www.mikomma.de\/pub\/wp-content\/plugins\/zbplayer\/data\/player.swf\" id=\"zbPlayer\"\/><audio class=\"zbPlayerNative\" src=\"http:\/\/www.mikomma.de\/kmk\/weinberg.mp3\" controls preload=\"metadata\"><\/audio><\/div>\n\nUnd schwarz wie Kohlen\n\nAussiehet um die Zeit\n\nDes Herbstes der Weinberg,\n\nWeil die R\u00f6hren des Lebens feuriger atmen\n\nIn den Schatten des Weinstocks. Aber\n\nSch\u00f6n ist's, die Seele \n\nZu entfalten und das kurze Leben.<\/pre>\n<h3><a name=\"Schwester\"><\/a>An meine Schwester<\/h3>\n<pre><div class=\"zbPlayer\">\u00dcbernacht' ich im Dorf <br\/><embed width=\"500\" height=\"26\" wmode=\"transparent\" menu=\"false\" quality=\"high\" flashvars=\"loop=no&animation=yes&amp;playerID=zbPlayer&amp;initialvolume=200&amp;bg=E5E5E5&amp;leftbg=CCCCCC&amp;lefticon=333333&amp;voltrack=F2F2F2&amp;volslider=666666&amp;rightbg=B4B4B4&amp;rightbghover=999999&amp;righticon=333333&amp;righticonhover=FFFFFF&amp;loader=009900&amp;track=FFFFFF&amp;tracker=DDDDDD&amp;border=CCCCCC&amp;skip=666666&amp;text=333333&amp;titles=%C3%9Cbernacht%27+ich+im+Dorf+&amp;encode=yes&amp;soundFile=aHR0cDovL3d3dy5taWtvbW1hLmRlL2ttay9zY2h3ZXMubXAzA&amp;autostart=no\" type=\"application\/x-shockwave-flash\" class=\"zbPlayerFlash\" src=\"http:\/\/www.mikomma.de\/pub\/wp-content\/plugins\/zbplayer\/data\/player.swf\" id=\"zbPlayer\"\/><audio class=\"zbPlayerNative\" src=\"http:\/\/www.mikomma.de\/kmk\/schwes.mp3\" controls preload=\"metadata\"><\/audio><\/div>\n\nAlbluft\n\nStra\u00dfe hinunter\n\nHaus Wiedersehn. Sonne der Heimat\n\nKahnfahrt,\n\nFreunde M\u00e4nner und Mutter,\n\nSchlummer.<\/pre>\n<h3><a name=\"Rossen\"><\/a>Zu Rossen<\/h3>\n<pre><div class=\"zbPlayer\">Zu Rossen, ewige Lust<br\/><embed width=\"500\" height=\"26\" wmode=\"transparent\" menu=\"false\" quality=\"high\" flashvars=\"loop=no&animation=yes&amp;playerID=zbPlayer&amp;initialvolume=200&amp;bg=E5E5E5&amp;leftbg=CCCCCC&amp;lefticon=333333&amp;voltrack=F2F2F2&amp;volslider=666666&amp;rightbg=B4B4B4&amp;rightbghover=999999&amp;righticon=333333&amp;righticonhover=FFFFFF&amp;loader=009900&amp;track=FFFFFF&amp;tracker=DDDDDD&amp;border=CCCCCC&amp;skip=666666&amp;text=333333&amp;titles=Zu+Rossen%2C+ewige+Lust&amp;encode=yes&amp;soundFile=aHR0cDovL3d3dy5taWtvbW1hLmRlL2ttay9yb3NzZW4ubXAzA&amp;autostart=no\" type=\"application\/x-shockwave-flash\" class=\"zbPlayerFlash\" src=\"http:\/\/www.mikomma.de\/pub\/wp-content\/plugins\/zbplayer\/data\/player.swf\" id=\"zbPlayer\"\/><audio class=\"zbPlayerNative\" src=\"http:\/\/www.mikomma.de\/kmk\/rossen.mp3\" controls preload=\"metadata\"><\/audio><\/div>\n\nZu leben, wie wenn Nachtigallen\n\nS\u00fcssen Ton der Heimat oder die Schneegans\n\nDen Ton anstimmet \u00fcber\n\nDem Erdkreis, sehend,<\/pre>\n<p><a href=\"http:\/\/www.mikomma.de\/kmk\/kmk.htm\" target=\"_blank\" rel=\"noopener noreferrer\">Siehe auch<\/a><\/p>\n<p>\u201eEs gelten die Vorschriften des deutschen Urheberrechts in seiner jeweiligen Fassung. Alle Rechte der Urheber an den gesch\u00fctzten Werken, die auf der Website enthalten sind, bleiben vorbehalten. Ohne ausdr\u00fcckliche Genehmigung durch die GEMA darf eine weitergehende Nutzung der Werke, \u00fcber das Anh\u00f6ren der eingestellten Musikwerke hinaus, nicht erfolgen.&#8220;<\/p>\n<h2>&nbsp;<\/h2>\n<script>\nvar zbPregResult = '0';\n<\/script>\n","protected":false},"excerpt":{"rendered":"<p>KMK auf YouTube Links mit Angaben aus dem Werkverzeichnis I. Konzert f\u00fcr Klavier und Orchester1957 (25 Min.)LP audite, MAS 51 013CD CAD 800 880CD BR 150 030 II. Konzert f\u00fcr Klavier und Orchester1982 (25 Min.)LP audite, FSM 43 406 audCD [&hellip;]<\/p>\n","protected":false},"author":6,"featured_media":0,"parent":918,"menu_order":0,"comment_status":"open","ping_status":"closed","template":"","meta":{"footnotes":""},"class_list":["post-523","page","type-page","status-publish","hentry"],"_links":{"self":[{"href":"http:\/\/www.mikomma.de\/pub\/wp-json\/wp\/v2\/pages\/523","targetHints":{"allow":["GET"]}}],"collection":[{"href":"http:\/\/www.mikomma.de\/pub\/wp-json\/wp\/v2\/pages"}],"about":[{"href":"http:\/\/www.mikomma.de\/pub\/wp-json\/wp\/v2\/types\/page"}],"author":[{"embeddable":true,"href":"http:\/\/www.mikomma.de\/pub\/wp-json\/wp\/v2\/users\/6"}],"replies":[{"embeddable":true,"href":"http:\/\/www.mikomma.de\/pub\/wp-json\/wp\/v2\/comments?post=523"}],"version-history":[{"count":30,"href":"http:\/\/www.mikomma.de\/pub\/wp-json\/wp\/v2\/pages\/523\/revisions"}],"predecessor-version":[{"id":1524,"href":"http:\/\/www.mikomma.de\/pub\/wp-json\/wp\/v2\/pages\/523\/revisions\/1524"}],"up":[{"embeddable":true,"href":"http:\/\/www.mikomma.de\/pub\/wp-json\/wp\/v2\/pages\/918"}],"wp:attachment":[{"href":"http:\/\/www.mikomma.de\/pub\/wp-json\/wp\/v2\/media?parent=523"}],"curies":[{"name":"wp","href":"https:\/\/api.w.org\/{rel}","templated":true}]}}