{"id":587,"date":"2013-07-17T15:37:35","date_gmt":"2013-07-17T13:37:35","guid":{"rendered":"http:\/\/www.mikomma.de\/pub\/?page_id=587"},"modified":"2013-07-17T15:40:06","modified_gmt":"2013-07-17T13:40:06","slug":"orgel","status":"publish","type":"page","link":"http:\/\/www.mikomma.de\/pub\/orgel\/","title":{"rendered":"Orgel"},"content":{"rendered":"<p><strong>Suchergebnis aus dem Katalog der Deutschen Nationalbibliothek<\/strong><\/p>\n<p>Ihre Suchanfrage war: [komma karl michael orgel, Treffer 1-19 von insgesamt 19]<\/p>\n<p>&#8212;&#8212;&#8212;&#8212;&#8212;<\/p>\n<p>1. Datensatz:<br \/>\nLink zu diesem Datensatz: http:\/\/d-nb.info\/1010673920<br \/>\nTitel: Psalm 150 [Musikdruck] : f\u00fcr zwei Soprane und Orgel \/ Karl Michael Komma<br \/>\nKomponist(en): Komma, Karl Michael<br \/>\nEinheitssachtitel: Psalm 150, 2001<br \/>\nAusgabe: [Partitur]<br \/>\nVerlag\/Firma: Remscheid : Waldkauz-Verlag<br \/>\nJahr: 2010<br \/>\nUmfang: 7 S. ; 30 cm<br \/>\nAnmerkungen: Text lat.<br \/>\nBestellnummer(n): WK 8516 : EUR 11.00<br \/>\nSachgruppe(n): 782.25 Geistliche Lieder<br \/>\n&#8212;&#8212;&#8212;&#8212;&#8212;<\/p>\n<p>2. Datensatz:<br \/>\nLink zu diesem Datensatz: http:\/\/d-nb.info\/359380204<br \/>\nTitel: Perlen sudetendeutscher Musik unserer Zeit [Tontr\u00e4ger] : Beitr\u00e4ge der Klasse der K\u00fcnste<br \/>\nund Kunstwissenschaften der Sudetendeutschen Akademie der Wissenschaften und K\u00fcnste<br \/>\nBeteiligt: Sudetendeutsche Akademie der Wissenschaften und K\u00fcnste<br \/>\nVerlag\/Firma: Regensburg : Georg Luft ; M\u00fcnchen : Sudetendeutsche Akademie der<br \/>\nWissenschaften und K\u00fcnste<br \/>\nJahr: [2007?]<br \/>\nUmfang: 1 CD ; 12 cm + Beih.<br \/>\nInhalt: Enth.: Aus den Klavierst\u00fccken nach slawischen Volksliedern: B\u00f6hmisches Tanzlied.<br \/>\nM\u00e4hrisches Hochzeitslied. Frohen Muts. Nitras Glocken. Ruthenisches Tanzlied. L\u00e4ndler \/ Fidelio Fritz<br \/>\nFinke. &#8211; Scherzo in a-Moll \/ Theodor Veidl. &#8211; Nocturno 1 (2002). Margarethen-Walzer \/ Karl Michael<br \/>\nKomma. &#8211; Drei Lieder aus &#8222;Kinderreime der Welt&#8220;: Das Sch\u00e4ferlein. Das B\u00f6cklein. Klein Jowo \/ Peter<br \/>\nBr\u00f6mse. &#8211; Solis iubar \/ Marliese Zeiner. &#8211; Kolovrat \/ Markus Lehmann. &#8211; Sonate pour les jeunes \/ Gerhard<br \/>\nDorda. &#8211; Nachtst\u00fcck, LWV 648. Andante, LWV 653. Romanze, LWV 661 \/ Rudolf Leberl. &#8211; Sybillenbader<br \/>\nFanfare. Chorlieder: Singe Orpheus. Zwei blinde Musikanten. Vier Strophen Binsenweisheit \/ Widmar<br \/>\nHader. &#8211; Egerer Stadtth\u00fcrmerfanfare \/ Armin Rosin. &#8211; Variationen \u00fcber &#8222;Jubilemus omnes unanimiter&#8220; \/<br \/>\nDietmar Gr\u00e4f. &#8211; Pr\u00e4ludium und Fuge in cis-Moll (2003) f\u00fcr Orgel \/ Oskar Sigmund. &#8211; Adagio \/ Gernot Maria<br \/>\nGrohs. &#8211; Toccatina \/ Theodor Hlouschek.<br \/>\nInterpret(en): u.a. Hilberath, Veronika [Gsg.]. Fulda, Ilsabe [Kl]. Zartner, Rose Marie [Kl]. Rosin,<br \/>\nArmin [Alphorn Pos]. Gr\u00e4f, Dietmar [Org]. Wimmer, Heinrich [Org]; S\u00fcdm\u00e4hrische Sing- und Spielschar<br \/>\n&lt;Stuttgart&gt;<br \/>\nAnmerkungen: Rose Marie Zartner, Klavier. Veronika Hilberath, Gesang. Ilsabe Fulda, Klavier.<br \/>\nS\u00fcdm\u00e4hrische Sing- und Spielschar Stuttgart. Armin Rosin, Alphorn, Posaune. Dietmar Gr\u00e4f, Orgel.<br \/>\nHeinrich Wimmer, Orgel. &#8211; Auftragsprod. der Sudetendeutschen Akademie der Wissenschaften und<br \/>\nK\u00fcnste.<br \/>\nBestellnummer(n): Live is Live LLCD 71013<br \/>\nSachgruppe(n): 780.9 Sammlungen und Sammelwerke aus verschiedenen Bereichen,<br \/>\nGro\u00dfausgaben<br \/>\n&#8212;&#8212;&#8212;&#8212;&#8212;<\/p>\n<p>3. Datensatz:<br \/>\nLink zu diesem Datensatz: http:\/\/d-nb.info\/35883838X<br \/>\nTitel: Meditation &#8222;Hommage \u00e0 Sachsen&#8220; : Orgel solo ; 1991 \/ Karl Michael Komma<br \/>\nKomponist(en): Komma, Karl Michael<br \/>\nEinheitssachtitel: Meditation &#8222;Hommage \u00e0 Sachsen&#8220;<br \/>\nVerlag\/Firma: Remscheid : Waldkauz-Verlag<br \/>\nJahr: c 2004<br \/>\nUmfang: 13 S. ; 30 cm<br \/>\nBestellnummer(n): WK 8509 : EUR 12.00<br \/>\nSachgruppe(n): 786.5 Orgel<br \/>\n&#8212;&#8212;&#8212;&#8212;&#8212;<\/p>\n<p>4. Datensatz:<br \/>\nLink zu diesem Datensatz: http:\/\/d-nb.info\/358391695<br \/>\nTitel: Choralpartita &#8222;O Traurigkeit, o Herzeleid&#8220; : f\u00fcr Orgel solo ; 2001 \/ Karl Michael Komma<br \/>\nKomponist(en): Komma, Karl Michael<br \/>\nEinheitssachtitel: Choralpartita &#8222;O Traurigkeit, o Herzeleid&#8220;<br \/>\nVerlag\/Firma: Remscheid : Waldkauz-Verlag<br \/>\nJahr: c 2002<br \/>\nUmfang: 22 S. ; 30 cm<br \/>\nBestellnummer(n): WK 8505 : EUR 12.00<br \/>\nSachgruppe(n): 03a Werke f\u00fcr Einzelinstrumente, Kammermusik<br \/>\n&#8212;&#8212;&#8212;&#8212;&#8212;<\/p>\n<p>5. Datensatz:<br \/>\nLink zu diesem Datensatz: http:\/\/d-nb.info\/351155023<br \/>\nTitel: Herr ist Jesus Christus : Motette f\u00fcr vier- bis achtstimmigen gemischten Chor, 2<br \/>\nTrompeten, 2 Posaunen oder Orgel ; 1996 \/ Karl Michael Komma<br \/>\nKomponist(en): Komma, Karl Michael<br \/>\nAusgabe: [Partitur]<br \/>\nVerlag\/Firma: Stuttgart : Carus-Verlag<br \/>\nJahr: c 1996<br \/>\nUmfang: 12 S. ; 30 cm<br \/>\nBestellnummer(n): CV 7306 : DM 5.80<br \/>\nSachgruppe(n): 02b Chormusik<br \/>\n&#8212;&#8212;&#8212;&#8212;&#8212;<\/p>\n<p>6. Datensatz:<br \/>\nLink zu diesem Datensatz: http:\/\/d-nb.info\/350730865<br \/>\nTitel: Die Jacobsmuschel : Partita f\u00fcr Orgel = La coquille St. Jacques \/ Karl Michael Komma<br \/>\nKomponist(en): Komma, Karl Michael<br \/>\nVerlag\/Firma: Leutkirch : Pro Organo<br \/>\nJahr: c 1992<br \/>\nUmfang: 16 S. : Ill. ; 30 cm<br \/>\nBestellnummer(n): 1030 : DM 21.50<br \/>\nSachgruppe(n): 03a Werke f\u00fcr Einzelinstrumente, Kammermusik<br \/>\n&#8212;&#8212;&#8212;&#8212;&#8212;<\/p>\n<p>7. Datensatz:<br \/>\nLink zu diesem Datensatz: http:\/\/d-nb.info\/350671648<br \/>\nTitel: Schubert-Hymnus : f\u00fcr Orgel = Hymne \u00e0 Schubert \/ Karl Michael Komma<br \/>\nKomponist(en): Komma, Karl Michael<br \/>\nAusgabe: 1. Aufl.<br \/>\nVerlag\/Firma: Leutkirch : Pro Organo<br \/>\nJahr: c 1991<br \/>\nUmfang: 8 S. : Ill. ; 30 cm<br \/>\nBestellnummer(n): 1027 : DM 13.80<br \/>\nSachgruppe(n): 03a Werke f\u00fcr Einzelinstrumente, Kammermusik<br \/>\n&#8212;&#8212;&#8212;&#8212;&#8212;<\/p>\n<p>8. Datensatz:<br \/>\nLink zu diesem Datensatz: http:\/\/d-nb.info\/350500584<br \/>\nTitel: Marianische Antiphon &#8222;Salve regina&#8220; : f\u00fcr Orgel<br \/>\nKomponist(en): Komma, Karl Michael<br \/>\nEinheitssachtitel: Salve regina (1987)<br \/>\nAusgabe: 1. Aufl.<br \/>\nVerlag\/Firma: Leutkirch : Pro Organo<br \/>\nJahr: c 1988<br \/>\nUmfang: 8 S. : Ill. ; 31 cm<br \/>\nBestellnummer(n): 1021 : DM 9.80<br \/>\nSachgruppe(n): 03a Werke f\u00fcr Einzelinstrumente, Kammermusik<br \/>\n&#8212;&#8212;&#8212;&#8212;&#8212;<\/p>\n<p>9. Datensatz:<br \/>\nLink zu diesem Datensatz: http:\/\/d-nb.info\/350323305<br \/>\nTitel: Glaube &#8211; Hoffnung &#8211; Liebe : 3 Meditationen f\u00fcr Orgel<br \/>\nKomponist(en): Komma, Karl Michael<br \/>\nVerlag\/Firma: Leutkirch : Pro Organo<br \/>\nJahr: c 1987<br \/>\nUmfang: 16 S. ; 30 cm<br \/>\nBestellnummer(n): 1014 : DM 17.60<br \/>\nSachgruppe(n): 03a Werke f\u00fcr Einzelinstrumente, Kammermusik<br \/>\n&#8212;&#8212;&#8212;&#8212;&#8212;<\/p>\n<p>10. Datensatz:<br \/>\nLink zu diesem Datensatz: http:\/\/d-nb.info\/350284121<br \/>\nTitel: Sebaldus-Legenden : f\u00fcr Orgel<br \/>\nKomponist(en): Komma, Karl Michael<br \/>\nVerlag\/Firma: Leutkirch : Pro Organo<br \/>\nJahr: c 1987<br \/>\nUmfang: 24 S. ; 30 cm<br \/>\nBestellnummer(n): 1013 : DM 18.90<br \/>\nSachgruppe(n): 03a Werke f\u00fcr Einzelinstrumente, Kammermusik<br \/>\n&#8212;&#8212;&#8212;&#8212;&#8212;<\/p>\n<p>11. Datensatz:<br \/>\nLink zu diesem Datensatz: http:\/\/d-nb.info\/350305307<br \/>\nTitel: Choralsonate f\u00fcr Trompete oder Posaune und Orgel<br \/>\nKomponist(en): Komma, Karl Michael<br \/>\nEinheitssachtitel: Choralsonaten, Trp Org (1985)<br \/>\nVerlag\/Firma: Leutkirch : Pro Organo<br \/>\nJahr: c 1986<br \/>\nUmfang: 20 S. + 2 St. (je 2 S.) ; 31 cm<br \/>\nBestellnummer(n): 2001 : DM 19.20<br \/>\nSachgruppe(n): 03a Werke f\u00fcr Einzelinstrumente, Kammermusik<br \/>\n&#8212;&#8212;&#8212;&#8212;&#8212;<\/p>\n<p>12. Datensatz:<br \/>\nLink zu diesem Datensatz: http:\/\/d-nb.info\/350219133<br \/>\nTitel: Quaerens me : Fantasia f\u00fcr Orgel \u00fcber e. Motette von Orlando di Lasso<br \/>\nKomponist(en): Komma, Karl Michael<br \/>\nVerlag\/Firma: Wolfenb\u00fcttel ; Z\u00fcrich : Karl Heinrich M\u00f6seler<br \/>\nJahr: [1986]<br \/>\nUmfang: 15 S. ; 23 cm qu<br \/>\nBestellnummer(n): M 19478 : DM 8.00<br \/>\nSachgruppe(n): 03a Werke f\u00fcr Einzelinstrumente, Kammermusik<br \/>\n&#8212;&#8212;&#8212;&#8212;&#8212;<\/p>\n<p>13. Datensatz:<br \/>\nLink zu diesem Datensatz: http:\/\/d-nb.info\/354193899<br \/>\nTitel: Passacaglia f\u00fcr Orgel : Christus, der uns selig macht \/ Karl Michael Komma<br \/>\nKomponist(en): Komma, Karl Michael<br \/>\nEinheitssachtitel: Passacaglien, Org (1978)<br \/>\nVerlag\/Firma: Wolfenb\u00fcttel ; Z\u00fcrich : Karl Heinrich M\u00f6seler<br \/>\nJahr: 1979 c<br \/>\nUmfang: 8 S. ; 23 cm qu<br \/>\nBestellnummer(n): M 19452 : DM 5.00<br \/>\nSachgruppe(n): 03a Werke f\u00fcr Einzelinstrumente, Kammermusik<br \/>\n&#8212;&#8212;&#8212;&#8212;&#8212;<\/p>\n<p>14. Datensatz:<br \/>\nLink zu diesem Datensatz: http:\/\/d-nb.info\/995610932<br \/>\nTitel: Te Deum<br \/>\nKomponist(en): Komma, Karl Michael<br \/>\nVerlag\/Firma: [S.l.] : Edition Corona Rolf Budde<br \/>\nJahr: [1979?]<br \/>\nUmfang: 29 &#8211; 35 cm<br \/>\nAnmerkungen: F\u00fcr Orgel Solo.<br \/>\n&#8212;&#8212;&#8212;&#8212;&#8212;<\/p>\n<p>15. Datensatz:<br \/>\nLink zu diesem Datensatz: http:\/\/d-nb.info\/354272241<br \/>\nTitel: Te Deum : f\u00fcr Orgel solo \/ Karl Michael Komma<br \/>\nKomponist(en): Komma, Karl Michael<br \/>\nEinheitssachtitel: Te Deum (1967)<br \/>\nVerlag\/Firma: Berlin : Edition Corona Budde<br \/>\nJahr: c 1979<br \/>\nUmfang: 15 S. ; 23 cm qu<br \/>\nGesamttitel: Dokumentation ostdeutscher Komponisten<br \/>\nBestellnummer(n): ECo 168 : DM 20.00<br \/>\nSachgruppe(n): 03a Werke f\u00fcr Einzelinstrumente, Kammermusik<br \/>\n&#8212;&#8212;&#8212;&#8212;&#8212;<\/p>\n<p>16. Datensatz:<br \/>\nLink zu diesem Datensatz: http:\/\/d-nb.info\/354140507<br \/>\nTitel: Magnificat 1965 : f\u00fcr Sopran, Fl\u00f6te, Oboe, Viola, Violoncello, Kontrabass, Schlagzeug oder<br \/>\nSopran, Orgel u. Schlagzeug \/ Karl Michael Komma<br \/>\nKomponist(en): Komma, Karl Michael<br \/>\nEinheitssachtitel: Magnificat (1965)<br \/>\nVerlag\/Firma: Neuhausen (Filder) : H\u00e4nssler<br \/>\nJahr: 1978 c<br \/>\nGesamttitel: Die Kantate<br \/>\nInhalt: Partitur: 24 S., 30 cm; HE 10292-01 : DM 19.80. &#8211; Stimmen: 7 St., 30 cm; HE 10292-11 &#8211;<br \/>\n13 (Streicher); HE 10292-21 &#8211; 22 (Bl\u00e4ser); HE 10292-41 &#8211; 42 (Schlagwerk) : DM 15.70.<br \/>\nSachgruppe(n): 02a Werke f\u00fcr Einzelstimmen<br \/>\n&#8212;&#8212;&#8212;&#8212;&#8212;<\/p>\n<p>17. Datensatz:<br \/>\nLink zu diesem Datensatz: http:\/\/d-nb.info\/997452021<br \/>\nTitel: Ave Regina coelorum : Marianisches Antiphon<br \/>\nKomponist(en): Komma, Karl Michael<br \/>\nVerlag\/Firma: [S.l.] : Alfred Coppenrath<br \/>\nJahr: [1974?]<br \/>\nUmfang: 29 &#8211; 35 cm<br \/>\nAnmerkungen: F\u00fcr Orgel.<br \/>\n&#8212;&#8212;&#8212;&#8212;&#8212;<\/p>\n<p>18. Datensatz:<br \/>\nLink zu diesem Datensatz: http:\/\/d-nb.info\/997452048<br \/>\nTitel: Christ ist erstanden : Choraltriptychon<br \/>\nKomponist(en): Komma, Karl Michael<br \/>\nVerlag\/Firma: [S.l.] : Alfred Coppenrath<br \/>\nJahr: [1974?]<br \/>\nUmfang: 29 &#8211; 35 cm<br \/>\nAnmerkungen: F\u00fcr Orgel.<br \/>\n&#8212;&#8212;&#8212;&#8212;&#8212;<\/p>\n<p>19. Datensatz:<br \/>\nLink zu diesem Datensatz: http:\/\/d-nb.info\/359787592<br \/>\nTitel: Die M\u00fchleisen-Orgel 2000 von St. Karl Borrom\u00e4us in Winnenden<br \/>\nKomponist(en): Mozart, Wolfgang Amadeus ; Komma, Karl Michael<br \/>\nVerlag\/Firma: Bietigheim-Bissingen : Rudolf Bayer<br \/>\nUmfang: 1 CD ; 12 cm + Beih.<br \/>\nFortsetzungsvermerk: Das Orgelportrait<br \/>\nInterpret(en): Komma, Karl Michael<br \/>\nBestellnummer(n): Da Camera Magna (LC 00507) DaCa 77117<br \/>\nEAN: 4011563771173<\/p>\n\n<script>\nvar zbPregResult = '0';\n<\/script>\n","protected":false},"excerpt":{"rendered":"<p>Suchergebnis aus dem Katalog der Deutschen Nationalbibliothek Ihre Suchanfrage war: [komma karl michael orgel, Treffer 1-19 von insgesamt 19] &#8212;&#8212;&#8212;&#8212;&#8212; 1. Datensatz: Link zu diesem Datensatz: http:\/\/d-nb.info\/1010673920 Titel: Psalm 150 [Musikdruck] : f\u00fcr zwei Soprane und Orgel \/ Karl Michael [&hellip;]<\/p>\n","protected":false},"author":6,"featured_media":0,"parent":0,"menu_order":0,"comment_status":"open","ping_status":"open","template":"","meta":{"footnotes":""},"class_list":["post-587","page","type-page","status-publish","hentry"],"_links":{"self":[{"href":"http:\/\/www.mikomma.de\/pub\/wp-json\/wp\/v2\/pages\/587","targetHints":{"allow":["GET"]}}],"collection":[{"href":"http:\/\/www.mikomma.de\/pub\/wp-json\/wp\/v2\/pages"}],"about":[{"href":"http:\/\/www.mikomma.de\/pub\/wp-json\/wp\/v2\/types\/page"}],"author":[{"embeddable":true,"href":"http:\/\/www.mikomma.de\/pub\/wp-json\/wp\/v2\/users\/6"}],"replies":[{"embeddable":true,"href":"http:\/\/www.mikomma.de\/pub\/wp-json\/wp\/v2\/comments?post=587"}],"version-history":[{"count":1,"href":"http:\/\/www.mikomma.de\/pub\/wp-json\/wp\/v2\/pages\/587\/revisions"}],"predecessor-version":[{"id":589,"href":"http:\/\/www.mikomma.de\/pub\/wp-json\/wp\/v2\/pages\/587\/revisions\/589"}],"wp:attachment":[{"href":"http:\/\/www.mikomma.de\/pub\/wp-json\/wp\/v2\/media?parent=587"}],"curies":[{"name":"wp","href":"https:\/\/api.w.org\/{rel}","templated":true}]}}