{"id":590,"date":"2013-07-17T15:47:33","date_gmt":"2013-07-17T13:47:33","guid":{"rendered":"http:\/\/www.mikomma.de\/pub\/?page_id=590"},"modified":"2013-07-17T15:47:33","modified_gmt":"2013-07-17T13:47:33","slug":"klavier","status":"publish","type":"page","link":"http:\/\/www.mikomma.de\/pub\/klavier\/","title":{"rendered":"Klavier"},"content":{"rendered":"<p><strong>Suchergebnis aus dem Katalog der Deutschen Nationalbibliothek<\/strong><\/p>\n<p>Ihre Suchanfrage war: [karl michael komma klavier, Treffer 1-17 von insgesamt 17]<\/p>\n<p>&#8212;&#8212;&#8212;&#8212;&#8212;<\/p>\n<p>1. Datensatz: \u00a0\u00a0\u00a0\u00a0 Link zu diesem Datensatz: <a href=\"http:\/\/d-nb.info\/994689268\">http:\/\/d-nb.info\/994689268<\/a> \u00a0\u00a0\u00a0\u00a0 Titel: Drei Lieder nach Gedichten von Josef M\u00fchlberger [Musikdruck] : f\u00fcr Bariton und Klavier ; (1983) ; (mit einer transponierten Fassung f\u00fcr Tenor und Klavier) [2008] \/ Karl Michael Komma \u00a0\u00a0\u00a0\u00a0 Komponist(en): Komma, Karl Michael \u00a0\u00a0\u00a0\u00a0 Einheitssachtitel: Lieder nach Gedichten von Josef M\u00fchlberger \u00a0\u00a0\u00a0\u00a0 Verlag\/Firma: Frankfurt (Main) : Laurentius-Musikverlag \u00a0\u00a0\u00a0\u00a0 Jahr: 2009 \u00a0\u00a0\u00a0\u00a0 Umfang: 15 S. ; 30 cm \u00a0\u00a0\u00a0\u00a0 Bestellnummer(n): LMV 139 (Pr. nicht mitget.) \u00a0\u00a0\u00a0\u00a0 Sachgruppe(n): 783.1 Lieder \u00a0&#8212;&#8212;&#8212;&#8212;&#8212;<\/p>\n<p>2. Datensatz: \u00a0\u00a0\u00a0\u00a0 Link zu diesem Datensatz: <a href=\"http:\/\/d-nb.info\/359430007\">http:\/\/d-nb.info\/359430007<\/a> \u00a0\u00a0\u00a0\u00a0 Titel: Ausgew\u00e4hlte Lieder [Tontr\u00e4ger] \/ Max Reger \u00a0\u00a0\u00a0\u00a0 Komponist(en): Reger, Max \u00a0\u00a0\u00a0\u00a0 Einheitssachtitel: Werke, Singst. Kl \/ Ausw. \u00a0\u00a0\u00a0\u00a0 Verlag\/Firma: Bietigheim-Bissingen : Rudolf Bayer \u00a0\u00a0\u00a0\u00a0 Jahr: [2007?] \u00a0\u00a0\u00a0\u00a0 Umfang: 1 CD : stereo, DDD ; 12 cm + Beih. \u00a0\u00a0\u00a0\u00a0 Inhalt: Enth.: Sechs Lieder op. 4 [Einheitssacht.: Lieder, op. 4]. Dein Auge; Der Himmel hat eine Tr\u00e4ne geweint, aus Sechs Lieder op. 35 [Einheitssacht.: Lieder, op. 35 \/ Ausw.]. Du meines Herzens Kr\u00f6nelein; Schlecht&#8216; Wetter; Der verliebte J\u00e4ger; Mein Sch\u00e4tzelein; Maiennacht; Gl\u00fcck; Wenn alle Welt; In einem Roseng\u00e4rtelein; Es bl\u00fcht ein Bl\u00fcmlein; Minnelied, aus Schlichte Weisen op. 76 [Einheitssacht.: Schlichte Weisen \/ Ausw.]. Zwei geistliche Lieder op. 105 [Einheitssacht.: Geistliche Lieder, op. 105]. Zw\u00f6lf geistliche Lieder op. 137 [Einheitssacht.: Geistliche Lieder, op. 137]. Der Maien ist gestorben [Einheitssacht.: Der Maien ist gestorben]. \u00a0\u00a0\u00a0\u00a0 Interpret(en): Pfeiffer, Thomas [Bar]. Komma, Karl Michael [Kl] \u00a0\u00a0\u00a0\u00a0 Anmerkungen: Thomas Pfeiffer, Bariton. Karl Michael Komma, Klavier. &#8211; Aufn.: Wertheim (Main), Kloster Bronnbach, Bernhardsaal, 17. &#8211; 21. September 2001. \u00a0\u00a0\u00a0\u00a0 Bestellnummer(n): Bayer Records (LC 08498) 100 350 \u00a0\u00a0\u00a0\u00a0 EAN: 4011563103509 \u00a0\u00a0\u00a0\u00a0 Sachgruppe(n): 783.1 Lieder \u00a0&#8212;&#8212;&#8212;&#8212;&#8212;<\/p>\n<p>3. Datensatz: \u00a0\u00a0\u00a0\u00a0 Link zu diesem Datensatz: <a href=\"http:\/\/d-nb.info\/359380204\">http:\/\/d-nb.info\/359380204<\/a> \u00a0\u00a0\u00a0\u00a0 Titel: Perlen sudetendeutscher Musik unserer Zeit [Tontr\u00e4ger] : Beitr\u00e4ge der Klasse der K\u00fcnste und Kunstwissenschaften der Sudetendeutschen Akademie der Wissenschaften und K\u00fcnste \u00a0\u00a0\u00a0\u00a0 Beteiligt: Sudetendeutsche Akademie der Wissenschaften und K\u00fcnste \u00a0\u00a0\u00a0\u00a0 Verlag\/Firma: Regensburg : Georg Luft ; M\u00fcnchen : Sudetendeutsche Akademie der Wissenschaften und K\u00fcnste \u00a0\u00a0\u00a0\u00a0 Jahr: [2007?] \u00a0\u00a0\u00a0\u00a0 Umfang: 1 CD ; 12 cm + Beih. \u00a0\u00a0\u00a0\u00a0 Inhalt: Enth.: Aus den Klavierst\u00fccken nach slawischen Volksliedern: B\u00f6hmisches Tanzlied. M\u00e4hrisches Hochzeitslied. Frohen Muts. Nitras Glocken. Ruthenisches Tanzlied. L\u00e4ndler \/ Fidelio Fritz Finke. &#8211; Scherzo in a-Moll \/ Theodor Veidl. &#8211; Nocturno 1 (2002). Margarethen-Walzer \/ Karl Michael Komma. &#8211; Drei Lieder aus &#8222;Kinderreime der Welt&#8220;: Das Sch\u00e4ferlein. Das B\u00f6cklein. Klein Jowo \/ Peter Br\u00f6mse. &#8211; Solis iubar \/ Marliese Zeiner. &#8211; Kolovrat \/ Markus Lehmann. &#8211; Sonate pour les jeunes \/ Gerhard Dorda. &#8211; Nachtst\u00fcck, LWV 648. Andante, LWV 653. Romanze, LWV 661 \/ Rudolf Leberl. &#8211; Sybillenbader Fanfare. Chorlieder: Singe Orpheus. Zwei blinde Musikanten. Vier Strophen Binsenweisheit \/ Widmar Hader. &#8211; Egerer Stadtth\u00fcrmerfanfare \/ Armin Rosin. &#8211; Variationen \u00fcber &#8222;Jubilemus omnes unanimiter&#8220; \/ Dietmar Gr\u00e4f. &#8211; Pr\u00e4ludium und Fuge in cis-Moll (2003) f\u00fcr Orgel \/ Oskar Sigmund. &#8211; Adagio \/ Gernot Maria Grohs. &#8211; Toccatina \/ Theodor Hlouschek. \u00a0\u00a0\u00a0\u00a0 Interpret(en): u.a. Hilberath, Veronika [Gsg.]. Fulda, Ilsabe [Kl]. Zartner, Rose Marie [Kl]. Rosin, Armin [Alphorn Pos]. Gr\u00e4f, Dietmar [Org]. Wimmer, Heinrich [Org]; S\u00fcdm\u00e4hrische Sing- und Spielschar &amp;lt;Stuttgart&gt; \u00a0\u00a0\u00a0\u00a0 Anmerkungen: Rose Marie Zartner, Klavier. Veronika Hilberath, Gesang. Ilsabe Fulda, Klavier. S\u00fcdm\u00e4hrische Sing- und Spielschar Stuttgart. Armin Rosin, Alphorn, Posaune. Dietmar Gr\u00e4f, Orgel. Heinrich Wimmer, Orgel. &#8211; Auftragsprod. der Sudetendeutschen Akademie der Wissenschaften und K\u00fcnste. \u00a0\u00a0\u00a0\u00a0 Bestellnummer(n): Live is Live LLCD 71013 \u00a0\u00a0\u00a0\u00a0 Sachgruppe(n): 780.9 Sammlungen und Sammelwerke aus verschiedenen Bereichen, Gro\u00dfausgaben \u00a0&#8212;&#8212;&#8212;&#8212;&#8212;<\/p>\n<p>4. Datensatz: \u00a0\u00a0\u00a0\u00a0 Link zu diesem Datensatz: <a href=\"http:\/\/d-nb.info\/359034594\">http:\/\/d-nb.info\/359034594<\/a> \u00a0\u00a0\u00a0\u00a0 Titel: [Peter H\u00e4rtling &#8211; ein Portrait in Gedichten und Liedern] ; Peter H\u00e4rtling &#8211; ein Portrait in Gedichten und Liedern, a portrait in poems and lieder [Tontr\u00e4ger] \/ Jeannot Heinen &#8230; Internationale Hugo-Wolf-Akademie f\u00fcr Gesang, Dichtung, Liedkunst e.V. \u00a0\u00a0\u00a0\u00a0 Beteiligt: H\u00e4rtling, Peter [Text] ; Heinen, Jeannot; Internationale Hugo-Wolf-Akademie f\u00fcr Gesang &#8211; Dichtung &#8211; Liedkunst \u00a0\u00a0\u00a0\u00a0 Verlag\/Firma: Bietigheim-Bissingen : Rudolf Bayer \u00a0\u00a0\u00a0\u00a0 Jahr: [2004?] \u00a0\u00a0\u00a0\u00a0 Umfang: 2 CDs in Box : stereo, DDD ; 12 cm + Beih. \u00a0\u00a0\u00a0\u00a0 Gesamttitel: Hugos ; 2\/3 \u00a0\u00a0\u00a0\u00a0 Inhalt: Enth.: Liederzyklus nach Gedichten von Peter H\u00e4rtling op. 113 [Einheitssacht.: Liederzyklus nach Gedichten von Peter H\u00e4rtling]. Warum hat die Sonne einen Aschenrand [Einheitssacht.: Warum hat die Sonne einen Aschenrand] \/ Giselher Klebe. &#8211; Vier Gedichte von Peter H\u00e4rtling [Einheitssacht.: Gedichte]. Schw\u00e4bische Alb [Einheitssacht.: Schw\u00e4bische Alb]. Drei Lieder nach Gedichten von Peter H\u00e4rtling [Einheitssacht.: Lieder nach Peter H\u00e4rtling] \/ Karl Michael Komma. &#8211; Neun Lieder nach Gedichten von Peter H\u00e4rtling [Einheitssacht.: H\u00e4rtling-Lieder] \/ Wilhelm Killmayer. &#8211; Streichquartett Nr. 1 op. 41 [Einheitssacht.: Quartette, Sopr Vl 1 2 Va Vc, op. 41] \/ Jeannot Heinen. &#8211; Vier Gedichte von Peter H\u00e4rtling [Einheitssacht.: Gedichte, 1993] \/ Wolfgang Rihm. &#8211; Peter H\u00e4rtling liest Gedichte und Prosatexte. \u00a0\u00a0\u00a0\u00a0 Interpret(en): H\u00e4rtling, Peter [Sprecher]. Kurosawa, Risako [Sopr]. Lee, Jae-eun [Sopr]. Shirai, Mitsuko [Mezzosopr]. Sch\u00e4fer, Markus [Ten]. S\u00f6kler, Christoph [Bar]. Hadulla, Markus [Kl]. H\u00f6ll, Hartmut [Kl]. Le Bozec, Anne [Kl]. Strack, Felicitas [Kl]. Hudacsek, L\u00e1szl\u00f3 [Schz]. Huang, Aiyun [Schz]. Kurz, Dieter [Dir.]; Auryn-Quartett. Circus Musicus \u00a0\u00a0\u00a0\u00a0 Anmerkungen: Markus Sch\u00e4fer, Tenor. Markus Hadulla, Klavier. Mitsuko Shirai, Mezzosopran. Hartmut H\u00f6ll, Klavier. Christoph S\u00f6kler, Bariton. Anne Le Bozec, Klavier. Risako Kurosawa, Sopran. Auryn Quartett. JaeEun Lee, Sopran. Vokalensemble Circus Musicus. Felicitas Strack, Klavier. L\u00e1szl\u00f3 Hudacsek, Schlagzeug. Aiyun Huang, Schlagzeug. Dieter Kurz, Dirigent. &#8211; Aufn.: Sandhausen, Tonstudio Teije van Geest, 2002\/2003. \u00a0\u00a0\u00a0\u00a0 Bestellnummer(n): Bayer Records (LC 08498) BR 140 002\/3 \u00a0\u00a0\u00a0\u00a0 EAN: 4011563140023 \u00a0\u00a0\u00a0\u00a0 Sachgruppe(n): 783.1 Lieder \u00a0&#8212;&#8212;&#8212;&#8212;&#8212;<\/p>\n<p>5. Datensatz: \u00a0\u00a0\u00a0\u00a0 Link zu diesem Datensatz: <a href=\"http:\/\/d-nb.info\/357619129\">http:\/\/d-nb.info\/357619129<\/a> \u00a0\u00a0\u00a0\u00a0 Titel: Lyrikon \u00a0\u00a0\u00a0\u00a0 Verlag\/Firma: Bietigheim-Bissingen : Rudolf Bayer \u00a0\u00a0\u00a0\u00a0 Jahr: [2000] \u00a0\u00a0\u00a0\u00a0 Umfang: 1 Compact Disc + Beih. \u00a0\u00a0\u00a0\u00a0 Inhalt: Enth.: Variationen f\u00fcr Violoncello und Klavier: 12 Variationen \u00fcber ein Thema aus G. F. H\u00e4ndels &#8222;Judas Maccab\u00e4us&#8220;, WoO 45. Zw\u00f6lf Variationen \u00fcber &#8222;Ein M\u00e4dchen oder Weibchen&#8220; aus W. A. Mozarts &#8222;Zauberfl\u00f6te&#8220;, op. 66. Sieben Variationen \u00fcber &#8222;Bei M\u00e4nnern, welche Liebe f\u00fchlen&#8220; aus W. A. Mozarts &#8222;Zauberfl\u00f6te&#8220;, WoO 46 \/ Ludwig van Beethoven. &#8211; Machiboke (Langes Warten); Furusato no (Von der Heimat); Defune; Kaya no kiyama; Utazawa (Herbstnacht), aus Japanische Lieder. 5 S\u00e4tze, aus Japanisch-deutsche Jahreszeiten \/ Karl Michael Komma. &#8211; Arabesque &#8222;Carignane&#8220; \/ Jacques Ibert. &#8211; Nana; Asturiana, aus &#8222;Suite populaire espagnole&#8220;. [EST: Canciones populares espa\u00f1olas \/ Ausw. Arr.] \/ Manuel de Falla. &#8211; Sicilienne f\u00fcr Violoncello und Klavier, op. 78 \/ Gabriel Faur\u00e9. &#8211; Vocalise, op. 34, 14 f\u00fcr Cello und Klavier. [EST: Lieder op. 34 &amp;lt;Vokalise&gt; \/ Arr.] \/ Sergei Rachmaninoff. Bearb.: Leonard Rose. \u00a0\u00a0\u00a0\u00a0 Interpret(en): Rust, Rebecca [Vc]. Edelmann, Friedrich [Fg]. Apter, David [Kl] \u00a0\u00a0\u00a0\u00a0 Anmerkungen: Aufn.: 1996. &#8211; P 1999. \u00a0\u00a0\u00a0\u00a0 Persistent Identifier: urn:nbn:de:101:1-2012042713003 [http:\/\/nbn- resolving.de\/urn:nbn:de:101:1-2012042713003] \u00a0\u00a0\u00a0\u00a0 Bestellnummer(n): Bayer Records (LC 08498) 100 210 \u00a0\u00a0\u00a0\u00a0 EAN: 4011563102106 \u00a0\u00a0\u00a0\u00a0 Sachgruppe(n): 03a Werke f\u00fcr Einzelinstrumente, Kammermusik \u00a0&#8212;&#8212;&#8212;&#8212;&#8212;<\/p>\n<p>6. Datensatz: \u00a0\u00a0\u00a0\u00a0 Link zu diesem Datensatz: <a href=\"http:\/\/d-nb.info\/355916584\">http:\/\/d-nb.info\/355916584<\/a> \u00a0\u00a0\u00a0\u00a0 Titel: Chalumeau \u00a0\u00a0\u00a0\u00a0 Verlag\/Firma: Bietigheim-Bissingen : Rudolf Bayer \u00a0\u00a0\u00a0\u00a0 Jahr: [1996] \u00a0\u00a0\u00a0\u00a0 Umfang: 1 Compact Disc + Beih. \u00a0\u00a0\u00a0\u00a0 Inhalt: Enth.: Trio path\u00e9tique f\u00fcr Klarinette, Violoncello (Fagott) und Klavier d-Moll \/ Mikhail Glinka. &#8211; Trio (Novalis-Fragmente) f\u00fcr Klarinette, Violoncello, Klavier (1995) \/ Karl Michael Komma. &#8211; Trio f\u00fcr Klavier, Klarinette (Viola) und Violoncello a-Moll op. 114 \/ Johannes Brahms. \u00a0\u00a0\u00a0\u00a0 Interpret(en): Trio Chalumeau \u00a0\u00a0\u00a0\u00a0 Anmerkungen: Interpr.: Trio Chalumeau. &#8211; Aufn.: 1996. &#8211; P 1996. \u00a0\u00a0\u00a0\u00a0 Persistent Identifier: urn:nbn:de:101:1-201306089185 [http:\/\/nbn- resolving.de\/urn:nbn:de:101:1-201306089185] \u00a0\u00a0\u00a0\u00a0 Bestellnummer(n): Cadenza CAD 800 877 \u00a0\u00a0\u00a0\u00a0 Sachgruppe(n): 03a Werke f\u00fcr Einzelinstrumente, Kammermusik \u00a0&#8212;&#8212;&#8212;&#8212;&#8212;<\/p>\n<p>7. Datensatz: \u00a0\u00a0\u00a0\u00a0 Link zu diesem Datensatz: <a href=\"http:\/\/d-nb.info\/351061207\">http:\/\/d-nb.info\/351061207<\/a> \u00a0\u00a0\u00a0\u00a0 Titel: Nun wollen wir singen : sch\u00f6ne alte Lieder ; 34 ausgew\u00e4hlte Lieder \/ in S\u00e4tzen von Karl Michael Komma. Ill. von Marlene Reidel \u00a0\u00a0\u00a0\u00a0 Beteiligt: Komma, Karl Michael [Bearb.] \u00a0\u00a0\u00a0\u00a0 Verlag\/Firma: Wien-M\u00f6dling : Verlag Sankt Gabriel \u00a0\u00a0\u00a0\u00a0 Jahr: c 1994 \u00a0\u00a0\u00a0\u00a0 Umfang: 45 S. : Ill. ; 30 cm \u00a0\u00a0\u00a0\u00a0 Inhalt: Enth. u.a.: Laterne, Laterne. Nikolaus ist ein braver Mann. Maria durch ein&#8216; Dornwald ging. Stille Nacht, heilige Nacht. Vom Himmel hoch, o Englein, kommt. Was soll das bedeuten. Nun lasst uns fr\u00f6hlich sein. Das neue Jahr, es tritt herein. Auf, steht auf, das Licht blast an. Als Jesus in den Garten ging. Steht auf, ihr lieben Kinderlein. Aller Augen warten auf dich. Der Mond ist aufgegangen. Und jetzo kommt die Nacht. Ich hab&#8216; mein Kindlein schlafen gelegt. Wiege, Wieglein. \u00a0\u00a0\u00a0\u00a0 Anmerkungen: F\u00fcr Gesang u. Klavier. \u00a0\u00a0\u00a0\u00a0 ISBN\/Einband\/Preis: 3-85264-454-2 (Pr. nicht mitget.) \u00a0\u00a0\u00a0\u00a0 Sachgruppe(n): 08c Sing- und Spielmusik \u00a0&#8212;&#8212;&#8212;&#8212;&#8212;<\/p>\n<p>8. Datensatz: \u00a0\u00a0\u00a0\u00a0 Link zu diesem Datensatz: <a href=\"http:\/\/d-nb.info\/352944692\">http:\/\/d-nb.info\/352944692<\/a> \u00a0\u00a0\u00a0\u00a0 Titel: Chronicon : 1990 ; Klaviersuite zur Bilderfolge &#8222;Der Sturmbock&#8220; von HAP Grieshaber \u00a0\u00a0\u00a0\u00a0 Komponist(en): Komma, Karl Michael \u00a0\u00a0\u00a0\u00a0 Beigef\u00fcgt: Les ponts : 1983 ; sechs Impromptus f\u00fcr Klavier \/ Karl Michael Komma \u00a0\u00a0\u00a0\u00a0 Verlag\/Firma: Bietigheim-Bissingen : Rudolf Bayer ; Heidelberg : Helikon-Musikverlag, Vertrieb \u00a0\u00a0\u00a0\u00a0 Jahr: [1993] \u00a0\u00a0\u00a0\u00a0 Umfang: 1 Compact Disc + Beih. \u00a0\u00a0\u00a0\u00a0 Interpret(en): Treutlein, Friedemann [Kl] \u00a0\u00a0\u00a0\u00a0 Anmerkungen: Interpr.: Treutlein, Friedemann [Kl]. &#8211; Aufn.: 1990. &#8211; P 1992. \u00a0\u00a0\u00a0\u00a0 Persistent Identifier: urn:nbn:de:101:1-2012090718339 [http:\/\/nbn- resolving.de\/urn:nbn:de:101:1-2012090718339] \u00a0\u00a0\u00a0\u00a0 Bestellnummer(n): Cadenza CAD 800 883 \u00a0\u00a0\u00a0\u00a0 Sachgruppe(n): 03a Werke f\u00fcr Einzelinstrumente, Kammermusik \u00a0&#8212;&#8212;&#8212;&#8212;&#8212;<\/p>\n<p>9. Datensatz: \u00a0\u00a0\u00a0\u00a0 Link zu diesem Datensatz: <a href=\"http:\/\/d-nb.info\/1002169712\">http:\/\/d-nb.info\/1002169712<\/a> \u00a0\u00a0\u00a0\u00a0 Titel: Virtuose Programmusik \u00a0\u00a0\u00a0\u00a0 Komponist(en): Guastavino, Carlos \u00a0\u00a0\u00a0\u00a0 Verlag\/Firma: [S.l.]\u00a0 : Annette Schuhmacher ; [S.l.]\u00a0 : MUSIKwelt Tontr\u00e4ger \u00a0\u00a0\u00a0\u00a0 Jahr: [1990?] \u00a0\u00a0\u00a0\u00a0 Umfang: 1 CD ; 12 cm \u00a0\u00a0\u00a0\u00a0 Inhalt: Cecilia Francesconi (Fl\u00f6te). Aus der Tierwelt op. 57a. Friedemann Rieger (Klavier). Aus dem Pflanzenreich op. 57b. Theodor Blumer. Lauda u. Threnos. Theodor Blumer. Introduccion y allegro. Karl Michael Komma. Carlos Guastavino. \u00a0\u00a0\u00a0\u00a0 Interpret(en): Francesconi, Cecilia. Rieger, Friedemann \u00a0\u00a0\u00a0\u00a0 Bestellnummer(n): Fono ARS 368 306 \u00a0&#8212;&#8212;&#8212;&#8212;&#8212;<\/p>\n<p>10. Datensatz: \u00a0\u00a0\u00a0\u00a0 Link zu diesem Datensatz: <a href=\"http:\/\/d-nb.info\/1000938050\">http:\/\/d-nb.info\/1000938050<\/a> \u00a0\u00a0\u00a0\u00a0 Titel: Virtuose Programmusik \u00a0\u00a0\u00a0\u00a0 Komponist(en): Blumer, Theodor \u00a0\u00a0\u00a0\u00a0 Verlag\/Firma: [S.l.]\u00a0 : Fono ; [S.l.]\u00a0 : MUSIKwelt Tontr\u00e4ger \u00a0\u00a0\u00a0\u00a0 Jahr: [1989?] \u00a0\u00a0\u00a0\u00a0 Umfang: 1 Schallpl. ; 30 cm \u00a0\u00a0\u00a0\u00a0 Inhalt: Cecilia Francesconi (Fl\u00f6te). Aus der Tierwelt op. 57a. Friedemann Rieger (Klavier). Aus dem Pflanzenreich op. 57b. Theodor Blumer. Lauda u. Threnos. Theodor Blumer. Introduccion y allegro. Karl Michael Komma. Carlos Guastavino. \u00a0\u00a0\u00a0\u00a0 Interpret(en): Francesconi, Cecilia. Rieger, Friedemann \u00a0\u00a0\u00a0\u00a0 Bestellnummer(n): Fono ARS 68 306 \u00a0&#8212;&#8212;&#8212;&#8212;&#8212;<\/p>\n<p>11. Datensatz: \u00a0\u00a0\u00a0\u00a0 Link zu diesem Datensatz: <a href=\"http:\/\/d-nb.info\/350284067\">http:\/\/d-nb.info\/350284067<\/a> \u00a0\u00a0\u00a0\u00a0 Titel: Les ponts : 6 Impromptus f\u00fcr Klavier nach Arthur Rimbaud 1983 \u00a0\u00a0\u00a0\u00a0 Komponist(en): Komma, Karl Michael \u00a0\u00a0\u00a0\u00a0 Verlag\/Firma: Frankfurt (Main) [u.a.] : Wilhelm Hansen \u00a0\u00a0\u00a0\u00a0 Jahr: c 1986 \u00a0\u00a0\u00a0\u00a0 Umfang: 28 S. ; 30 cm \u00a0\u00a0\u00a0\u00a0 Bestellnummer(n): EHF 1066\u00a0 : DM 15.00 \u00a0\u00a0\u00a0\u00a0 Sachgruppe(n): 03a Werke f\u00fcr Einzelinstrumente, Kammermusik \u00a0&#8212;&#8212;&#8212;&#8212;&#8212;<\/p>\n<p>12. Datensatz: \u00a0\u00a0\u00a0\u00a0 Link zu diesem Datensatz: <a href=\"http:\/\/d-nb.info\/35148664X\">http:\/\/d-nb.info\/35148664X<\/a> \u00a0\u00a0\u00a0\u00a0 Titel: 2. Konzert f\u00fcr Klavier und Orchester \u00a0\u00a0\u00a0\u00a0 Komponist(en): Komma, Karl Michael \u00a0\u00a0\u00a0\u00a0 Einheitssachtitel: Konzerte, Kl Orch Nr. 2 \u00a0\u00a0\u00a0\u00a0 Beigef\u00fcgt: Sinfonie Nr. 4 \/ Robert Schumann \u00a0\u00a0\u00a0\u00a0 Verlag\/Firma: Ostfildern : Audite-Schallplatten \u00a0\u00a0\u00a0\u00a0 Jahr: [1984] \u00a0\u00a0\u00a0\u00a0 Umfang: 1 Schallpl. : 33 UpM ; 30 cm \u00a0\u00a0\u00a0\u00a0 Inhalt: EST d. beigef. Werkes: Sinfonien op. 120. \u00a0\u00a0\u00a0\u00a0 Interpret(en): Komma, Karl Michael [Kl]. Friedmann, Samuel [Dir]; W\u00fcrttembergische Philharmonie Reutlingen \u00a0\u00a0\u00a0\u00a0 Anmerkungen: Interpr.: Komma, Karl M. [Kl]. W\u00fcrttembergische Philharmonie &amp;lt;Reutlingen&gt;. Friedmann, Samuel [Dir]. &#8211; Aufn.: 1982 u. 1983. \u00a0\u00a0\u00a0\u00a0 Bestellnummer(n): FSM 43406 aud \u00a0\u00a0\u00a0\u00a0 Sachgruppe(n): 03a Werke f\u00fcr Einzelinstrumente, Kammermusik \u00a0&#8212;&#8212;&#8212;&#8212;&#8212;<\/p>\n<p>13. Datensatz: \u00a0\u00a0\u00a0\u00a0 Link zu diesem Datensatz: <a href=\"http:\/\/d-nb.info\/353560901\">http:\/\/d-nb.info\/353560901<\/a> \u00a0\u00a0\u00a0\u00a0 Titel: Per due flauti \/ [Erl.: Friedrich Dold] \u00a0\u00a0\u00a0\u00a0 Verlag\/Firma: Stuttgart : Carus-Verlag ; M\u00fcnster (Westfalen) : Fono-Schallplattengesellschaft, Vertrieb \u00a0\u00a0\u00a0\u00a0 Jahr: 1979 \u00a0\u00a0\u00a0\u00a0 Umfang: 1 Schallpl. : 33 UpM ; 30 cm \u00a0\u00a0\u00a0\u00a0 Inhalt: Enth.: Trio a 2 flauti e basso Nr. 2 D-Dur \/ Wilhelm Friedemann Bach. [EST: Sonaten, Fl 1 2 Bc F 47]. &#8211; Trio pour fl\u00fbtes op. 59 (1950) \/ Alexandre Nikolajewitsch Tch\u00e9r\u00e9pnin. [EST: Trios, Fl 1 2 3 op. 59]. &#8211; Sonata f\u00fcr 2 Altblockfl\u00f6ten II \/ Robert Valentine. [EST: Sonaten, Blfl 1 2 Nr. 2]. &#8211; Sonatine 69 f\u00fcr 2 Fl\u00f6ten und Klavier \/ Gerhard Rehm. &#8211; Masque pour deux fl\u00fbtes (1959) \/ Toru Takemitsu. &#8211; Andante con variazioni, aus &#8222;6 Duette f\u00fcr 2 Querfl\u00f6ten&#8220; KV 157 b \/ Wolfgang Amadeus Mozart. &#8211; Drei Phasen f\u00fcr 2 Alt- Blockfl\u00f6ten (1964) \/ Karl Michael Komma. [EST: Phasen f\u00fcr 2 Alt-Blockfl\u00f6ten]. \u00a0\u00a0\u00a0\u00a0 Interpret(en): Kammerensemble Gerhard Rehm \u00a0\u00a0\u00a0\u00a0 Anmerkungen: Interpr.: Kammerensemble Gerhard Rehm. &#8211; Aufn.: Balingen, Ev. Gemeindehaus, 1971. \u00a0\u00a0\u00a0\u00a0 Bestellnummer(n): Corona FSM 33120 CV \u00a0\u00a0\u00a0\u00a0 Sachgruppe(n): 03a Werke f\u00fcr Einzelinstrumente, Kammermusik \u00a0&#8212;&#8212;&#8212;&#8212;&#8212;<\/p>\n<p>14. Datensatz: \u00a0\u00a0\u00a0\u00a0 Link zu diesem Datensatz: <a href=\"http:\/\/d-nb.info\/354093037\">http:\/\/d-nb.info\/354093037<\/a> \u00a0\u00a0\u00a0\u00a0 Titel: Meditationen \u00fcber eine Gavotte von J. Ph. Rameau : Klavier \/ Karl Michael Komma \u00a0\u00a0\u00a0\u00a0 Komponist(en): Komma, Karl Michael \u00a0\u00a0\u00a0\u00a0 Verlag\/Firma: Augsburg : Studio-Verlag Arthur Glogger \u00a0\u00a0\u00a0\u00a0 Jahr: 1978 \u00a0\u00a0\u00a0\u00a0 Umfang: [12] S. ; 31 cm \u00a0\u00a0\u00a0\u00a0 Bestellnummer(n): DM 8.00 \u00a0\u00a0\u00a0\u00a0 Sachgruppe(n): 03a Werke f\u00fcr Einzelinstrumente, Kammermusik \u00a0&#8212;&#8212;&#8212;&#8212;&#8212;<\/p>\n<p>15. Datensatz: \u00a0\u00a0\u00a0\u00a0 Link zu diesem Datensatz: <a href=\"http:\/\/d-nb.info\/353222089\">http:\/\/d-nb.info\/353222089<\/a> \u00a0\u00a0\u00a0\u00a0 Titel: Signale 1972 : f\u00fcr grosses Orchester. \u00a0\u00a0\u00a0\u00a0 Komponist(en): Komma, Karl Michael \u00a0\u00a0\u00a0\u00a0 Einheitssachtitel: Signale (1972) \u00a0\u00a0\u00a0\u00a0 Beigef\u00fcgt: Konzert f\u00fcr Klavier und Orchester 1957 \/ Karl Michael Komma. \u00a0\u00a0\u00a0\u00a0 Verlag\/Firma: Ostfildern : Audite-Schallplatten \u00a0\u00a0\u00a0\u00a0 Jahr: 1976 \u00a0\u00a0\u00a0\u00a0 Umfang: 1 Schallpl. : 33 UpM ; 30 cm \u00a0\u00a0\u00a0\u00a0 Inhalt: EST d. beigef. Werkes: Konzerte, Kl Orch (1957). \u00a0\u00a0\u00a0\u00a0 Interpret(en): Komma, Karl Michael [Kl]. Agrafiotis, Dimitri [Dir]; Schw\u00e4bisches Symphonie- Orchester &amp;lt;Reutlingen&gt; \u00a0\u00a0\u00a0\u00a0 Anmerkungen: Interpr.: Komma, Karl M. [Kl]. Schw\u00e4bisches Symphonie-Orchester &amp;lt;Reutlingen&gt;. Agrafiotis, Dimitri [Dir]. &#8211; Aufn.: Stuttgart, eMBe Tonstudio, 1973. \u00a0\u00a0\u00a0\u00a0 Bestellnummer(n): FSM 53196 \u00a0\u00a0\u00a0\u00a0 Sachgruppe(n): 03b Orchestermusik \u00a0&#8212;&#8212;&#8212;&#8212;&#8212;<\/p>\n<p>16. Datensatz: \u00a0\u00a0\u00a0\u00a0 Link zu diesem Datensatz: <a href=\"http:\/\/d-nb.info\/351197435\">http:\/\/d-nb.info\/351197435<\/a> \u00a0\u00a0\u00a0\u00a0 Titel: Meditationen \u00fcber eine Gavotte von J. Ph. Rameau : Klavier \/ Karl Michael Komma \u00a0\u00a0\u00a0\u00a0 Komponist(en): Komma, Karl Michael \u00a0\u00a0\u00a0\u00a0 Verlag\/Firma: Augsburg : Studio-Verlag Arthur Glogger \u00a0\u00a0\u00a0\u00a0 Jahr: [1972] \u00a0\u00a0\u00a0\u00a0 Umfang: [12] S. ; 30 cm \u00a0\u00a0\u00a0\u00a0 Bestellnummer(n): (Pr. nicht mitget.) \u00a0\u00a0\u00a0\u00a0 Sachgruppe(n): 03a Werke f\u00fcr Einzelinstrumente, Kammermusik \u00a0&#8212;&#8212;&#8212;&#8212;&#8212;<\/p>\n<p>17. Datensatz: \u00a0\u00a0\u00a0\u00a0 Link zu diesem Datensatz: <a href=\"http:\/\/d-nb.info\/351196218\">http:\/\/d-nb.info\/351196218<\/a> \u00a0\u00a0\u00a0\u00a0 Titel: Adagio ma non troppo : f\u00fcr Violine und Klavier (Mandoline und Cembalo) \/ L. v. Beethoven. Hrsg. u. bearb. von K. M. Komma \u00a0\u00a0\u00a0\u00a0 Komponist(en): Beethoven, Ludwig van \u00a0\u00a0\u00a0\u00a0 Einheitssachtitel: St\u00fccke, Md Kl, WoO 43 \/ Adagio \/ Arr. \u00a0\u00a0\u00a0\u00a0 Beteiligt: Komma, Karl Michael [Bearb.] \u00a0\u00a0\u00a0\u00a0 Ausgabe: [Partitur, Stimme] \u00a0\u00a0\u00a0\u00a0 Verlag\/Firma: Stuttgart : Ichthys-Verlag \u00a0\u00a0\u00a0\u00a0 Jahr: c 1957 \u00a0\u00a0\u00a0\u00a0 Umfang: 8 S. + St. ; 30 cm \u00a0\u00a0\u00a0\u00a0 Gesamttitel: Quod libet \u00a0\u00a0\u00a0\u00a0 Anmerkungen: Klavierstimme gleichzeitig Partitur. &#8211; Vorw. auch in engl. Sprache \u00a0\u00a0\u00a0\u00a0 Bestellnummer(n): 212 (Pr. nicht mitget.) \u00a0\u00a0\u00a0\u00a0 Sachgruppe(n): 03a Werke f\u00fcr Einzelinstrumente, Kammermusik<\/p>\n\n<script>\nvar zbPregResult = '0';\n<\/script>\n","protected":false},"excerpt":{"rendered":"<p>Suchergebnis aus dem Katalog der Deutschen Nationalbibliothek Ihre Suchanfrage war: [karl michael komma klavier, Treffer 1-17 von insgesamt 17] &#8212;&#8212;&#8212;&#8212;&#8212; 1. Datensatz: \u00a0\u00a0\u00a0\u00a0 Link zu diesem Datensatz: http:\/\/d-nb.info\/994689268 \u00a0\u00a0\u00a0\u00a0 Titel: Drei Lieder nach Gedichten von Josef M\u00fchlberger [Musikdruck] : f\u00fcr [&hellip;]<\/p>\n","protected":false},"author":6,"featured_media":0,"parent":0,"menu_order":0,"comment_status":"open","ping_status":"open","template":"","meta":{"footnotes":""},"class_list":["post-590","page","type-page","status-publish","hentry"],"_links":{"self":[{"href":"http:\/\/www.mikomma.de\/pub\/wp-json\/wp\/v2\/pages\/590","targetHints":{"allow":["GET"]}}],"collection":[{"href":"http:\/\/www.mikomma.de\/pub\/wp-json\/wp\/v2\/pages"}],"about":[{"href":"http:\/\/www.mikomma.de\/pub\/wp-json\/wp\/v2\/types\/page"}],"author":[{"embeddable":true,"href":"http:\/\/www.mikomma.de\/pub\/wp-json\/wp\/v2\/users\/6"}],"replies":[{"embeddable":true,"href":"http:\/\/www.mikomma.de\/pub\/wp-json\/wp\/v2\/comments?post=590"}],"version-history":[{"count":1,"href":"http:\/\/www.mikomma.de\/pub\/wp-json\/wp\/v2\/pages\/590\/revisions"}],"predecessor-version":[{"id":591,"href":"http:\/\/www.mikomma.de\/pub\/wp-json\/wp\/v2\/pages\/590\/revisions\/591"}],"wp:attachment":[{"href":"http:\/\/www.mikomma.de\/pub\/wp-json\/wp\/v2\/media?parent=590"}],"curies":[{"name":"wp","href":"https:\/\/api.w.org\/{rel}","templated":true}]}}