{"id":593,"date":"2013-07-17T16:00:15","date_gmt":"2013-07-17T14:00:15","guid":{"rendered":"http:\/\/www.mikomma.de\/pub\/?page_id=593"},"modified":"2013-07-17T16:00:15","modified_gmt":"2013-07-17T14:00:15","slug":"chor","status":"publish","type":"page","link":"http:\/\/www.mikomma.de\/pub\/chor\/","title":{"rendered":"Chor"},"content":{"rendered":"<p><strong>Suchergebnis aus dem Katalog der Deutschen Nationalbibliothek<\/strong><\/p>\n<p>Ihre Suchanfrage war: [karl michael komma chor, Treffer 1-31 von insgesamt 31]<\/p>\n<p>&#8212;&#8212;&#8212;&#8212;&#8212;<\/p>\n<p>1. Datensatz: \u00a0\u00a0\u00a0\u00a0 Link zu diesem Datensatz: <a href=\"http:\/\/d-nb.info\/1016021852\">http:\/\/d-nb.info\/1016021852<\/a> \u00a0\u00a0\u00a0\u00a0 Titel: Missa de angelis [Musikdruck] : f\u00fcr gemischten Chor SATB a cappella \/ Karl Michael Komma \u00a0\u00a0\u00a0\u00a0 Komponist(en): Komma, Karl Michael \u00a0\u00a0\u00a0\u00a0 Einheitssachtitel: Missa de angelis \u00a0\u00a0\u00a0\u00a0 Ausgabe: [Partitur] \u00a0\u00a0\u00a0\u00a0 Verlag\/Firma: Remscheid : Waldkauz-Verlag \u00a0\u00a0\u00a0\u00a0 Jahr: 2011 \u00a0\u00a0\u00a0\u00a0 Umfang: 18 S. ; 30 cm \u00a0\u00a0\u00a0\u00a0 Bestellnummer(n): WK 4305 : EUR 8.00 \u00a0\u00a0\u00a0\u00a0 Sachgruppe(n): 782.22 Geistliche Vokalmusik \u00a0&#8212;&#8212;&#8212;&#8212;&#8212;<\/p>\n<p>2. Datensatz: \u00a0\u00a0\u00a0\u00a0 Link zu diesem Datensatz: <a href=\"http:\/\/d-nb.info\/357241827\">http:\/\/d-nb.info\/357241827<\/a> \u00a0\u00a0\u00a0\u00a0 Titel: Stabat mater : 1997 ; f\u00fcr f\u00fcnfstimmigen Chor (SSATB) a cappella \/ Karl Michael Komma \u00a0\u00a0\u00a0\u00a0 Komponist(en): Komma, Karl Michael \u00a0\u00a0\u00a0\u00a0 Einheitssachtitel: Stabat mater (1997) \u00a0\u00a0\u00a0\u00a0 Ausgabe: Partitur \u00a0\u00a0\u00a0\u00a0 Verlag\/Firma: Stuttgart : Carus-Verlag \u00a0\u00a0\u00a0\u00a0 Jahr: c 1998 \u00a0\u00a0\u00a0\u00a0 Umfang: 19 S. ; 30 cm \u00a0\u00a0\u00a0\u00a0 Bestellnummer(n): CV 7305 : DM 8.50 \u00a0\u00a0\u00a0\u00a0 Sachgruppe(n): 02b Chormusik \u00a0&#8212;&#8212;&#8212;&#8212;&#8212;<\/p>\n<p>3. Datensatz: \u00a0\u00a0\u00a0\u00a0 Link zu diesem Datensatz: <a href=\"http:\/\/d-nb.info\/351155023\">http:\/\/d-nb.info\/351155023<\/a> \u00a0\u00a0\u00a0\u00a0 Titel: Herr ist Jesus Christus : Motette f\u00fcr vier- bis achtstimmigen gemischten Chor, 2 Trompeten, 2 Posaunen oder Orgel ; 1996 \/ Karl Michael Komma \u00a0\u00a0\u00a0\u00a0 Komponist(en): Komma, Karl Michael \u00a0\u00a0\u00a0\u00a0 Ausgabe: [Partitur] \u00a0\u00a0\u00a0\u00a0 Verlag\/Firma: Stuttgart : Carus-Verlag \u00a0\u00a0\u00a0\u00a0 Jahr: c 1996 \u00a0\u00a0\u00a0\u00a0 Umfang: 12 S. ; 30 cm \u00a0\u00a0\u00a0\u00a0 Bestellnummer(n): CV 7306\u00a0 : DM 5.80 \u00a0\u00a0\u00a0\u00a0 Sachgruppe(n): 02b Chormusik \u00a0&#8212;&#8212;&#8212;&#8212;&#8212;<\/p>\n<p>4. Datensatz: \u00a0\u00a0\u00a0\u00a0 Link zu diesem Datensatz: <a href=\"http:\/\/d-nb.info\/350323313\">http:\/\/d-nb.info\/350323313<\/a> \u00a0\u00a0\u00a0\u00a0 Titel: Fried sei auf Erden : s\u00fcdostdt. Weihnachtslieder in S\u00e4tzen f\u00fcr 4stg. gem. Chor a cappella \u00a0\u00a0\u00a0\u00a0 Komponist(en): Komma, Karl Michael \u00a0\u00a0\u00a0\u00a0 Ausgabe: [Partitur] \u00a0\u00a0\u00a0\u00a0 Verlag\/Firma: Leutkirch : Pro Organo \u00a0\u00a0\u00a0\u00a0 Jahr: c 1987 \u00a0\u00a0\u00a0\u00a0 Umfang: 15 S. ; 30 cm \u00a0\u00a0\u00a0\u00a0 Inhalt: Enth.: Ave Maria. Ein Segen hat ergossen sich. Ich, Maria, abends spat. Es war kein Strass. Ein armsel&#8217;ges Wieglein. O Wunder gross. Auf, auf, all ihr Hirten. Lasst uns das Kindelein wiegen. Meerstern, ich dich gr\u00fcsse. \u00a0\u00a0\u00a0\u00a0 Bestellnummer(n): 3006\u00a0 : DM 7.80 \u00a0\u00a0\u00a0\u00a0 Sachgruppe(n): 02b Chormusik \u00a0&#8212;&#8212;&#8212;&#8212;&#8212;<\/p>\n<p>5. Datensatz: \u00a0\u00a0\u00a0\u00a0 Link zu diesem Datensatz: <a href=\"http:\/\/d-nb.info\/350385882\">http:\/\/d-nb.info\/350385882<\/a> \u00a0\u00a0\u00a0\u00a0 Titel: Maria, Mutter, reine Maid \/ Satz: Karl Michael Komma \u00a0\u00a0\u00a0\u00a0 Komponist(en): Komma, Karl Michael \u00a0\u00a0\u00a0\u00a0 Ausgabe: [Partitur] \u00a0\u00a0\u00a0\u00a0 Verlag\/Firma: Leutkirch : Pro Organo \u00a0\u00a0\u00a0\u00a0 Jahr: c 1987 \u00a0\u00a0\u00a0\u00a0 Umfang: 1 Bl. (einseitig bedr.) ; 30 cm \u00a0\u00a0\u00a0\u00a0 Anmerkungen: F\u00fcr 3 stg. gem. Chor. \u00a0\u00a0\u00a0\u00a0 Bestellnummer(n): 3005a (Pr. nicht mitget.) \u00a0\u00a0\u00a0\u00a0 Sachgruppe(n): 02b Chormusik \u00a0&#8212;&#8212;&#8212;&#8212;&#8212;<\/p>\n<p>6. Datensatz: \u00a0\u00a0\u00a0\u00a0 Link zu diesem Datensatz: <a href=\"http:\/\/d-nb.info\/350280401\">http:\/\/d-nb.info\/350280401<\/a> \u00a0\u00a0\u00a0\u00a0 Titel: Messe \/ Hrsg.: Karl Michael Komma \u00a0\u00a0\u00a0\u00a0 Komponist(en): Marx, Karl \u00a0\u00a0\u00a0\u00a0 Einheitssachtitel: Messen (1985) \u00a0\u00a0\u00a0\u00a0 Beteiligt: Komma, Karl Michael [Hrsg.] \u00a0\u00a0\u00a0\u00a0 Ausgabe: [Partitur] \u00a0\u00a0\u00a0\u00a0 Verlag\/Firma: Stuttgart : Carus-Verlag ; Kirchheim (Teck) : H\u00e4nssler Musik [Auslfg.] \u00a0\u00a0\u00a0\u00a0 Jahr: c 1987 \u00a0\u00a0\u00a0\u00a0 Umfang: 15 S. ; 30 cm \u00a0\u00a0\u00a0\u00a0 Anmerkungen: F\u00fcr 4stg. gem. Chor. \u00a0\u00a0\u00a0\u00a0 Bestellnummer(n): CV 40652\u00a0 : DM 4.90 \u00a0\u00a0\u00a0\u00a0 Sachgruppe(n): 02b Chormusik \u00a0&#8212;&#8212;&#8212;&#8212;&#8212;<\/p>\n<p>7. Datensatz: \u00a0\u00a0\u00a0\u00a0 Link zu diesem Datensatz: <a href=\"http:\/\/d-nb.info\/350205671\">http:\/\/d-nb.info\/350205671<\/a> \u00a0\u00a0\u00a0\u00a0 Titel: Alleluja und Pfingstsequenz \u00a0\u00a0\u00a0\u00a0 Komponist(en): Komma, Karl Michael \u00a0\u00a0\u00a0\u00a0 Einheitssachtitel: Alleluja und Pfingstsequenz (1964) \u00a0\u00a0\u00a0\u00a0 Ausgabe: [Partitur, Neuaufl.] \u00a0\u00a0\u00a0\u00a0 Verlag\/Firma: Kirchheim (Teck) : H\u00e4nssler Musik \u00a0\u00a0\u00a0\u00a0 Jahr: [1986] \u00a0\u00a0\u00a0\u00a0 Umfang: 11 S. ; 30 cm \u00a0\u00a0\u00a0\u00a0 Anmerkungen: F\u00fcr 7stg. gem. Chor. \u00a0\u00a0\u00a0\u00a0 Bestellnummer(n): HE 25005\u00a0 : DM 2.90 \u00a0\u00a0\u00a0\u00a0 Sachgruppe(n): 02b Chormusik \u00a0&#8212;&#8212;&#8212;&#8212;&#8212;<\/p>\n<p>8. Datensatz: \u00a0\u00a0\u00a0\u00a0 Link zu diesem Datensatz: <a href=\"http:\/\/d-nb.info\/1003741568\">http:\/\/d-nb.info\/1003741568<\/a> \u00a0\u00a0\u00a0\u00a0 Titel: Deutsches Ordinarium (1967) \/ Karl Michael Komma. Hrsg. v. S. Koesler \u00a0\u00a0\u00a0\u00a0 Komponist(en): Komma, Karl Michael \u00a0\u00a0\u00a0\u00a0 Beteiligt: Koesler, Siegfried [Hrsg.] \u00a0\u00a0\u00a0\u00a0 Ausgabe: Part. \u00a0\u00a0\u00a0\u00a0 Verlag\/Firma: Stuttgart : Ichthys-Verl. ; [Rohrdorf] : [Rohrdorfer Musikverl.] \u00a0\u00a0\u00a0\u00a0 Jahr: [1982] \u00a0\u00a0\u00a0\u00a0 Umfang: 20 S. ; 4 \u00a0\u00a0\u00a0\u00a0 Gesamttitel: Das neue Lied \u00a0\u00a0\u00a0\u00a0 Anmerkungen: F\u00fcr Vors\u00e4nger, (4stgn gem.) Chor, Gemeinde u. Org. &amp;lt;4 Bl\u00e4ser u. Pauken ad lib.&gt; \u00a0\u00a0\u00a0\u00a0 Bestellnummer(n): Ed. 173 [aufgest.:] 6173\u00a0 : DM 8.50 \u00a0&#8212;&#8212;&#8212;&#8212;&#8212;<\/p>\n<p>9. Datensatz: \u00a0\u00a0\u00a0\u00a0 Link zu diesem Datensatz: <a href=\"http:\/\/d-nb.info\/1003739040\">http:\/\/d-nb.info\/1003739040<\/a> \u00a0\u00a0\u00a0\u00a0 Titel: Die Ges\u00e4nge des 4. Sonntags nach Ostern : singet dem Herrn (1969) \/ Karl Michael Komma. Hrsg. v. S. Koesler \u00a0\u00a0\u00a0\u00a0 Komponist(en): Komma, Karl Michael \u00a0\u00a0\u00a0\u00a0 Beteiligt: Koesler, Siegfried [Hrsg.] \u00a0\u00a0\u00a0\u00a0 Ausgabe: Part. \u00a0\u00a0\u00a0\u00a0 Verlag\/Firma: Stuttgart : Ichthys-Verl. ; [Rohrdorf] : [Rohrdorfer Musikverl.] \u00a0\u00a0\u00a0\u00a0 Jahr: [1982] \u00a0\u00a0\u00a0\u00a0 Umfang: 28 S. ; 4 \u00a0\u00a0\u00a0\u00a0 Gesamttitel: Das neue Lied \u00a0\u00a0\u00a0\u00a0 Anmerkungen: F\u00fcr Soli, Chor, Gemeinde u. Org. &amp;lt;4 Bl\u00e4ser u. Pauken ad lib.&gt; &#8211; F\u00fcr 2 S., A., 4stgn gem. Chor u. Gemeinde m. Pos.-Chor u. Pauken od. m. Org. \u00a0\u00a0\u00a0\u00a0 Bestellnummer(n): Ed. 174 [aufgest.:] 6174\u00a0 : 4.80 \u00a0&#8212;&#8212;&#8212;&#8212;&#8212;<\/p>\n<p>10. Datensatz: \u00a0\u00a0\u00a0\u00a0 Link zu diesem Datensatz: <a href=\"http:\/\/d-nb.info\/1003744354\">http:\/\/d-nb.info\/1003744354<\/a> \u00a0\u00a0\u00a0\u00a0 Titel: Drei Scherzi (1968) \/ Karl Michael Komma. Mit Holzschnitten v. Erwin G\u00f6rlach \u00a0\u00a0\u00a0\u00a0 Komponist(en): Komma, Karl Michael \u00a0\u00a0\u00a0\u00a0 Beteiligt: G\u00f6rlach, Erwin \u00a0\u00a0\u00a0\u00a0 Ausgabe: Part. \u00a0\u00a0\u00a0\u00a0 Verlag\/Firma: Stuttgart : Ichthys-Verl. ; [Rohrdorf] : [Rohrdorfer Musikverl.] \u00a0\u00a0\u00a0\u00a0 Jahr: [1982] \u00a0\u00a0\u00a0\u00a0 Umfang: 17 S. ; 4 \u00a0\u00a0\u00a0\u00a0 Gesamttitel: Quod libet \u00a0\u00a0\u00a0\u00a0 Anmerkungen: F\u00fcr (4stgn) gem. Chor u. Klav. &#8211; Zum T. m. Solo-S \u00a0\u00a0\u00a0\u00a0 Bestellnummer(n): Ed.-Nr. 132 [aufgest.:] 6132\u00a0 : DM 6.50 \u00a0&#8212;&#8212;&#8212;&#8212;&#8212;<\/p>\n<p>11. Datensatz: \u00a0\u00a0\u00a0\u00a0 Link zu diesem Datensatz: <a href=\"http:\/\/d-nb.info\/1003742971\">http:\/\/d-nb.info\/1003742971<\/a> \u00a0\u00a0\u00a0\u00a0 Titel: Psalmkantate (1958) \/ Karl Michael Komma \u00a0\u00a0\u00a0\u00a0 Komponist(en): Komma, Karl Michael \u00a0\u00a0\u00a0\u00a0 Ausgabe: Part. \u00a0\u00a0\u00a0\u00a0 Verlag\/Firma: Stuttgart : Ichthys-Verl. ; [Rohrdorf] : [Rohrdorfer Musikverl.] \u00a0\u00a0\u00a0\u00a0 Jahr: [1982] \u00a0\u00a0\u00a0\u00a0 Umfang: 59, 20, 59 S. ; 4 \u00a0\u00a0\u00a0\u00a0 Anmerkungen: F\u00fcr 4 &#8211; 8stgn gem. Chor, z.T. m. Solo-St&amp;lt;n&gt; u. Orch. (Harmoniemusik). &#8211; Vorw. auch in engl. u. franz. Sprache \u00a0\u00a0\u00a0\u00a0 Bestellnummer(n): Ed.-Nr. 115 [aufgest.:] 6115\u00a0 : DM 19.80 \u00a0&#8212;&#8212;&#8212;&#8212;&#8212;<\/p>\n<p>12. Datensatz: \u00a0\u00a0\u00a0\u00a0 Link zu diesem Datensatz: <a href=\"http:\/\/d-nb.info\/100374513X\">http:\/\/d-nb.info\/100374513X<\/a> \u00a0\u00a0\u00a0\u00a0 Titel: Setze mich wie ein Siegel (1951) : (Hohes Lied. 8,6) ; Motette ; mit Anm. \/ Karl Michael Komma \u00a0\u00a0\u00a0\u00a0 Komponist(en): Komma, Karl Michael \u00a0\u00a0\u00a0\u00a0 Ausgabe: Chor-Part. \u00a0\u00a0\u00a0\u00a0 Verlag\/Firma: Stuttgart : Ichthys-Verl. ; [Rohrdorf] : [Rohrdorfer Musikverl.] \u00a0\u00a0\u00a0\u00a0 Jahr: [1982] \u00a0\u00a0\u00a0\u00a0 Umfang: 11 S. ; qu.8 \u00a0\u00a0\u00a0\u00a0 Anmerkungen: F. 4st[gn] gem. Chor. &#8211; Mit Solo-Stn. \u00a0\u00a0\u00a0\u00a0 Bestellnummer(n): [aufgest.:] 6105\u00a0 : DM 2.20 \u00a0&#8212;&#8212;&#8212;&#8212;&#8212;<\/p>\n<p>13. Datensatz: \u00a0\u00a0\u00a0\u00a0 Link zu diesem Datensatz: <a href=\"http:\/\/d-nb.info\/353687642\">http:\/\/d-nb.info\/353687642<\/a> \u00a0\u00a0\u00a0\u00a0 Titel: Stille Nacht : Advents- u. Weihnachtslieder \/ [in S\u00e4tzen von Hans Georg Pfl\u00fcger. Interpr.:] Bruce Abel, Bariton ; Peter Thalheimer, Fl\u00f6te ; Wolfgang R\u00f6sch, Violine &#8230; ; [dt., engl. u. franz. Erl.: Karl Michael Komma] \u00a0\u00a0\u00a0\u00a0 Komponist(en): Pfl\u00fcger, Hans Georg \u00a0\u00a0\u00a0\u00a0 Verlag\/Firma: Stuttgart : Carus-Verlag ; M\u00fcnster (Westfalen) : Fono-Schallplattengesellschaft, Vertrieb \u00a0\u00a0\u00a0\u00a0 Jahr: 1981 \u00a0\u00a0\u00a0\u00a0 Umfang: 1 Schallpl. : 33 UpM ; 30 cm + Beil. (mit dt. Text) \u00a0\u00a0\u00a0\u00a0 Inhalt: Enth.: Macht hoch die T\u00fcr. Maria durch ein Dornwald ging. Es bl\u00fchn drei Rosen. Nun komm, der Heiden Heiland. Es kommt ein Schiff geladen. O Heiland, reiss die Himmel auf. Die Nacht ist vorgedrungen. Wer klopfet an. Es ist ein Ros entsprungen. Ich steh an deiner Krippen hier. Stille Nacht. Tochter Zion. Gelobet seist du, Jesu Christ. In dulci jubilo. Herbei, o ihr Gl\u00e4ubigen. Vom Himmel hoch, da komm ich her. Es sungen drei Engel. O Freude \u00fcber Freude. Als ich bei meinen Schafen wacht. Kommet, ihr Hirten. Joseph, lieber Joseph mein. Still, still, still. Wie sch\u00f6n leuchtet der Morgenstern. O du fr\u00f6hliche, o du selige. \u00a0\u00a0\u00a0\u00a0 Interpret(en): Pfl\u00fcger, Hans Georg [Cemb Kl Org]. Abel, Bruce [Bar]. Biswenger, Annette Msopr]. Kondo, Nobumasa [Ten]. [Thalheimer, Peter [Fl]. R\u00f6sch, Wolfgang [VL]; Motettenchor &amp;lt;Stuttgart&gt; \u00a0\u00a0\u00a0\u00a0 Anmerkungen: Interpr.: Motettenchor &amp;lt;Stuttgart&gt;. Pfl\u00fcger, Hans G. [Cemb Kl Org]. Abel, Bruce [Bar]. Biswenger, Annette [Msopr]. Kondo, Nobumasa [Ten]. Thalheimer, Peter [Fl]. R\u00f6sch, Wolfgang [VL]&#8230; &#8211; Aufn.: Stuttgart, S\u00fcdwest-Tonstudio, 1976. \u00a0\u00a0\u00a0\u00a0 Bestellnummer(n): FSM 63111 CV \u00a0\u00a0\u00a0\u00a0 Sachgruppe(n): 07a Geistliche Lieder und Chor\u00e4le \u00a0&#8212;&#8212;&#8212;&#8212;&#8212;<\/p>\n<p>14. Datensatz: \u00a0\u00a0\u00a0\u00a0 Link zu diesem Datensatz: <a href=\"http:\/\/d-nb.info\/997578963\">http:\/\/d-nb.info\/997578963<\/a> \u00a0\u00a0\u00a0\u00a0 Titel: &#8222;Ach, da\u00df du den Himmel zerrissest &#8220; \u00a0\u00a0\u00a0\u00a0 Komponist(en): Komma, Karl Michael \u00a0\u00a0\u00a0\u00a0 Verlag\/Firma: [S.l.]\u00a0 : Gotthard D\u00f6ring \u00a0\u00a0\u00a0\u00a0 Jahr: [1975?] \u00a0\u00a0\u00a0\u00a0 Umfang: 29 &#8211; 35 cm \u00a0\u00a0\u00a0\u00a0 Anmerkungen: F\u00fcr 4-8 stimmigen Chor. \u00a0&#8212;&#8212;&#8212;&#8212;&#8212;<\/p>\n<p>15. Datensatz: \u00a0\u00a0\u00a0\u00a0 Link zu diesem Datensatz: <a href=\"http:\/\/d-nb.info\/997579854\">http:\/\/d-nb.info\/997579854<\/a> \u00a0\u00a0\u00a0\u00a0 Titel: Motette nach Albrecht Goes \u00a0\u00a0\u00a0\u00a0 Komponist(en): Komma, Karl Michael \u00a0\u00a0\u00a0\u00a0 Ausgabe: Partitur \u00a0\u00a0\u00a0\u00a0 Verlag\/Firma: [S.l.]\u00a0 : Gotthard D\u00f6ring \u00a0\u00a0\u00a0\u00a0 Jahr: [1975?] \u00a0\u00a0\u00a0\u00a0 Umfang: 29 &#8211; 35 cm \u00a0\u00a0\u00a0\u00a0 Anmerkungen: F\u00fcr gem. Chor u. Streichorchester. \u00a0&#8212;&#8212;&#8212;&#8212;&#8212;<\/p>\n<p>16. Datensatz: \u00a0\u00a0\u00a0\u00a0 Link zu diesem Datensatz: <a href=\"http:\/\/d-nb.info\/997582634\">http:\/\/d-nb.info\/997582634<\/a> \u00a0\u00a0\u00a0\u00a0 Titel: Vier Motetten \u00a0\u00a0\u00a0\u00a0 Komponist(en): Komma, Karl Michael \u00a0\u00a0\u00a0\u00a0 Verlag\/Firma: [S.l.]\u00a0 : Gotthard D\u00f6ring \u00a0\u00a0\u00a0\u00a0 Jahr: [1975?] \u00a0\u00a0\u00a0\u00a0 Umfang: 25 &#8211; 29 cm \u00a0\u00a0\u00a0\u00a0 Anmerkungen: F\u00fcr vierstimmigen gem. Chor. \u00a0&#8212;&#8212;&#8212;&#8212;&#8212;<\/p>\n<p>17. Datensatz: \u00a0\u00a0\u00a0\u00a0 Link zu diesem Datensatz: <a href=\"http:\/\/d-nb.info\/997771119\">http:\/\/d-nb.info\/997771119<\/a> \u00a0\u00a0\u00a0\u00a0 Titel: Setze mich wie ein Siegel : Hohes Lied 8.6 ; Motette \u00a0\u00a0\u00a0\u00a0 Komponist(en): Komma, Karl Michael \u00a0\u00a0\u00a0\u00a0 Verlag\/Firma: [S.l.]\u00a0 : Ichthys-Verlag \u00a0\u00a0\u00a0\u00a0 Jahr: [1972?] \u00a0\u00a0\u00a0\u00a0 Umfang: 20 &#8211; 25 cm \u00a0\u00a0\u00a0\u00a0 Anmerkungen: F\u00fcr vierst. gem. Chor. \u00a0&#8212;&#8212;&#8212;&#8212;&#8212;<\/p>\n<p>18. Datensatz: \u00a0\u00a0\u00a0\u00a0 Link zu diesem Datensatz: <a href=\"http:\/\/d-nb.info\/1003738877\">http:\/\/d-nb.info\/1003738877<\/a> \u00a0\u00a0\u00a0\u00a0 Titel: Die Ges\u00e4nge des 4. Sonntags nach Ostern : singet dem Herrn (1969) \/ Karl Michael Komma. Hrsg. v. S. Koesler \u00a0\u00a0\u00a0\u00a0 Komponist(en): Komma, Karl Michael \u00a0\u00a0\u00a0\u00a0 Beteiligt: Koesler, Siegfried [Hrsg.] \u00a0\u00a0\u00a0\u00a0 Ausgabe: Part. \u00a0\u00a0\u00a0\u00a0 Verlag\/Firma: Stuttgart : Ichthys-Verl. \u00a0\u00a0\u00a0\u00a0 Jahr: 1970 \u00a0\u00a0\u00a0\u00a0 Umfang: 28 S. ; 4 \u00a0\u00a0\u00a0\u00a0 Gesamttitel: Das neue Lied \u00a0\u00a0\u00a0\u00a0 Anmerkungen: F\u00fcr Soli, Chor, Gemeinde u. Org. &amp;lt;4 Bl\u00e4ser u. Pauken ad lib.&gt; &#8211; F\u00fcr 2 S., A., 4stgn gem. Chor u. Gemeinde m. Pos.-Chor u. Pauken od. m. Org. \u00a0\u00a0\u00a0\u00a0 Bestellnummer(n): Ed. 174\u00a0 : 4.80 \u00a0&#8212;&#8212;&#8212;&#8212;&#8212;<\/p>\n<p>19. Datensatz: \u00a0\u00a0\u00a0\u00a0 Link zu diesem Datensatz: <a href=\"http:\/\/d-nb.info\/99777181X\">http:\/\/d-nb.info\/99777181X<\/a> \u00a0\u00a0\u00a0\u00a0 Titel: Drei Scherzi \u00a0\u00a0\u00a0\u00a0 Komponist(en): Komma, Karl Michael \u00a0\u00a0\u00a0\u00a0 Verlag\/Firma: [S.l.]\u00a0 : Ichthys-Verlag \u00a0\u00a0\u00a0\u00a0 Jahr: 1970 \u00a0\u00a0\u00a0\u00a0 Umfang: 29 &#8211; 35 cm \u00a0\u00a0\u00a0\u00a0 Fortsetzungsvermerk: Quodlibet. Heitere Chormusik \u00a0\u00a0\u00a0\u00a0 Anmerkungen: F\u00fcr gem. Chor u. Kl. \u00a0&#8212;&#8212;&#8212;&#8212;&#8212;<\/p>\n<p>20. Datensatz: \u00a0\u00a0\u00a0\u00a0 Link zu diesem Datensatz: <a href=\"http:\/\/d-nb.info\/1003743900\">http:\/\/d-nb.info\/1003743900<\/a> \u00a0\u00a0\u00a0\u00a0 Titel: Drei Scherzi (1968) \/ Karl Michael Komma. Mit Holzschnitten v. Erwin G\u00f6rlach \u00a0\u00a0\u00a0\u00a0 Komponist(en): Komma, Karl Michael \u00a0\u00a0\u00a0\u00a0 Beteiligt: G\u00f6rlach, Erwin \u00a0\u00a0\u00a0\u00a0 Ausgabe: Part. \u00a0\u00a0\u00a0\u00a0 Verlag\/Firma: Stuttgart : Ichthys-Verl. \u00a0\u00a0\u00a0\u00a0 Jahr: 1970 \u00a0\u00a0\u00a0\u00a0 Umfang: 17 S. ; 4 \u00a0\u00a0\u00a0\u00a0 Gesamttitel: Quod libet \u00a0\u00a0\u00a0\u00a0 Inhalt: 1. Die Diva: Die S\u00e4ngerin hat g?sungen \/ Text: Johann Nestory ; m. Solo-S. &#8211; 2. Diletanten: Die Musik ist heutzutage \/ Text: Heinrich Seidel. &#8211; 3. Der Dirigent: Er reicht den Violinen eine Blume \/ Text: Franz Werfel \u00a0\u00a0\u00a0\u00a0 Anmerkungen: F\u00fcr (4stgn) gem. Chor u. Klav. &#8211; Zum T. m. Solo-S \u00a0\u00a0\u00a0\u00a0 Bestellnummer(n): Ed.-Nr. 132\u00a0 : 4.80 \u00a0&#8212;&#8212;&#8212;&#8212;&#8212;<\/p>\n<p>21. Datensatz: \u00a0\u00a0\u00a0\u00a0 Link zu diesem Datensatz: <a href=\"http:\/\/d-nb.info\/1003736327\">http:\/\/d-nb.info\/1003736327<\/a> \u00a0\u00a0\u00a0\u00a0 Titel: Alleuja und Pfingstsequenz : alleluja, alleluja, send aus deinen Geist! : alleluja, alleluja when thou lettst thy breath go forth (1964) \/ Karl Michael Komma \u00a0\u00a0\u00a0\u00a0 Komponist(en): Komma, Karl Michael \u00a0\u00a0\u00a0\u00a0 Ausgabe: Chor-Part. \u00a0\u00a0\u00a0\u00a0 Verlag\/Firma: Stuttgart : H\u00e4nssler \u00a0\u00a0\u00a0\u00a0 Jahr: 1969 \u00a0\u00a0\u00a0\u00a0 Umfang: 11 S. ; 4 \u00a0\u00a0\u00a0\u00a0 Gesamttitel: Supplement-Reihe ; Nr. 5 \u00a0\u00a0\u00a0\u00a0 Anmerkungen: F\u00fcr 7stgn gem. Chor \u00a0\u00a0\u00a0\u00a0 Bestellnummer(n): HE 25005\u00a0 : 1.80 \u00a0&#8212;&#8212;&#8212;&#8212;&#8212;<\/p>\n<p>22. Datensatz: \u00a0\u00a0\u00a0\u00a0 Link zu diesem Datensatz: <a href=\"http:\/\/d-nb.info\/1003741479\">http:\/\/d-nb.info\/1003741479<\/a> \u00a0\u00a0\u00a0\u00a0 Titel: Deutsches Ordinarium (1967) \/ Karl Michael Komma. Hrsg. v. S. Koesler \u00a0\u00a0\u00a0\u00a0 Komponist(en): Komma, Karl Michael \u00a0\u00a0\u00a0\u00a0 Beteiligt: Koesler, Siegfried [Hrsg.] \u00a0\u00a0\u00a0\u00a0 Ausgabe: Part. \u00a0\u00a0\u00a0\u00a0 Verlag\/Firma: Stuttgart : Ichthys-Verl. \u00a0\u00a0\u00a0\u00a0 Jahr: 1969 \u00a0\u00a0\u00a0\u00a0 Umfang: 20 S. ; 4 \u00a0\u00a0\u00a0\u00a0 Gesamttitel: Das neue Lied \u00a0\u00a0\u00a0\u00a0 Anmerkungen: F\u00fcr Vors\u00e4nger, (4stgn gem.) Chor, Gemeinde u. Org. &amp;lt;4 Bl\u00e4ser u. Pauken ad lib.&gt; \u00a0\u00a0\u00a0\u00a0 Bestellnummer(n): Ed. 173\u00a0 : 4.80 \u00a0&#8212;&#8212;&#8212;&#8212;&#8212;<\/p>\n<p>23. Datensatz: \u00a0\u00a0\u00a0\u00a0 Link zu diesem Datensatz: <a href=\"http:\/\/d-nb.info\/1003741126\">http:\/\/d-nb.info\/1003741126<\/a> \u00a0\u00a0\u00a0\u00a0 Titel: Matth\u00e4uspassion (1965) : mit Vorw. \/ Karl Michael Komma \u00a0\u00a0\u00a0\u00a0 Komponist(en): Komma, Karl Michael \u00a0\u00a0\u00a0\u00a0 Ausgabe: Chor-Part. \u00a0\u00a0\u00a0\u00a0 Verlag\/Firma: Stuttgart : H\u00e4nssler \u00a0\u00a0\u00a0\u00a0 Jahr: [1966] \u00a0\u00a0\u00a0\u00a0 Umfang: 48 S. ; 4 \u00a0\u00a0\u00a0\u00a0 Gesamttitel: [Geistliche Chormusik] : Reihe 2, Die junge Kantorei ; 26 \u00a0\u00a0\u00a0\u00a0 Anmerkungen: F\u00fcr Solo-Stn u. 4 &#8211; 8stgn gem. Chor \u00a0\u00a0\u00a0\u00a0 Bestellnummer(n): 6.80 \u00a0&#8212;&#8212;&#8212;&#8212;&#8212;<\/p>\n<p>24. Datensatz: \u00a0\u00a0\u00a0\u00a0 Link zu diesem Datensatz: <a href=\"http:\/\/d-nb.info\/1005413762\">http:\/\/d-nb.info\/1005413762<\/a> \u00a0\u00a0\u00a0\u00a0 Titel: Chorische T\u00e4nze \/ Johannes Rietz. T.: Karl Michael Komma u. Johannes Weidenheim \u00a0\u00a0\u00a0\u00a0 Komponist(en): Rietz, Johannes \u00a0\u00a0\u00a0\u00a0 Beteiligt: Komma, Karl Michael [Text] ; Weidenheim, Johannes [Text] \u00a0\u00a0\u00a0\u00a0 Ausgabe: Klav.-Part. &amp;lt;Klav.-Ausz.&gt; \u00a0\u00a0\u00a0\u00a0 Verlag\/Firma: Mainz : Schott \u00a0\u00a0\u00a0\u00a0 Jahr: 1959 \u00a0\u00a0\u00a0\u00a0 Umfang: 47 S. ; 4 \u00a0\u00a0\u00a0\u00a0 Anmerkungen: F. Mezzo-Sopr. u. 4stgn gem. Chor m. Klav. &amp;lt;Orch.&gt;. &#8211; Auch f. t\u00e4nzer. Darstellg geeignet \u00a0\u00a0\u00a0\u00a0 Bestellnummer(n): Ed. Schott 4993\u00a0 : 10.00 ; Orch.-Material nach Vereinbarg \u00a0&#8212;&#8212;&#8212;&#8212;&#8212;<\/p>\n<p>25. Datensatz: \u00a0\u00a0\u00a0\u00a0 Link zu diesem Datensatz: <a href=\"http:\/\/d-nb.info\/1003742262\">http:\/\/d-nb.info\/1003742262<\/a> \u00a0\u00a0\u00a0\u00a0 Mehrteiliges Werk: Komma, Karl Michael: Psalmkantate (1958). &#8211; Stuttgart : Ichthys-Verl. \u00a0\u00a0\u00a0\u00a0 Teil: [T.] 1. Psalmus I : Beatus vir, qui non abiit \u00a0\u00a0\u00a0\u00a0 Ausgabe: Part. \u00a0\u00a0\u00a0\u00a0 Jahr: 1958 \u00a0\u00a0\u00a0\u00a0 Umfang: 59 S. ; 4 \u00a0\u00a0\u00a0\u00a0 Anmerkungen: F\u00fcr T. solo, (4 &#8211; 6stgn) gem. Chor u. Orch. (Harmoniemusik) \u00a0\u00a0\u00a0\u00a0 Bestellnummer(n): Ed.-Nr. 116\u00a0 : 5.80 \u00a0&#8212;&#8212;&#8212;&#8212;&#8212;<\/p>\n<p>26. Datensatz: \u00a0\u00a0\u00a0\u00a0 Link zu diesem Datensatz: <a href=\"http:\/\/d-nb.info\/1003742459\">http:\/\/d-nb.info\/1003742459<\/a> \u00a0\u00a0\u00a0\u00a0 Mehrteiliges Werk: Komma, Karl Michael: Psalmkantate (1958). &#8211; Stuttgart : Ichthys-Verl. \u00a0\u00a0\u00a0\u00a0 Teil: [T.] 2. Psalmus XLVII : Magnus Dominus et laudabillis nimis \u00a0\u00a0\u00a0\u00a0 Ausgabe: Chor-Part. \u00a0\u00a0\u00a0\u00a0 Jahr: 1958 \u00a0\u00a0\u00a0\u00a0 Umfang: 20 S. ; 4 \u00a0\u00a0\u00a0\u00a0 Anmerkungen: F\u00fcr 5stgn gem. Chor a capp. \u00a0\u00a0\u00a0\u00a0 Bestellnummer(n): Ed.-Nr. 1010\u00a0 : 3.00 \u00a0&#8212;&#8212;&#8212;&#8212;&#8212;<\/p>\n<p>27. Datensatz: \u00a0\u00a0\u00a0\u00a0 Link zu diesem Datensatz: <a href=\"http:\/\/d-nb.info\/1003742599\">http:\/\/d-nb.info\/1003742599<\/a> \u00a0\u00a0\u00a0\u00a0 Mehrteiliges Werk: Komma, Karl Michael: Psalmkantate (1958). &#8211; Stuttgart : Ichthys-Verl. \u00a0\u00a0\u00a0\u00a0 Teil: [T.] 3. Psalmus XCVII : Cantate Domino canticum novum \u00a0\u00a0\u00a0\u00a0 Ausgabe: Part. \u00a0\u00a0\u00a0\u00a0 Jahr: 1958 \u00a0\u00a0\u00a0\u00a0 Umfang: 59 S. ; 4 \u00a0\u00a0\u00a0\u00a0 Anmerkungen: F\u00fcr 4 &#8211; 8stgn gem. Chor. Soli u. Orch. (Harmoniemusik) \u00a0\u00a0\u00a0\u00a0 Bestellnummer(n): Ed.-Nr. 117\u00a0 : 5.80 \u00a0&#8212;&#8212;&#8212;&#8212;&#8212;<\/p>\n<p>28. Datensatz: \u00a0\u00a0\u00a0\u00a0 Link zu diesem Datensatz: <a href=\"http:\/\/d-nb.info\/997771739\">http:\/\/d-nb.info\/997771739<\/a> \u00a0\u00a0\u00a0\u00a0 Titel: Psalmkantate \u00a0\u00a0\u00a0\u00a0 Komponist(en): Komma, Karl Michael \u00a0\u00a0\u00a0\u00a0 Ausgabe: Partitur \u00a0\u00a0\u00a0\u00a0 Verlag\/Firma: [S.l.]\u00a0 : Ichthys-Verlag \u00a0\u00a0\u00a0\u00a0 Jahr: 1958 \u00a0\u00a0\u00a0\u00a0 Umfang: 29 &#8211; 35 cm \u00a0\u00a0\u00a0\u00a0 Anmerkungen: F\u00fcr Soli, Chor u. Instr. \u00a0&#8212;&#8212;&#8212;&#8212;&#8212;<\/p>\n<p>29. Datensatz: \u00a0\u00a0\u00a0\u00a0 Link zu diesem Datensatz: <a href=\"http:\/\/d-nb.info\/1003744869\">http:\/\/d-nb.info\/1003744869<\/a> \u00a0\u00a0\u00a0\u00a0 Titel: Setze mich wie ein Siegel (1951) : Motette ; (Hohes Lied. 8, 6) ; mit Vorw. \/ Karl Michael Komma \u00a0\u00a0\u00a0\u00a0 Komponist(en): Komma, Karl Michael \u00a0\u00a0\u00a0\u00a0 Ausgabe: Chor-Part. \u00a0\u00a0\u00a0\u00a0 Verlag\/Firma: Stuttgart : Ichthys-Verl. \u00a0\u00a0\u00a0\u00a0 Jahr: 1956 \u00a0\u00a0\u00a0\u00a0 Umfang: 11 S. ; qu.8 \u00a0\u00a0\u00a0\u00a0 Anmerkungen: F. 4stgn gem. Chor. m. Solo-Stn. \u00a0\u00a0\u00a0\u00a0 Bestellnummer(n): [Ed.-Nr. 105]\u00a0 : p 1.20 \u00a0&#8212;&#8212;&#8212;&#8212;&#8212;<\/p>\n<p>30. Datensatz: \u00a0\u00a0\u00a0\u00a0 Link zu diesem Datensatz: <a href=\"http:\/\/d-nb.info\/100374656X\">http:\/\/d-nb.info\/100374656X<\/a> \u00a0\u00a0\u00a0\u00a0 Titel: Weihnacht : mit Schall von Zungen ist hell erklungen \/ Karl Michael Komma. T.: Rudolf Alexander Schr\u00f6der \u00a0\u00a0\u00a0\u00a0 Komponist(en): Komma, Karl Michael \u00a0\u00a0\u00a0\u00a0 Beteiligt: Schr\u00f6der, Rudolf Alexander [Text] \u00a0\u00a0\u00a0\u00a0 Ausgabe: Chor-Part. \u00a0\u00a0\u00a0\u00a0 Verlag\/Firma: M\u00fcnchen ; Leipzig : Leuckart \u00a0\u00a0\u00a0\u00a0 Jahr: [1955] \u00a0\u00a0\u00a0\u00a0 Umfang: 4 S. ; Ch.8 \u00a0\u00a0\u00a0\u00a0 Gesamttitel: Leuckart-Chorblatt ; Nr. 577 \u00a0\u00a0\u00a0\u00a0 Anmerkungen: F. 4stgn gem. Chor \u00a0\u00a0\u00a0\u00a0 Bestellnummer(n): 0.40 \u00a0&#8212;&#8212;&#8212;&#8212;&#8212;<\/p>\n<p>31. Datensatz: \u00a0\u00a0\u00a0\u00a0 Link zu diesem Datensatz: <a href=\"http:\/\/d-nb.info\/1003736092\">http:\/\/d-nb.info\/1003736092<\/a> \u00a0\u00a0\u00a0\u00a0 Titel: Die Liebe : die Liebe, die Liebe, die Liebe hemmet nichts \/ Karl Michael Komma. T.: Mathias Claudius \u00a0\u00a0\u00a0\u00a0 Komponist(en): Komma, Karl Michael \u00a0\u00a0\u00a0\u00a0 Beteiligt: Claudius, Matthias [Text] \u00a0\u00a0\u00a0\u00a0 Ausgabe: Chor-Part. \u00a0\u00a0\u00a0\u00a0 Verlag\/Firma: M\u00fcnchen ; Leipzig : Leuckart \u00a0\u00a0\u00a0\u00a0 Jahr: 1954 \u00a0\u00a0\u00a0\u00a0 Umfang: 4 S. ; 8 \u00a0\u00a0\u00a0\u00a0 Gesamttitel: Leuckart-Chorblatt ; Nr. 569 \u00a0\u00a0\u00a0\u00a0 Anmerkungen: F. 5stgn gem. Chor \u00a0\u00a0\u00a0\u00a0 Bestellnummer(n): 0.40<\/p>\n\n<script>\nvar zbPregResult = '0';\n<\/script>\n","protected":false},"excerpt":{"rendered":"<p>Suchergebnis aus dem Katalog der Deutschen Nationalbibliothek Ihre Suchanfrage war: [karl michael komma chor, Treffer 1-31 von insgesamt 31] &#8212;&#8212;&#8212;&#8212;&#8212; 1. Datensatz: \u00a0\u00a0\u00a0\u00a0 Link zu diesem Datensatz: http:\/\/d-nb.info\/1016021852 \u00a0\u00a0\u00a0\u00a0 Titel: Missa de angelis [Musikdruck] : f\u00fcr gemischten Chor SATB a [&hellip;]<\/p>\n","protected":false},"author":6,"featured_media":0,"parent":0,"menu_order":0,"comment_status":"open","ping_status":"open","template":"","meta":{"footnotes":""},"class_list":["post-593","page","type-page","status-publish","hentry"],"_links":{"self":[{"href":"http:\/\/www.mikomma.de\/pub\/wp-json\/wp\/v2\/pages\/593","targetHints":{"allow":["GET"]}}],"collection":[{"href":"http:\/\/www.mikomma.de\/pub\/wp-json\/wp\/v2\/pages"}],"about":[{"href":"http:\/\/www.mikomma.de\/pub\/wp-json\/wp\/v2\/types\/page"}],"author":[{"embeddable":true,"href":"http:\/\/www.mikomma.de\/pub\/wp-json\/wp\/v2\/users\/6"}],"replies":[{"embeddable":true,"href":"http:\/\/www.mikomma.de\/pub\/wp-json\/wp\/v2\/comments?post=593"}],"version-history":[{"count":1,"href":"http:\/\/www.mikomma.de\/pub\/wp-json\/wp\/v2\/pages\/593\/revisions"}],"predecessor-version":[{"id":594,"href":"http:\/\/www.mikomma.de\/pub\/wp-json\/wp\/v2\/pages\/593\/revisions\/594"}],"wp:attachment":[{"href":"http:\/\/www.mikomma.de\/pub\/wp-json\/wp\/v2\/media?parent=593"}],"curies":[{"name":"wp","href":"https:\/\/api.w.org\/{rel}","templated":true}]}}