{"id":62,"date":"2013-06-21T14:56:01","date_gmt":"2013-06-21T12:56:01","guid":{"rendered":"http:\/\/www.mikomma.de\/pub\/?page_id=62"},"modified":"2019-10-30T22:48:59","modified_gmt":"2019-10-30T20:48:59","slug":"impressum","status":"publish","type":"page","link":"http:\/\/www.mikomma.de\/pub\/impressum\/","title":{"rendered":"Impressum"},"content":{"rendered":"<p><strong>Betreiber:<\/strong> Dr. Michael Komma, Verwalter des k\u00fcnstlerischen und wissenschaftlichen Nachlasses und Rechtsnachfolger von Prof. Dr. Karl Michael Komma. Kontakt:<br \/>\n<img loading=\"lazy\" decoding=\"async\" class=\"\" src=\"http:\/\/www.mikomma.de\/pub\/wp-content\/uploads\/2019\/10\/hpa.png\" alt=\"\" width=\"184\" height=\"21\" \/><\/p>\n<p><strong>Gestaltung der Website:<\/strong> Dr. Michael Komma mit Unterst\u00fctzung von <a href=\"http:\/\/www.ikuroedition.de\/\" target=\"_blank\" rel=\"noopener noreferrer\">IKURO Edition<\/a> (Roland Heuer).<br \/>\n<strong>Provider:<\/strong> <a href=\"http:\/\/www.hosteurope.de\/\" target=\"_blank\" rel=\"noopener noreferrer\">Host Europe<\/a><\/p>\n<p><strong>Copyright, Haftung und Urheberrechte<\/strong><\/p>\n<p>1.\u00a0 Inhalt des Online-Angebots <span style=\"font-size: small;\">Die in diesen Web-Sites ver\u00f6ffentlichten Inhalte sind mit gr\u00f6\u00dfter\u00a0 Sorgfalt recherchiert. Der\u00a0 Betreiber \u00fcbernimmt dennoch keinerlei Gew\u00e4hr f\u00fcr die Aktualit\u00e4t,\u00a0 Korrektheit, Vollst\u00e4ndigkeit oder Qualit\u00e4t der bereitgestellten Informationen.\u00a0 Haftungsanspr\u00fcche, welche sich auf Sch\u00e4den materieller oder ideeller Art\u00a0 beziehen, die durch die Nutzung oder Nichtnutzung der dargebotenen Informationen\u00a0 bzw. durch die Nutzung fehlerhafter und unvollst\u00e4ndiger Informationen verursacht\u00a0 wurden, sind grunds\u00e4tzlich ausgeschlossen, sofern seitens des Betreibers kein\u00a0 nachweislich vors\u00e4tzliches oder grob fahrl\u00e4ssiges Verschulden vorliegt. Alle\u00a0 Angebote sind freibleibend und unverbindlich. Es wird ausdr\u00fccklich vorbehalten,\u00a0 Teile der Seiten oder das gesamte Angebot ohne gesonderte Ank\u00fcndigung zu\u00a0 ver\u00e4ndern, zu erg\u00e4nzen, zu l\u00f6schen oder die Ver\u00f6ffentlichung zeitweise oder\u00a0 endg\u00fcltig einzustellen.<\/span><\/p>\n<p>2.\u00a0 Verweise und Links <span style=\"font-size: small;\">Gem\u00e4\u00df \u00a7\u00a7 7 bis 10 Telemediengesetz vom 26. Februar 2007 (BGBl.I\u00a0 S. 179 ) in seiner jeweils g\u00fcltigen Fassung sind Diensteanbieter f\u00fcr fremde\u00a0 Inhalte, die Sie zur Nutzung bereithalten, nur dann verantwortlich, wenn sie von\u00a0 diesen Inhalten Kenntnis haben und es ihnen technisch m\u00f6glich und zumutbar ist,\u00a0 deren Nutzung zu verhindern. Bei direkten oder indirekten Verweisen auf fremde\u00a0 Internetseiten (&#8222;Links&#8220;), die au\u00dferhalb des Verantwortungsbereiches des\u00a0 Betreibers liegen, w\u00fcrde somit eine Haftungsverpflichtung ausschlie\u00dflich in dem\u00a0 Fall in Kraft treten, in dem von den Inhalten Kenntnis genommen wurde und es\u00a0 ihm technisch m\u00f6glich und zumutbar w\u00e4re, die Nutzung im Falle rechtswidriger\u00a0 Inhalte zu verhindern. Er erkl\u00e4rt daher ausdr\u00fccklich, dass zum Zeitpunkt der\u00a0 Linksetzung die entsprechenden verlinkten Seiten frei von illegalen Inhalten\u00a0 waren. Der Betreiber hat keinerlei Einfluss auf die aktuelle und zuk\u00fcnftige\u00a0 Gestaltung und auf die Inhalte der gelinkten\/verkn\u00fcpften Seiten. Deshalb\u00a0 distanziert er sich hiermit ausdr\u00fccklich von allen Inhalten aller\u00a0 gelinkten\/verkn\u00fcpften Seiten, die nach der Linksetzung ver\u00e4ndert wurden. Diese\u00a0 Feststellung gilt f\u00fcr alle innerhalb des eigenen Internetangebotes gesetzten\u00a0 Links und Verweise sowie f\u00fcr Fremdeintr\u00e4ge in eingerichteten Foren, Blogs und\u00a0 Wikis. F\u00fcr illegale, fehlerhafte oder unvollst\u00e4ndige Inhalte und insbesondere\u00a0 f\u00fcr Sch\u00e4den, die aus der Nutzung oder Nichtnutzung solcherart dargebotener\u00a0 Informationen entstehen, haftet allein der Anbieter der Seite, auf welche\u00a0 verwiesen wurde, nicht derjenige, der \u00fcber Links auf die jeweilige\u00a0 Ver\u00f6ffentlichung lediglich verweist.<\/span><\/p>\n<p>3.\u00a0 Urheber- und Kennzeichenrecht <span style=\"font-size: small;\">Der Betreiber ist bestrebt, in allen Publikationen\u00a0 die Urheberrechte der verwendeten Grafiken, Tondokumente, Videosequenzen und\u00a0 Texte zu beachten, selbst erstellte Grafiken, Tondokumente, Videosequenzen und\u00a0 Texte zu nutzen oder auf lizenzfreie Grafiken, Tondokumente, Videosequenzen und\u00a0 Texte zur\u00fcckzugreifen. Alle innerhalb des Internetangebotes genannten und ggf.\u00a0 durch Dritte gesch\u00fctzten Marken- und Warenzeichen unterliegen uneingeschr\u00e4nkt\u00a0 den Bestimmungen des jeweils g\u00fcltigen Kennzeichenrechts und den Besitzrechten\u00a0 der jeweiligen eingetragenen Eigent\u00fcmer. Allein aufgrund der blo\u00dfen Nennung ist\u00a0 nicht der Schluss zu ziehen, dass Markenzeichen nicht durch Rechte Dritter\u00a0 gesch\u00fctzt sind.<\/span> <span style=\"font-size: small;\"><strong><a name=\"copy\"><\/a>Das Copyright f\u00fcr ver\u00f6ffentlichte, selbst erstellte Objekte\u00a0 bleibt allein bei dem Betreiber. Eine Vervielf\u00e4ltigung oder Verwendung solcher\u00a0 Grafiken, Tondokumente, Videosequenzen und Texte in anderen elektronischen oder\u00a0 gedruckten Publikationen ist ohne ausdr\u00fcckliche Zustimmung nicht gestattet. Dies\u00a0 gilt nicht, wenn die Informationen zum ausschlie\u00dflichen privaten Gebrauch eines\u00a0 Nutzers bestimmt sind. Eine solche Genehmigung wird in der Regel erteilt.<\/strong><\/span><\/p>\n<p>4.\u00a0 Rechtswirksamkeit dieses Haftungsausschlusses <span style=\"font-size: small;\">Dieser Haftungsausschluss ist als Teil des Internetangebotes zu\u00a0 betrachten, von dem aus auf diese Seite verwiesen wurde. Sofern Teile oder\u00a0 einzelne Formulierungen dieses Textes der geltenden Rechtslage nicht, nicht mehr\u00a0 oder nicht vollst\u00e4ndig entsprechen sollten, bleiben die \u00fcbrigen Teile des\u00a0 Dokumentes in ihrem Inhalt und ihrer G\u00fcltigkeit davon unber\u00fchrt.<\/span><\/p>\n<p>Datenschutz<\/p>\n<p>Bei jedem Seitenzugriff werden Zugriffsdaten \u00fcber diesen\u00a0 Vorgang in einer Log-Datei gespeichert. Diese Daten sind nicht personenbezogen;\u00a0 es kann somit nicht nachvollzogen werden, welcher Nutzer welche Daten abgerufen\u00a0 hat. Im einzelnen wird \u00fcber jeden Abruf folgender Datensatz gespeichert: &#8211; der Name der aufgerufenen Dateien, &#8211; das Datum und die Uhrzeit des Abrufs, &#8211; die \u00fcbertragene Datenmenge, &#8211; der Zugriffsstatus (Datei \u00fcbertragen, Datei nicht gefunden etc.), &#8211; eine Beschreibung des Typs des verwendeten Webbrowsers.<br \/>\nIn Verbindung mit Ihrem Zugriff erh\u00e4lt der Betreiber Nutzungsdaten, die f\u00fcr statistische\u00a0 Zwecke gespeichert werden und m\u00f6glicherweise anhand der IP-Adresse eine\u00a0 Identifizierung zulassen. Es findet keine personenbezogene Verwertung statt.<\/p>\n<p>Einige Seiten dieser Website benutzen Google Analytics,\u00a0 einen Webanalysedienst der Google Inc. (\u201eGoogle\u201c). Google Analytics verwendet\u00a0 sog.\u00a0 \u201eCookies\u201c, Textdateien, die auf Ihrem Computer gespeichert werden und die eine\u00a0 Analyse der Benutzung der Website durch Sie\u00a0 erm\u00f6glichen. Die durch den Cookie erzeugten Informationen \u00fcber Ihre Benutzung\u00a0 dieser Website werden in der Regel an einen\u00a0 Server von Google in den USA \u00fcbertragen und dort gespeichert. Im Falle der\u00a0 Aktivierung der IP-Anonymisierung auf dieser\u00a0 Webseite, wird Ihre IP-Adresse von Google jedoch innerhalb von Mitgliedstaaten\u00a0 der Europ\u00e4ischen Union oder in anderen\u00a0 Vertragsstaaten des Abkommens \u00fcber den Europ\u00e4ischen Wirtschaftsraum zuvor\u00a0 gek\u00fcrzt. Nur in Ausnahmef\u00e4llen wird die volle IP-\u00a0 Adresse an einen Server von Google in den USA \u00fcbertragen und dort gek\u00fcrzt. Im\u00a0 Auftrag des Betreibers dieser Website wird\u00a0 Google diese Informationen benutzen, um Ihre Nutzung der Website auszuwerten, um\u00a0 Reports \u00fcber die Websiteaktivit\u00e4ten\u00a0 zusammenzustellen und um weitere mit der Websitenutzung und der Internetnutzung\u00a0 verbundene Dienstleistungen gegen\u00fcber dem\u00a0 Websitebetreiber zu erbringen. Die im Rahmen von Google Analytics von Ihrem\u00a0 Browser \u00fcbermittelte IP-Adresse wird nicht mit anderen Daten von Google zusammengef\u00fchrt. Sie k\u00f6nnen die Speicherung der Cookies\u00a0 durch eine entsprechende Einstellung Ihrer Browser-Software verhindern. Sie k\u00f6nnen\u00a0 dar\u00fcber hinaus die Erfassung der durch das Cookie\u00a0 erzeugten und auf Ihre Nutzung der Website bezogenen Daten (inkl. Ihrer\u00a0 IP-Adresse) an Google sowie die Verarbeitung dieser\u00a0 Daten durch Google verhindern, indem sie das unter dem folgenden Link verf\u00fcgbare\u00a0 Browser-Plugin herunterladen und installieren: <a href=\"http:\/\/tools.google.com\/dlpage\/gaoptout?hl=de\" target=\"_blank\" rel=\"noopener noreferrer\">http:\/\/tools.google.com\/dlpage\/gaoptout?hl=de<\/a>. Einen flexiblen Trackingschutz bietet\u00a0 Ghostery:<a href=\"https:\/\/www.ghostery.com\/\" target=\"_blank\" rel=\"noopener noreferrer\"> https:\/\/www.ghostery.com\/<\/a><\/p>\n\n<script>\nvar zbPregResult = '0';\n<\/script>\n","protected":false},"excerpt":{"rendered":"<p>Betreiber: Dr. Michael Komma, Verwalter des k\u00fcnstlerischen und wissenschaftlichen Nachlasses und Rechtsnachfolger von Prof. Dr. Karl Michael Komma. Kontakt: Gestaltung der Website: Dr. Michael Komma mit Unterst\u00fctzung von IKURO Edition (Roland Heuer). Provider: Host Europe Copyright, Haftung und Urheberrechte 1.\u00a0 [&hellip;]<\/p>\n","protected":false},"author":1,"featured_media":0,"parent":0,"menu_order":60,"comment_status":"closed","ping_status":"open","template":"","meta":{"footnotes":""},"class_list":["post-62","page","type-page","status-publish","hentry"],"_links":{"self":[{"href":"http:\/\/www.mikomma.de\/pub\/wp-json\/wp\/v2\/pages\/62","targetHints":{"allow":["GET"]}}],"collection":[{"href":"http:\/\/www.mikomma.de\/pub\/wp-json\/wp\/v2\/pages"}],"about":[{"href":"http:\/\/www.mikomma.de\/pub\/wp-json\/wp\/v2\/types\/page"}],"author":[{"embeddable":true,"href":"http:\/\/www.mikomma.de\/pub\/wp-json\/wp\/v2\/users\/1"}],"replies":[{"embeddable":true,"href":"http:\/\/www.mikomma.de\/pub\/wp-json\/wp\/v2\/comments?post=62"}],"version-history":[{"count":21,"href":"http:\/\/www.mikomma.de\/pub\/wp-json\/wp\/v2\/pages\/62\/revisions"}],"predecessor-version":[{"id":1496,"href":"http:\/\/www.mikomma.de\/pub\/wp-json\/wp\/v2\/pages\/62\/revisions\/1496"}],"wp:attachment":[{"href":"http:\/\/www.mikomma.de\/pub\/wp-json\/wp\/v2\/media?parent=62"}],"curies":[{"name":"wp","href":"https:\/\/api.w.org\/{rel}","templated":true}]}}