{"id":799,"date":"2014-01-21T22:55:45","date_gmt":"2014-01-21T20:55:45","guid":{"rendered":"http:\/\/www.mikomma.de\/pub\/?page_id=799"},"modified":"2022-04-29T22:41:04","modified_gmt":"2022-04-29T21:41:04","slug":"kmk-stiftung","status":"publish","type":"page","link":"http:\/\/www.mikomma.de\/pub\/kmk-stiftung\/","title":{"rendered":"KMK-Stiftung"},"content":{"rendered":"<p><img loading=\"lazy\" decoding=\"async\" class=\"wp-image-253 alignnone\" src=\"http:\/\/www.mikomma.de\/pub\/wp-content\/uploads\/2013\/07\/kmkomma.jpg\" alt=\"kmkomma\" width=\"283\" height=\"219\" \/><\/p>\n<p>Das Werk von Karl Michael Komma zu erhalten und bekannt zu machen, ist das Motto der &#8222;KMK-Stiftung&#8220;. Dazu geh\u00f6ren neben neuen Ver\u00f6ffentlichungen auch die F\u00f6rderung von Veranstaltungen und eine zeitgem\u00e4\u00dfe &#8222;Kommunikationsplattform&#8220;.<\/p>\n<ul>\n<li>Interessierte Interpreten finden das Werk von Karl Michael Komma im <a title=\"Werk\" href=\"http:\/\/www.mikomma.de\/pub\/werk\/\">Werkverzeichnis<\/a>.<\/li>\n<li>Noten k\u00f6nnen bei der Stadtbibliothek Reutlingen ausgeliehen werden.<\/li>\n<\/ul>\n<hr \/>\n<p><strong>2022:<\/strong> Musikwettbewerb der GdM 2022. Auch 2022 lobt die Stiftung den KMK-Ged\u00e4chtnispreis aus. Siehe auch <a title=\"GdM\" href=\"http:\/\/www.gdm-reutlingen.de\" target=\"_blank\" rel=\"noopener noreferrer\">Gesellschaft der Musikfreunde<\/a>, <a href=\"https:\/\/www.gdm-reutlingen.de\/#page-wettbewerb\">Musikwettbewerb<\/a><\/p>\n<p><strong>2021:<\/strong> Musikwettbewerb der GdM 2021. Auch 2021 lobt die Stiftung den KMK-Ged\u00e4chtnispreis aus. Siehe auch <a title=\"GdM\" href=\"http:\/\/www.gdm-reutlingen.de\" target=\"_blank\" rel=\"noopener noreferrer\">Gesellschaft der Musikfreunde<\/a> ,\u00a0 Wettbewerb 2021.<br \/>\nDer Preis ging an Elisabeth Sophie Lachenmann. <a href=\"https:\/\/www.youtube.com\/watch?v=d5uIA-ArUiA\" target=\"_blank\" rel=\"noopener\">Video auf Youtube<\/a>, zur Verf\u00fcgung gestellt von der <a href=\"https:\/\/www.musikschule-reutlingen.de\" target=\"_blank\" rel=\"noopener\">Musikschule Reutlingen<\/a>.<\/p>\n<p><strong>2019:<\/strong> Musikwettbewerb der GdM 2019. Auch 2019 lobt die Stiftung den KMK-Ged\u00e4chtnispreis aus. Siehe auch <a title=\"GdM\" href=\"http:\/\/www.gdm-reutlingen.de\" target=\"_blank\" rel=\"noopener noreferrer\">Gesellschaft der Musikfreunde<\/a> ,\u00a0 Wettbewerb 2019.<\/p>\n<p><strong>2018:<\/strong> Musikwettbewerb der GdM 2018. Auch 2018 lobt die Stiftung den KMK-Ged\u00e4chtnispreis aus. Siehe auch <a title=\"GdM\" href=\"http:\/\/www.gdm-reutlingen.de\" target=\"_blank\" rel=\"noopener noreferrer\">Gesellschaft der Musikfreunde<\/a> ,\u00a0 Wettbewerb 2018.<\/p>\n<p><strong>2017:<\/strong> Musikwettbewerb der GdM 2017. Auch 2017 lobt die Stiftung den KMK-Ged\u00e4chtnispreis aus. Siehe auch <a title=\"GdM\" href=\"http:\/\/www.gdm-reutlingen.de\" target=\"_blank\" rel=\"noopener noreferrer\">Gesellschaft der Musikfreunde<\/a> ,\u00a0 Wettbewerb 2017.<br \/>\n<strong>2016: <\/strong>Musikwettbewerb der GdM 2016. Auch 2016 lobt die Stiftung den KMK-Ged\u00e4chtnispreis aus. Siehe auch <a title=\"GdM\" href=\"http:\/\/www.gdm-reutlingen.de\" target=\"_blank\" rel=\"noopener noreferrer\">Gesellschaft der Musikfreunde<\/a> ,\u00a0 Wettbewerb 2016.<br \/>\n<strong>2015:<\/strong> Die Stiftung\u00a0stellt der Gesellschaft der Musikfreunde Reutlingen e.V. (GdM) zur Durchf\u00fchrung des Musikwettbewerbs 2015 Mittel zur Verf\u00fcgung und lobt den KMK-Ged\u00e4chtnispreis aus. Siehe auch <a title=\"GdM\" href=\"http:\/\/www.gdm-reutlingen.de\" target=\"_blank\" rel=\"noopener noreferrer\">Gesellschaft der Musikfreunde<\/a>, Wettbewerb 2015.<\/p>\n<hr \/>\n<p>Weitere Informationen erhalten Sie gerne per Mail an Dr. Michael Komma:<br \/>\n<img loading=\"lazy\" decoding=\"async\" class=\"alignnone wp-image-1484 size-full\" src=\"http:\/\/www.mikomma.de\/pub\/wp-content\/uploads\/2019\/10\/hpa.png\" alt=\"\" width=\"167\" height=\"19\" \/><\/p>\n<p style=\"text-align: center;\"><a href=\"http:\/\/www.mikomma.de\/pub\/wp-content\/uploads\/2013\/07\/kmkomma.jpg\">\u00a0<\/a><\/p>\n\n<script>\nvar zbPregResult = '0';\n<\/script>\n","protected":false},"excerpt":{"rendered":"<p>Das Werk von Karl Michael Komma zu erhalten und bekannt zu machen, ist das Motto der &#8222;KMK-Stiftung&#8220;. Dazu geh\u00f6ren neben neuen Ver\u00f6ffentlichungen auch die F\u00f6rderung von Veranstaltungen und eine zeitgem\u00e4\u00dfe &#8222;Kommunikationsplattform&#8220;. Interessierte Interpreten finden das Werk von Karl Michael Komma [&hellip;]<\/p>\n","protected":false},"author":6,"featured_media":0,"parent":0,"menu_order":0,"comment_status":"open","ping_status":"open","template":"","meta":{"footnotes":""},"class_list":["post-799","page","type-page","status-publish","hentry"],"_links":{"self":[{"href":"http:\/\/www.mikomma.de\/pub\/wp-json\/wp\/v2\/pages\/799","targetHints":{"allow":["GET"]}}],"collection":[{"href":"http:\/\/www.mikomma.de\/pub\/wp-json\/wp\/v2\/pages"}],"about":[{"href":"http:\/\/www.mikomma.de\/pub\/wp-json\/wp\/v2\/types\/page"}],"author":[{"embeddable":true,"href":"http:\/\/www.mikomma.de\/pub\/wp-json\/wp\/v2\/users\/6"}],"replies":[{"embeddable":true,"href":"http:\/\/www.mikomma.de\/pub\/wp-json\/wp\/v2\/comments?post=799"}],"version-history":[{"count":35,"href":"http:\/\/www.mikomma.de\/pub\/wp-json\/wp\/v2\/pages\/799\/revisions"}],"predecessor-version":[{"id":1570,"href":"http:\/\/www.mikomma.de\/pub\/wp-json\/wp\/v2\/pages\/799\/revisions\/1570"}],"wp:attachment":[{"href":"http:\/\/www.mikomma.de\/pub\/wp-json\/wp\/v2\/media?parent=799"}],"curies":[{"name":"wp","href":"https:\/\/api.w.org\/{rel}","templated":true}]}}