{"id":847,"date":"2014-03-25T16:48:36","date_gmt":"2014-03-25T14:48:36","guid":{"rendered":"http:\/\/www.mikomma.de\/pub\/?page_id=847"},"modified":"2014-03-25T16:59:44","modified_gmt":"2014-03-25T14:59:44","slug":"klavier","status":"publish","type":"page","link":"http:\/\/www.mikomma.de\/pub\/werk\/klavier\/","title":{"rendered":"Klavier"},"content":{"rendered":"<p align=\"center\"><b>1.\u00a0 Klavierwerke<\/b><\/p>\n<p align=\"center\">\n<p align=\"center\"><b>1.1\u00a0\u00a0\u00a0 <\/b><b>Klaviermusik f\u00fcr zwei H\u00e4nde<\/b><\/p>\n<p>&nbsp;<\/p>\n<p><b>Fr\u00fche St\u00fccke<br \/>\n<\/b>1931<br \/>\n<i>CD BR 150 030<\/i><\/p>\n<p><b>Egerl\u00e4nder Bauernmusik<br \/>\n<\/b>1937<br \/>\n<i>Kraus<br \/>\n<\/i><i>CD BR 150 030<\/i><\/p>\n<p><b>Glockenspiele<br \/>\n<\/b>1950\u00a0\u00a0\u00a0\u00a0\u00a0\u00a0\u00a0\u00a0\u00a0\u00a0\u00a0\u00a0\u00a0\u00a0\u00a0 (18 Min.)<br \/>\n<b><\/b><\/p>\n<p><b>Meditationen \u00fcber eine Gavotte von J. Ph. <\/b><b>Rameau<br \/>\n<\/b>1959\u00a0\u00a0\u00a0\u00a0\u00a0\u00a0\u00a0\u00a0\u00a0\u00a0\u00a0\u00a0\u00a0\u00a0\u00a0 (15 Min.)<br \/>\n<i>Glogger (1968)<br \/>\n<\/i><i>CD BR 150 030<\/i><\/p>\n<p><b>Tre pezzi tipici<br \/>\n<\/b>Rigore \u2013 Dolcezza \u2013 Ebbrezza 1971\/73\u00a0\u00a0\u00a0\u00a0\u00a0\u00a0\u00a0\u00a0\u00a0 (12 Min.)<br \/>\n<i>D\u00f6ring, 1973, MD 0426<br \/>\n<\/i><i>CD BR 100 047<\/i><\/p>\n<p><b>Dolcezza II<br \/>\n<\/b>1974\u00a0\u00a0\u00a0\u00a0\u00a0\u00a0\u00a0\u00a0\u00a0\u00a0\u00a0\u00a0\u00a0\u00a0\u00a0 (4:35 Min.)<\/p>\n<p><b>Lauda<br \/>\n<\/b>1982\u00a0\u00a0\u00a0\u00a0\u00a0\u00a0\u00a0\u00a0\u00a0\u00a0\u00a0\u00a0\u00a0\u00a0\u00a0 (6:30 Min.)<br \/>\n<i>Hansen, 1986,\u00a0 EHF 1065<br \/>\n<\/i><i>CD BR 100 047<br \/>\n<\/i><i>CD FCD 368 306<\/i><\/p>\n<p><b>Klavierb\u00fcchlein f\u00fcr Natalie<br \/>\n<\/b>1982\u00a0\u00a0\u00a0\u00a0\u00a0\u00a0\u00a0\u00a0\u00a0\u00a0\u00a0\u00a0\u00a0\u00a0\u00a0 (15 Min.)<br \/>\n<i>Hansen, 1988, EHF 1070<br \/>\n<\/i><i>CD BR 150 030<\/i><\/p>\n<p><b>Les Ponts<br \/>\n<\/b>Sechs Impromptus nach Arthur Rimbaud<br \/>\n1983\u00a0\u00a0\u00a0\u00a0\u00a0\u00a0\u00a0\u00a0\u00a0\u00a0\u00a0\u00a0\u00a0\u00a0\u00a0 (19 Min.)<br \/>\n<i>Hansen, 1986, EHF 1066<br \/>\n<\/i><i>CD CAD 800 883<br \/>\n<\/i><i>CD BR 150 030<\/i><\/p>\n<p><b>Catarinella<br \/>\n<\/b>ein korsisches M\u00e4rchen mit Musik, Klavierfassung<br \/>\n1984\u00a0\u00a0\u00a0\u00a0\u00a0\u00a0\u00a0\u00a0\u00a0\u00a0\u00a0\u00a0\u00a0\u00a0\u00a0 (15 Min.)<\/p>\n<p><b>Speculum<br \/>\n<\/b>1985\u00a0\u00a0\u00a0\u00a0\u00a0\u00a0\u00a0\u00a0\u00a0\u00a0\u00a0\u00a0\u00a0\u00a0\u00a0 (3:30 Min.)<\/p>\n<p><b>Chronicon<br \/>\n<\/b>Suite<br \/>\n1990\u00a0\u00a0\u00a0\u00a0\u00a0\u00a0\u00a0\u00a0\u00a0\u00a0\u00a0\u00a0\u00a0\u00a0\u00a0 (28 Min.)<br \/>\n<i>Editio Propria, 1990, EPR 1014<br \/>\n<\/i><i>CD CAD 800 883<br \/>\n<\/i><i>CD BR 150 030<\/i><\/p>\n<p><b>Narkissos<br \/>\n<\/b>Suite<br \/>\n1991\u00a0\u00a0\u00a0\u00a0\u00a0\u00a0\u00a0\u00a0\u00a0\u00a0\u00a0\u00a0\u00a0\u00a0\u00a0 (12 Min.)<br \/>\n<i>CD BR 150 030<\/i><\/p>\n<p><b>Reflexionen \u00fcber eine Bach-Variation von Max Reger<br \/>\n<\/b>1995\u00a0\u00a0\u00a0\u00a0\u00a0\u00a0\u00a0\u00a0\u00a0\u00a0\u00a0\u00a0\u00a0\u00a0\u00a0 (32 Min.)<\/p>\n<p><b>Kleine Ski-Suite<br \/>\n<\/b>1996<\/p>\n<p><b>Vier Klavierst\u00fccke<br \/>\n<\/b>nach Gedanken der Bettina Brentano<br \/>\n1997\u00a0\u00a0\u00a0\u00a0\u00a0\u00a0\u00a0\u00a0\u00a0\u00a0\u00a0\u00a0\u00a0\u00a0\u00a0 (12 Min.)<br \/>\n<i>Carus, 1998, CV 18.506<br \/>\n<\/i><i>CD MELISMA 7184-2<\/i><\/p>\n<p><b>Sechs Bagatellen<br \/>\n<\/b>1998\u00a0\u00a0\u00a0\u00a0\u00a0\u00a0\u00a0\u00a0\u00a0\u00a0\u00a0\u00a0\u00a0\u00a0\u00a0 (15 Min.)<br \/>\n<i>CD BR 150 030<\/i><b>\u00a0<\/b><\/p>\n<p><b>Drei Klavierst\u00fccke<br \/>\n<\/b>Trauer \u2013 Trost \u2013 Ergebung<br \/>\n2000\u00a0\u00a0\u00a0\u00a0\u00a0\u00a0\u00a0\u00a0\u00a0\u00a0\u00a0\u00a0\u00a0\u00a0\u00a0 (15 Min.)<br \/>\n<i>CD BR 150 030<\/i><\/p>\n<p><b>Drei Nachtst\u00fccke<br \/>\n<\/b>2001\u00a0\u00a0\u00a0\u00a0\u00a0\u00a0\u00a0\u00a0\u00a0\u00a0\u00a0\u00a0\u00a0\u00a0\u00a0 (16 Min.)<br \/>\n<i>CD BR 150 030<\/i><\/p>\n<p><b>F\u00fcnf Klavierst\u00fccke<br \/>\n<\/b>zu Bildern von Winand Viktor<br \/>\n2005\u00a0\u00a0\u00a0\u00a0\u00a0\u00a0\u00a0\u00a0\u00a0\u00a0\u00a0\u00a0\u00a0\u00a0\u00a0 (13:30 Min.)<\/p>\n<p>&nbsp;<\/p>\n<p align=\"center\"><b>1.2\u00a0 Klaviermusik f\u00fcr vier H\u00e4nde oder zwei Klaviere<\/b><\/p>\n<p>&nbsp;<\/p>\n<p><b>Deutsche T\u00e4nze<br \/>\n<\/b>vierh\u00e4ndig<br \/>\n1938\u00a0\u00a0\u00a0\u00a0\u00a0\u00a0\u00a0\u00a0\u00a0\u00a0\u00a0\u00a0\u00a0\u00a0\u00a0 (15 Min.)<br \/>\n<i>Ullmann, 1940<\/i><\/p>\n<p><b>Variationen und Fuge \u00fcber ein Thema von G. F. H\u00e4ndel<br \/>\n<\/b>f\u00fcr zwei Klaviere zu vier H\u00e4nden<br \/>\n1948\u00a0\u00a0\u00a0\u00a0\u00a0\u00a0\u00a0\u00a0\u00a0\u00a0\u00a0\u00a0\u00a0\u00a0\u00a0 (40 Min.)<\/p>\n<p><b>Duo concertante<br \/>\n<\/b>f\u00fcr zwei Klaviere zu vier H\u00e4nden<br \/>\n1963\u00a0\u00a0\u00a0\u00a0\u00a0\u00a0\u00a0\u00a0\u00a0\u00a0\u00a0\u00a0\u00a0\u00a0\u00a0 (16 Min.)<\/p>\n<p><b>Aus Beethovens Briefen<br \/>\n<\/b>Bagatellen f\u00fcr Klavier<br \/>\nvierh\u00e4ndig<br \/>\n1996\u00a0\u00a0\u00a0\u00a0\u00a0\u00a0\u00a0\u00a0\u00a0\u00a0\u00a0\u00a0\u00a0\u00a0\u00a0 (16 Min.)<\/p>\n<p><b>Domande e Risposte<br \/>\n<\/b>2002\u00a0\u00a0\u00a0\u00a0\u00a0\u00a0\u00a0\u00a0\u00a0\u00a0\u00a0\u00a0\u00a0\u00a0\u00a0 (10 Min.)<\/p>\n<p>&nbsp;<\/p>\n<p>&nbsp;<\/p>\n\n<script>\nvar zbPregResult = '0';\n<\/script>\n","protected":false},"excerpt":{"rendered":"<p>1.\u00a0 Klavierwerke 1.1\u00a0\u00a0\u00a0 Klaviermusik f\u00fcr zwei H\u00e4nde &nbsp; Fr\u00fche St\u00fccke 1931 CD BR 150 030 Egerl\u00e4nder Bauernmusik 1937 Kraus CD BR 150 030 Glockenspiele 1950\u00a0\u00a0\u00a0\u00a0\u00a0\u00a0\u00a0\u00a0\u00a0\u00a0\u00a0\u00a0\u00a0\u00a0\u00a0 (18 Min.) Meditationen \u00fcber eine Gavotte von J. Ph. Rameau 1959\u00a0\u00a0\u00a0\u00a0\u00a0\u00a0\u00a0\u00a0\u00a0\u00a0\u00a0\u00a0\u00a0\u00a0\u00a0 (15 Min.) Glogger (1968) [&hellip;]<\/p>\n","protected":false},"author":6,"featured_media":0,"parent":126,"menu_order":0,"comment_status":"open","ping_status":"open","template":"","meta":{"footnotes":""},"class_list":["post-847","page","type-page","status-publish","hentry"],"_links":{"self":[{"href":"http:\/\/www.mikomma.de\/pub\/wp-json\/wp\/v2\/pages\/847","targetHints":{"allow":["GET"]}}],"collection":[{"href":"http:\/\/www.mikomma.de\/pub\/wp-json\/wp\/v2\/pages"}],"about":[{"href":"http:\/\/www.mikomma.de\/pub\/wp-json\/wp\/v2\/types\/page"}],"author":[{"embeddable":true,"href":"http:\/\/www.mikomma.de\/pub\/wp-json\/wp\/v2\/users\/6"}],"replies":[{"embeddable":true,"href":"http:\/\/www.mikomma.de\/pub\/wp-json\/wp\/v2\/comments?post=847"}],"version-history":[{"count":4,"href":"http:\/\/www.mikomma.de\/pub\/wp-json\/wp\/v2\/pages\/847\/revisions"}],"predecessor-version":[{"id":851,"href":"http:\/\/www.mikomma.de\/pub\/wp-json\/wp\/v2\/pages\/847\/revisions\/851"}],"up":[{"embeddable":true,"href":"http:\/\/www.mikomma.de\/pub\/wp-json\/wp\/v2\/pages\/126"}],"wp:attachment":[{"href":"http:\/\/www.mikomma.de\/pub\/wp-json\/wp\/v2\/media?parent=847"}],"curies":[{"name":"wp","href":"https:\/\/api.w.org\/{rel}","templated":true}]}}