{"id":859,"date":"2014-03-25T17:13:08","date_gmt":"2014-03-25T15:13:08","guid":{"rendered":"http:\/\/www.mikomma.de\/pub\/?page_id=859"},"modified":"2014-03-25T20:58:32","modified_gmt":"2014-03-25T18:58:32","slug":"orchester","status":"publish","type":"page","link":"http:\/\/www.mikomma.de\/pub\/werk\/orchester\/","title":{"rendered":"Orchester"},"content":{"rendered":"<p align=\"center\"><b>5.\u00a0 Orchesterwerke<\/b><\/p>\n<p align=\"center\">\u00a0\u00a0\u00a0\u00a0\u00a0 <b>Werke f\u00fcr Streichorchester<\/b><\/p>\n<p><b>Deutsche T\u00e4nze<br \/>\n<\/b>1939\u00a0\u00a0\u00a0\u00a0\u00a0\u00a0\u00a0\u00a0\u00a0\u00a0\u00a0\u00a0\u00a0\u00a0\u00a0 (15 Min.)<br \/>\n<i>Ullmann, 1940<\/i><\/p>\n<p><b>Epitaph<br \/>\n<\/b>1957\u00a0\u00a0\u00a0\u00a0\u00a0\u00a0\u00a0\u00a0\u00a0\u00a0\u00a0\u00a0\u00a0\u00a0\u00a0 (12 Min.)<br \/>\n<i>Ichthys, 1957, Ed. Nr. 331<\/i><\/p>\n<p><b>Suite nach Fran\u00e7ois Couperin<br \/>\n<\/b>1959\u00a0\u00a0\u00a0\u00a0\u00a0\u00a0\u00a0\u00a0\u00a0\u00a0\u00a0\u00a0\u00a0\u00a0\u00a0 (10 Min.)<br \/>\n<i>Ichthys, 1959, Ed. Nr. 233<\/i><\/p>\n<p><b>I quattro elementi<br \/>\n<\/b>1962\u00a0\u00a0\u00a0\u00a0\u00a0\u00a0\u00a0\u00a0\u00a0\u00a0\u00a0\u00a0\u00a0\u00a0\u00a0 (20 Min.)<\/p>\n<p><b>Trauermusik<br \/>\n<\/b>1965\u00a0\u00a0\u00a0\u00a0\u00a0\u00a0\u00a0\u00a0\u00a0\u00a0\u00a0\u00a0\u00a0\u00a0\u00a0 (15 Min.)<\/p>\n<p><b>I gatti di Scarlatti<br \/>\n<\/b>1974<\/p>\n<p><b>Templum honoris<br \/>\n<\/b>1987\u00a0\u00a0\u00a0\u00a0\u00a0\u00a0\u00a0\u00a0\u00a0\u00a0\u00a0\u00a0\u00a0\u00a0\u00a0 (7:30 Min.)<\/p>\n<p><b>La Martinella<br \/>\n<\/b>1990\u00a0\u00a0\u00a0\u00a0\u00a0\u00a0\u00a0\u00a0\u00a0\u00a0\u00a0\u00a0\u00a0\u00a0\u00a0 (14 Min.)<\/p>\n<p><b>\u00a0<\/b><\/p>\n<p align=\"center\"><b>\u00a0\u00a0\u00a0\u00a0\u00a0 Werke f\u00fcr Kammerorchester mit Bl\u00e4sern<\/b><\/p>\n<p><b>Vier St\u00fccke f\u00fcr Kammerorchester<br \/>\n<\/b>f\u00fcr Fl\u00f6te, Oboe, Klarinette, Fagott und Streicher<br \/>\n1987\u00a0\u00a0\u00a0\u00a0\u00a0\u00a0\u00a0\u00a0\u00a0\u00a0\u00a0\u00a0\u00a0\u00a0\u00a0 (14 Min.)<\/p>\n<p><b>Diptychon<br \/>\n<\/b>f\u00fcr zwei Trompeten, Horn, Posaune, Tuba und Streicher<br \/>\n1990\u00a0\u00a0\u00a0\u00a0\u00a0\u00a0\u00a0\u00a0\u00a0\u00a0\u00a0\u00a0\u00a0\u00a0\u00a0 (10 Min.)<\/p>\n<p>&nbsp;<\/p>\n<p align=\"center\">\u00a0\u00a0\u00a0\u00a0\u00a0 <b>Werke f\u00fcr Gro\u00dfes Orchester<\/b><\/p>\n<p><b>Praeludium und Passacaglia<br \/>\n<\/b>1940<br \/>\n<i>Ullmann<\/i><\/p>\n<p><b>Symphonie in G<br \/>\n<\/b>1950\u00a0\u00a0\u00a0\u00a0\u00a0\u00a0\u00a0\u00a0\u00a0\u00a0\u00a0\u00a0\u00a0\u00a0\u00a0 (30 Min.)<\/p>\n<p><b>Lamento di Tristano<br \/>\n<\/b>1964\u00a0\u00a0\u00a0\u00a0\u00a0\u00a0\u00a0\u00a0\u00a0\u00a0\u00a0\u00a0\u00a0\u00a0\u00a0 (21 Min.)<\/p>\n<p><b>Die vier Elemente<br \/>\n<\/b>1965\u00a0\u00a0\u00a0\u00a0\u00a0\u00a0\u00a0\u00a0\u00a0\u00a0\u00a0\u00a0\u00a0\u00a0\u00a0 (29 Min.)<\/p>\n<p><b>Signale<br \/>\n<\/b>1972\u00a0\u00a0\u00a0\u00a0\u00a0\u00a0\u00a0\u00a0\u00a0\u00a0\u00a0\u00a0\u00a0\u00a0\u00a0 (12 Min.)<br \/>\n<i>LP audite, MAS 51013<br \/>\n<\/i><i>CD CAD 800 880<\/i><\/p>\n<p><b>Drei St\u00fccke f\u00fcr Orchester<br \/>\n<\/b>1974\u00a0\u00a0\u00a0\u00a0\u00a0\u00a0\u00a0\u00a0\u00a0\u00a0\u00a0\u00a0\u00a0\u00a0\u00a0 (14 Min.)<\/p>\n<p><b>Deutsche T\u00e4nze<br \/>\n<\/b>1984\u00a0\u00a0\u00a0\u00a0\u00a0\u00a0\u00a0\u00a0\u00a0\u00a0\u00a0\u00a0\u00a0\u00a0\u00a0 (15 Min.)<\/p>\n<p><b>Transfiguration<br \/>\n<\/b>einer Toccata von J. S. Bach<br \/>\n1985\u00a0\u00a0\u00a0\u00a0\u00a0\u00a0\u00a0\u00a0\u00a0\u00a0\u00a0\u00a0\u00a0\u00a0\u00a0 (8 Min.)<\/p>\n<p><b>Abendphantasie<br \/>\n<\/b>1993\u00a0\u00a0\u00a0\u00a0\u00a0\u00a0\u00a0\u00a0\u00a0\u00a0\u00a0\u00a0\u00a0\u00a0\u00a0 (22 Min.)<br \/>\n<i>CD BM 31.9219 <\/i><\/p>\n<p><b>Toccatina Filarmonica<br \/>\n<\/b>1995\u00a0\u00a0\u00a0\u00a0\u00a0\u00a0\u00a0\u00a0\u00a0\u00a0\u00a0\u00a0\u00a0\u00a0\u00a0 (4 Min.)<\/p>\n<p><b>Metamorphosen<br \/>\n<\/b>2003\u00a0\u00a0\u00a0\u00a0\u00a0\u00a0\u00a0\u00a0\u00a0\u00a0\u00a0\u00a0\u00a0\u00a0\u00a0 (24 Min.)<br \/>\n<i>CD BM 31.9219\u00a0<\/i><\/p>\n<p>&nbsp;<\/p>\n<p align=\"center\">\u00a0\u00a0\u00a0\u00a0\u00a0 <b>Konzerte mit Orchester<\/b><\/p>\n<p>\u00a0<b>Konzert<br \/>\n<\/b>f\u00fcr Orgel und gro\u00dfes Orchester<br \/>\n1936\u00a0\u00a0\u00a0\u00a0\u00a0\u00a0\u00a0\u00a0\u00a0\u00a0\u00a0\u00a0\u00a0\u00a0\u00a0 (24 Min.)<br \/>\n<i>Ullmann, 1939<\/i><\/p>\n<p><b>Concertino<br \/>\n<\/b>f\u00fcr Cembalo, Fl\u00f6te und Streicher<br \/>\n1938\u00a0\u00a0\u00a0\u00a0\u00a0\u00a0\u00a0\u00a0\u00a0\u00a0\u00a0\u00a0\u00a0\u00a0\u00a0 (14 Min.)<br \/>\n<i>Schott, 1939, Nr. 35751<br \/>\n<\/i><i>CD BR 150 030<\/i><\/p>\n<p><b>Musik<br \/>\n<\/b>f\u00fcr Klavier und Kammerorchester<br \/>\n1939\u00a0\u00a0\u00a0\u00a0\u00a0\u00a0\u00a0\u00a0\u00a0\u00a0\u00a0\u00a0\u00a0\u00a0\u00a0 (20 Min.)<br \/>\n<i>Ullmann<br \/>\n<\/i><i>CD BR 150 030<\/i><b>\u00a0<\/b><\/p>\n<p><b>I. Konzert<br \/>\n<\/b>f\u00fcr Klavier und Orchester<br \/>\n1957\u00a0\u00a0\u00a0\u00a0\u00a0\u00a0\u00a0\u00a0\u00a0\u00a0\u00a0\u00a0\u00a0\u00a0\u00a0 (25 Min.)<br \/>\n<i>LP audite, MAS 51 013<br \/>\n<\/i><i>CD CAD 800 880<br \/>\n<\/i><i>CD BR 150 030<\/i><\/p>\n<p><b>II. Konzert<br \/>\n<\/b>f\u00fcr Klavier und Orchester<br \/>\n1982\u00a0\u00a0\u00a0\u00a0\u00a0\u00a0\u00a0\u00a0\u00a0\u00a0\u00a0\u00a0\u00a0\u00a0\u00a0 (25 Min.)<br \/>\n<i>LP audite, FSM 43 406 aud<br \/>\n<\/i><i>CD CAD 800 880<br \/>\n<\/i><i>CD BR 150 030<\/i><\/p>\n<p><b>Concertone<br \/>\n<\/b>f\u00fcr Fl\u00f6te (Altfl\u00f6te), Oboe (Englisch Horn), Violine, Violoncello, Streichorchester und Celesta<br \/>\n1985\u00a0\u00a0\u00a0\u00a0\u00a0\u00a0\u00a0\u00a0\u00a0\u00a0\u00a0\u00a0\u00a0\u00a0\u00a0 (15 Min.)<\/p>\n<p><b>Concerto<br \/>\n<\/b>f\u00fcr Violoncello und Streicher<br \/>\n1991\u00a0\u00a0\u00a0\u00a0\u00a0\u00a0\u00a0\u00a0\u00a0\u00a0\u00a0\u00a0\u00a0\u00a0\u00a0 (15 Min.)<\/p>\n<p><b>III. Konzert<br \/>\n<\/b>f\u00fcr Klavier und Orchester (Streicher)<br \/>\n1992\u00a0\u00a0\u00a0\u00a0\u00a0\u00a0\u00a0\u00a0\u00a0\u00a0\u00a0\u00a0\u00a0\u00a0\u00a0 (15 Min.)<\/p>\n<p><b>Der Tanz des gro\u00dfen Friedens<br \/>\n<\/b>Concerto grosso f\u00fcr Fagott, Violoncello, Klavier und Streicher<br \/>\n1992\u00a0\u00a0\u00a0\u00a0\u00a0\u00a0\u00a0\u00a0\u00a0\u00a0\u00a0\u00a0\u00a0\u00a0\u00a0 (15 Min.)<\/p>\n<p><b>Tripelkonzert<br \/>\n<\/b>f\u00fcr Klarinette, Violoncello, Klavier und Streicher (Fragment)<br \/>\n1997<\/p>\n<p><b>Elegie und Scherzo<br \/>\n<\/b>f\u00fcr Englisch Horn und Orchester<br \/>\n1998\u00a0\u00a0\u00a0\u00a0\u00a0\u00a0\u00a0\u00a0\u00a0\u00a0\u00a0\u00a0\u00a0\u00a0\u00a0 (12 Min.)<br \/>\n<i>CD Konzertmitschnitt Junge Sinfonie<\/i><\/p>\n\n<script>\nvar zbPregResult = '0';\n<\/script>\n","protected":false},"excerpt":{"rendered":"<p>5.\u00a0 Orchesterwerke \u00a0\u00a0\u00a0\u00a0\u00a0 Werke f\u00fcr Streichorchester Deutsche T\u00e4nze 1939\u00a0\u00a0\u00a0\u00a0\u00a0\u00a0\u00a0\u00a0\u00a0\u00a0\u00a0\u00a0\u00a0\u00a0\u00a0 (15 Min.) Ullmann, 1940 Epitaph 1957\u00a0\u00a0\u00a0\u00a0\u00a0\u00a0\u00a0\u00a0\u00a0\u00a0\u00a0\u00a0\u00a0\u00a0\u00a0 (12 Min.) Ichthys, 1957, Ed. Nr. 331 Suite nach Fran\u00e7ois Couperin 1959\u00a0\u00a0\u00a0\u00a0\u00a0\u00a0\u00a0\u00a0\u00a0\u00a0\u00a0\u00a0\u00a0\u00a0\u00a0 (10 Min.) Ichthys, 1959, Ed. Nr. 233 I quattro elementi 1962\u00a0\u00a0\u00a0\u00a0\u00a0\u00a0\u00a0\u00a0\u00a0\u00a0\u00a0\u00a0\u00a0\u00a0\u00a0 (20 Min.) [&hellip;]<\/p>\n","protected":false},"author":6,"featured_media":0,"parent":126,"menu_order":0,"comment_status":"open","ping_status":"open","template":"","meta":{"footnotes":""},"class_list":["post-859","page","type-page","status-publish","hentry"],"_links":{"self":[{"href":"http:\/\/www.mikomma.de\/pub\/wp-json\/wp\/v2\/pages\/859","targetHints":{"allow":["GET"]}}],"collection":[{"href":"http:\/\/www.mikomma.de\/pub\/wp-json\/wp\/v2\/pages"}],"about":[{"href":"http:\/\/www.mikomma.de\/pub\/wp-json\/wp\/v2\/types\/page"}],"author":[{"embeddable":true,"href":"http:\/\/www.mikomma.de\/pub\/wp-json\/wp\/v2\/users\/6"}],"replies":[{"embeddable":true,"href":"http:\/\/www.mikomma.de\/pub\/wp-json\/wp\/v2\/comments?post=859"}],"version-history":[{"count":3,"href":"http:\/\/www.mikomma.de\/pub\/wp-json\/wp\/v2\/pages\/859\/revisions"}],"predecessor-version":[{"id":884,"href":"http:\/\/www.mikomma.de\/pub\/wp-json\/wp\/v2\/pages\/859\/revisions\/884"}],"up":[{"embeddable":true,"href":"http:\/\/www.mikomma.de\/pub\/wp-json\/wp\/v2\/pages\/126"}],"wp:attachment":[{"href":"http:\/\/www.mikomma.de\/pub\/wp-json\/wp\/v2\/media?parent=859"}],"curies":[{"name":"wp","href":"https:\/\/api.w.org\/{rel}","templated":true}]}}