{"id":895,"date":"2014-03-26T21:35:10","date_gmt":"2014-03-26T19:35:10","guid":{"rendered":"http:\/\/www.mikomma.de\/pub\/?page_id=895"},"modified":"2014-04-05T21:56:11","modified_gmt":"2014-04-05T19:56:11","slug":"schriften","status":"publish","type":"page","link":"http:\/\/www.mikomma.de\/pub\/werk\/schriften\/","title":{"rendered":"Schriften"},"content":{"rendered":"<p align=\"center\"><b>II Verzeichnis der Schriften<\/b><\/p>\n<p align=\"center\"><b>1.\u00a0 Selbst\u00e4ndig publizierte Schriften<\/b><\/p>\n<p><b>Johann Zach und die tschechischen Musiker im deutschen Umbruch des <\/b><b>18. Jahrhunderts<br \/>\n<\/b>in: \u201eHeidelberger Studien zur Musikwissenschaft, Band VII\u201c<br \/>\nDissertation Heidelberg 1936, Kassel: B\u00e4renreiter, 1938<\/p>\n<p><b>Das b\u00f6hmische Musikantentum<br \/>\n<\/b>in: \u201eDie Musik im alten und neuen Europa III\u201c<br \/>\nKassel: B\u00e4renreiter, 1960<\/p>\n<p><b>Musikgeschichte in Bildern<br \/>\n<\/b>Stuttgart: Kr\u00f6ner, 1961<\/p>\n<p><b>Musikp\u00e4dagogik in W\u00fcrttemberg<br \/>\n<\/b>in: \u201eForschungsbericht I Staatliche Hochschule f\u00fcr Musik und Darstellende Kunst in Stuttgart\u201c<br \/>\nStuttgart 1976<\/p>\n<p><b>Pathophonia<br \/>\n<\/b><b>Gedanken zu F. Schuberts Heine-Liedern<br \/>\n<\/b>Reicheneck: Aldus-Presse, 1988<\/p>\n<p><b>Komponieren aus meiner Sicht<br \/>\n<\/b>Reicheneck: Aldus-Presse, 1988<\/p>\n<p><b>Klanggebilde \u2013 Bildankl\u00e4nge<br \/>\n<\/b>Aufs\u00e4tze und Reden<br \/>\nin: \u201eQuellen und Studien zur Musikgeschichte von der Antike bis in die Gegenwart\u201c, Band 25<br \/>\nFrankfurt\/M, Bern, New York, Paris: Peter Lang, 1991<\/p>\n<p><b>Mozart und seine Zeit<br \/>\n<\/b>Reicheneck: Aldus-Presse, 1991<\/p>\n<p><b>Musikalische Bildung im Zeitalter der Kommerzmusik<br \/>\n<\/b>Musikschule Reutlingen 1995<\/p>\n<p><b>Lebenswege<br \/>\n<\/b>Stuttgart: Carus-Verlag, 1999, CV 24.057<\/p>\n<p><b>Vergessen \u2013 Erinnern<br \/>\n<\/b><b>Gedanken zur Musikgeschichte<br \/>\n<\/b>Reicheneck: Aldus-Presse, 2003<\/p>\n<p>&nbsp;<\/p>\n<p align=\"center\"><b>2.\u00a0 Wissenschaftliche Ausgaben<\/b><\/p>\n<p><b>\u00a0<\/b><b>Gruppenkonzerte der Bachzeit<br \/>\n<\/b>in: \u201eDas Erbe deutscher Musik, Reichsdenkmale Band XI\u201c<br \/>\nLeipzig 1938<br \/>\nNeudruck in: \u201eDas Erbe deutscher Musik XI, Abteilung Orchestermusik I\u201c<br \/>\nWiesbaden: Breitkopf, 1962<\/p>\n<p><b>Quod libet.<br \/>\n<\/b><b>Alte und neue Spielmusik<br \/>\n<\/b>Stuttgart 1957<\/p>\n<p><b>Ludwig van Beethoven<br \/>\n<\/b><b>Klaviersonate As-Dur op. 110<br \/>\n<\/b>Faksimile nach dem Autograph<br \/>\nStuttgart: Ichthys, 1967, Ed. 203<\/p>\n<p><b>Die Klaviersonate As-Dur<br \/>\n<\/b><b>op. 110 von Ludwig van Beethoven<br \/>\n<\/b>Beiheft zur Faksimile-Ausgabe<br \/>\nStuttgart: Ichthys, 1967, Ed. 203a<b>\u00a0<\/b><\/p>\n<p><b>Lieder und Ges\u00e4nge<br \/>\n<\/b><b>nach Dichtungen von Friedrich H\u00f6lderlin<br \/>\n<\/b>in: \u201eSchriften der H\u00f6lderlin-Gesellschaft V\u201c<br \/>\nT\u00fcbingen: Mohr, 1967<\/p>\n<p><b>Vom Wesen der Musik<br \/>\n<\/b><b>Ausgew\u00e4hlte Aufs\u00e4tze von Arnold Schering<br \/>\n<\/b>herausgegeben und eingeleitet von Karl Michael Komma<br \/>\nStuttgart: K. F. Koehler, 1974<\/p>\n<p>&nbsp;<\/p>\n<p align=\"center\"><b>3.\u00a0 Aufs\u00e4tze und Lexikonartikel<\/b><\/p>\n<p><b>Die Sudetendeutschen der \u201eMannheimer Schule\u201c<br \/>\n<\/b>in: \u201eZeitschrift f\u00fcr Musik CVI\u201c<br \/>\n1939, S. 13 &#8211; 16<\/p>\n<p><b>Von deutscher Musik in den Sudetenl\u00e4ndern<br \/>\n<\/b>in: \u201eHeimat im Herzen. Wir Sudetendeutschen\u201c<br \/>\nSalzburg 1949, S. 244 &#8211; 255<\/p>\n<p><b>Cannabich<br \/>\n<\/b>in: \u201eDie Musik in Geschichte und Gegenwart, Band II\u201c<br \/>\nKassel 1952, Sp. 751 &#8211; 759<\/p>\n<p><b>Czernohorsky<br \/>\n<\/b>in: \u201eDie Musik in Geschichte und Gegenwart, Band II\u201c<br \/>\nKassel 1952, Sp. 1833 &#8211; 1835<\/p>\n<p><b>Dalberg<br \/>\n<\/b>in: \u201eDie Musik in Geschichte und Gegenwart, Band II\u201c<br \/>\nKassel 1952, Sp. 1869 &#8211; 1871<\/p>\n<p><b>H\u00f6lderlin und die Musik<br \/>\n<\/b>in: \u201eH\u00f6lderlin-Jahrbuch 1953\u201c<br \/>\nT\u00fcbingen 1953, S. 106 &#8211; 118<\/p>\n<p><b>Theodor Fr\u00f6hlichs H\u00f6lderlin-Vertonungen<br \/>\n<\/b>in: \u201eH\u00f6lderlin-Jahrbuch 1953\u201c<br \/>\nT\u00fcbingen 1953, Notenbeilage<\/p>\n<p><b>Schicksal und Schaffen sudetendeutscher Komponisten<br \/>\n<\/b>in: \u201eStifter-Jahrbuch III\u201c<br \/>\nGr\u00e4felfing 1953, S. 83 &#8211; 126<\/p>\n<p><b>Dimler<br \/>\n<\/b>in: \u201eDie Musik in Geschichte und Gegenwart, Band III\u201c<br \/>\nKassel 1954, Sp. 504 &#8211; 506<\/p>\n<p><b>Eck<br \/>\n<\/b>in: \u201eDie Musik in Geschichte und Gegenwart, Band III\u201c<br \/>\nKassel 1954, Sp. 1083 &#8211; 1086<\/p>\n<p><b>Eger<br \/>\n<\/b>in: \u201eDie Musik in Geschichte und Gegenwart, Band III\u201c<br \/>\nKassel 1954, Sp. 1159 &#8211; 1165<\/p>\n<p><b>Eichner<br \/>\n<\/b>in: \u201eDie Musik in Geschichte und Gegenwart, Band III\u201c<br \/>\nKassel 1954, Sp. 1185 &#8211; 1190<\/p>\n<p><b>\u201eB\u00f6hmische Musikalit\u00e4t\u201c und deutsche Musikkultur<br \/>\n<\/b>Gedanken und Beobachtungen<br \/>\nin: \u201eDer neue Ackermann II\u201c<br \/>\n1954, S. 31 &#8211; 39<\/p>\n<p><b>Volksmusikalische Grundlagen des Kompositionsstils der letzten Jahrzehnte in B\u00f6hmen und M\u00e4hren<br \/>\n<\/b>in: \u201eKongressbericht Bamberg 1953\u201c<br \/>\nKassel 1954, S. 203 &#8211; 206<\/p>\n<p><b>Vom Sinn der b\u00f6hmischen Musikgeschichte<br \/>\n<\/b>in: \u201eMitteilungsblatt der Ackermann-Gemeinde V\u201c<br \/>\n1954, Nr. 10, S. 1<\/p>\n<p><b>Vom Wesen des Klavierstils von Joseph Haas<br \/>\n<\/b>in: \u201eJoseph-Haas-Gesellschaft, Mitteilungsblatt Nr. 13\u201c<br \/>\n1954, S. 1 &#8211; 5<\/p>\n<p><b>Filtz<br \/>\n<\/b>in: \u201eDie Musik in Geschichte und Gegenwart, Band IV\u201c<br \/>\nKassel 1955, Sp. 202 &#8211; 205<\/p>\n<p><b>Finke<br \/>\n<\/b>in: \u201eDie Musik in Geschichte und Gegenwart, Band IV\u201c<br \/>\nKassel 1955, Sp. 227 &#8211; 229<\/p>\n<p><b>Fr\u00e4nzl<br \/>\n<\/b>in: \u201eDie Musik in Geschichte und Gegenwart, Band IV\u201c<br \/>\nKassel 1955, Sp. 613 &#8211; 615<\/p>\n<p><b>Ga\u00dfmann<br \/>\n<\/b>in: \u201eDie Musik in Geschichte und Gegenwart, Band IV\u201c<br \/>\nKassel 1955, Sp. 1431 &#8211; 1435<\/p>\n<p><b>Hermann Anton Gelinek<br \/>\n<\/b>in: \u201eDie Musik in Geschichte und Gegenwart, Band IV\u201c<br \/>\nKassel 1955, Sp. 1630<\/p>\n<p><b>Abb\u00e9 Josef Gelinek<br \/>\n<\/b>in: \u201eDie Musik in Geschichte und Gegenwart, Band IV\u201c<br \/>\nKassel 1955, Sp. 1630 &#8211; 1633<\/p>\n<p><b>Heilbronns musikgeschichtliche Stunde<br \/>\n<\/b>in: \u201eMitteilungen an die Freunde der Staatlichen Hochschule f\u00fcr Musik in Stuttgart,\u00a0 4\u201c<br \/>\n1955, S. 5 &#8211; 13, sowie in: \u201eAmtsblatt f\u00fcr den Stadt- und Landkreis Heilbronn XII\u201c<br \/>\n1956, Nr. 7\/8<\/p>\n<p><b>Musikerheimat Egerland. Anmerkungen zur Herkunft der Bamberger Symphoniker<br \/>\n<\/b>in: \u201eDer Egerl\u00e4nder VI\u201c<br \/>\n1955, S. 29 &#8211; 31<\/p>\n<p><b>Sprachmelodie und Musikalit\u00e4t der Heimatvertriebenen aus B\u00f6hmen und M\u00e4hren<br \/>\n<\/b>in: \u201eZeitschrift f\u00fcr Ostforschung IV\u201c<br \/>\n1955, S. 66 &#8211; 83<\/p>\n<p><b>Grua<br \/>\n<\/b>in: \u201eDie Musik in Geschichte und Gegenwart, Band V\u201c<br \/>\nKassel 1956, Sp. 974 &#8211; 976<\/p>\n<p><b>Haberhauer<br \/>\n<\/b>in: \u201eDie Musik in Geschichte und Gegenwart, Band V\u201c<br \/>\nKassel 1956, Sp. 1193<\/p>\n<p><b>Habermann<br \/>\n<\/b>in: \u201eDie Musik in Geschichte und Gegenwart, Band V\u201c<br \/>\nKassel 1956, Sp. 1195 &#8211; 1197<\/p>\n<p><b>Hauschka<br \/>\n<\/b>in: \u201eDie Musik in Geschichte und Gegenwart, Band V\u201c<br \/>\nKassel 1956, Sp. 1835 &#8211; 1836<\/p>\n<p><b>Vom musikalischen Erbe der Heimatvertriebenen aus B\u00f6hmen, M\u00e4hren und Schlesien<br \/>\n<\/b>in: \u201eSudetendeutscher Erzieherbrief III\u201c<br \/>\n1956, S. 1 &#8211; 3<\/p>\n<p><b>Probleme der H\u00f6lderlinvertonung<br \/>\n<\/b>in: \u201eH\u00f6lderlin-Jahrbuch 1955\/56\u201c<br \/>\nT\u00fcbingen 1957, S. 201 &#8211; 218<\/p>\n<p><b>Hensel<br \/>\n<\/b>in: \u201eDie Musik in Geschichte und Gegenwart, Band VI\u201c<br \/>\nKassel 1957, Sp. 166 &#8211; 168<\/p>\n<p><b>Lebt das Volkslied noch?<br \/>\n<\/b>in: \u201eStuttgarter Nachrichten\u201c<br \/>\n1957, Nr. 46, S. 17<\/p>\n<p><b>Musikgeschichte: Fach oder Bildungsgrundlage<br \/>\n<\/b>in: \u201eMusik im Unterricht XCVIII\u201c<br \/>\n1957, S. 1 &#8211; 4<\/p>\n<p><b>Brief nach Prag<br \/>\n<\/b>in: \u201eMusica XII\u201c<br \/>\n1958, S. 143 &#8211; 145<\/p>\n<p><b>Komma<br \/>\n<\/b>in: \u201eDie Musik in Geschichte und Gegenwart, Band VII\u201c<br \/>\nKassel 1958, Sp. 1421 &#8211; 1422<\/p>\n<p><b>\u00dcber die Reimser Psalmkantate<br \/>\n<\/b>in: \u201eArs Viva\u201c<br \/>\nTrier 1958<\/p>\n<p><b>Das Glogauer Liederbuch.<br \/>\n<\/b><b>Ein Dokument ostdeutscher Kultur um 1480<br \/>\n<\/b>in: \u201eMitteilungen an die Freunde der Staatlichen Hochschule f\u00fcr Musik in Stuttgart 8\u201c<br \/>\nStuttgart 1959, S. 4 &#8211; 10<\/p>\n<p><b>Hermann Reutter 60 Jahre<br \/>\n<\/b>in: \u201eMusica XIV\u201c<br \/>\n1960, S. 385 &#8211; 386<\/p>\n<p><b>Hermann Keller 75 Jahre<br \/>\n<\/b>in: \u201eMusica XIV\u201c<br \/>\n1960, S. 743 &#8211; 744<\/p>\n<p><b>Karl Marx<br \/>\n<\/b>in: \u201eDie Musik in Geschichte und Gegenwart, Band VIII\u201c<br \/>\nKassel 1960, Sp. 1739 &#8211; 1740<\/p>\n<p><b>Von b\u00f6hmischer Musikalit\u00e4t<br \/>\n<\/b>in: \u201eStuttgarter Nachrichten\u201c<br \/>\n1960, Nr. 24, S. 23<\/p>\n<p><b>Franz Christoph Neubauer<br \/>\n<\/b>in: \u201eDie Musik in Geschichte und Gegenwart, Band IX\u201c<br \/>\nKassel 1961, Sp. 1387 &#8211; 1388<\/p>\n<p><b>Dem Herrn ein neues Lied.<br \/>\n<\/b><b>Gedanken zur Situation der Kirchenmusik<br \/>\n<\/b>in: \u201eEcho der Zeit\u201c<br \/>\n1962, Nr. 19, S. 11<\/p>\n<p><b>Musikhochschule und Musikwissenschaft<br \/>\n<\/b>in: \u201e1. Jahresbericht 1962 der Staatlichen Hochschule f\u00fcr Musik und Darstellende Kunst Stuttgart\u201c<br \/>\n1962, S. 27 &#8211; 30<\/p>\n<p><b>Die Pentatonik in Anton\u00edn Dvo\u0159\u00e1ks Werk<br \/>\n<\/b>in: \u201eMusik des Ostens I\u201c<br \/>\nKassel 1962, S. 63 &#8211; 75<\/p>\n<p><b>Petyrek<br \/>\n<\/b>in: \u201eDie Musik in Geschichte und Gegenwart, Band X\u201c<br \/>\nKassel 1962, Sp. 1146 &#8211; 1148<\/p>\n<p><b>Die Rolle der Volksmusik im Werk Georg von Albrechts<br \/>\n<\/b>in: \u201eFestschrift Georg von Albrecht\u201c<br \/>\nStuttgart 1962, S. 45 &#8211; 52<\/p>\n<p><b>Richard Wagner und was geblieben ist<br \/>\n<\/b>in: \u201eEcho der Zeit\u201c<br \/>\n1963, Nr. 7, S. 11<\/p>\n<p><b>Symbole der Musik in der bildenden Kunst<br \/>\n<\/b>in: \u201eQuantit\u00e4t und Qualit\u00e4t in der deutschen Musikerziehung, Vortr\u00e4ge der 5. Bundesschul-musikwoche Stuttgart 1963\u201c<br \/>\nMainz 1963, S. 65 &#8211; 69<\/p>\n<p><b>Bekenner des Erbes.<br \/>\n<\/b><b>Zum Tode Paul Hindemiths<br \/>\n<\/b>in: \u201eEcho der Zeit\u201c<br \/>\n1964, Nr. 2<\/p>\n<p><b>Herkunft, Weg und Ziel.<br \/>\n<\/b><b>Gedanken zu meinem Beruf<br \/>\n<\/b>in: \u201eSudetendeutscher Kulturalmanach V\u201c<br \/>\nM\u00fcnchen 1964, S. 190 &#8211; 193<\/p>\n<p><b>Hermann Reutter 65 Jahre<br \/>\n<\/b>in: \u201eMusica XIX\u201c<br \/>\n1965, S. 220 &#8211; 221<\/p>\n<p><b>Vom Beruf des Musikers in dieser Zeit<br \/>\n<\/b>Sonderdruck der Gesellschaft der Freunde der Staatlichen Hochschule f\u00fcr Musik und Dar-stellende Kunst Stuttgart e. V.<br \/>\n1965<\/p>\n<p><b>Das b\u00f6hmische Musikantentum.<br \/>\n<\/b><b>Ein Beitrag zur Erforschung der westslawischen Musikfolklore<br \/>\n<\/b>in: \u201eVolksmusik S\u00fcdosteuropas, S\u00fcdosteuropaschriften VII\u201c<br \/>\nM\u00fcnchen 1966, S. 140 &#8211; 152<\/p>\n<p><b>Dudelsack \u2013 Instrumentenbau \u2013 Musikantend\u00f6rfer<br \/>\n<\/b>in: \u201eJahrbuch der Egerl\u00e4nder\u201c<br \/>\nMarktredwitz 1966, S. 53 &#8211; 58<\/p>\n<p><b>Vom Beruf des Musikers in dieser Zeit<br \/>\n<\/b>in: \u201eStuttgarter Musikbl\u00e4tter 17\u201c<br \/>\n1966, S. 3 &#8211; 10<\/p>\n<p><b>Der Prager Spielmann.<br \/>\n<\/b><b>Zum Gedenken an Walther Hensel<br \/>\n<\/b>in: \u201eSudetendeutscher Erzieherbrief XIV\u201c<br \/>\nM\u00fcnchen 1967, S. 129 &#8211; 133<\/p>\n<p><b>Das \u201eScherzo\u201c der <\/b><b>2. Symphonie von Johannes Brahms<br \/>\n<\/b>in: \u201eFestschrift Walter Wiora\u201c<br \/>\nKassel 1967, S. 448 &#8211; 457<\/p>\n<p><b>Form und Struktur in der Musik.<br \/>\n<\/b><b>Erfahrungen mit einem Buch von Hermann Erpf<br \/>\n<\/b>in: \u201eZeitschrift f\u00fcr Musiktheorie (zfmth)\u201c<br \/>\n1. Jahrgang 1970, H. 1, S. 39 &#8211; 44<\/p>\n<p><b>Betrachtende musikalische Interpretation.<br \/>\n<\/b><b>Beethovens Klaviermusik II von J\u00fcrgen Uhde<br \/>\n<\/b>in: \u201eZeitschrift f\u00fcr Musiktheorie (zfmth)\u201c<br \/>\n2. Jahrgang 1971, H. 2, S. 41 &#8211; 43<\/p>\n<p><b>Musikgeschichte und Musiktheorie als p\u00e4dagogische Disziplin<br \/>\n<\/b>Bericht \u00fcber den 1. inter-nationalen Kongress f\u00fcr Musiktheorie<br \/>\nStuttgart 1972<\/p>\n<p><b>Franz Schuberts Klaviersonate a-moll, op. post. 164 (D 537)<br \/>\n<\/b>in: \u201eGustav Becking zum Ged\u00e4chtnis. Eine Auswahl seiner Schriften und Beitr\u00e4ge seiner Sch\u00fcler\u201c herausgegeben von Walter Kramolisch,<br \/>\nTutzing: Schneider, 1975, S. 413 &#8211; 435<br \/>\nVorabdruck in: \u201eZeitschrift f\u00fcr Musiktheorie (zfmth)\u201c 3. Jahrgang 1972, H. 2, S. 2 &#8211; 14<\/p>\n<p><b>Das Verh\u00e4ltnis des Komponisten zur Gesellschaft seiner Zeit<br \/>\n<\/b>in: \u201eMusik um uns, 11. &#8211; 13. Schuljahr\u201c<br \/>\nStuttgart 1973, S. 208 &#8211; 219<\/p>\n<p><b>Vom Ursprung und Wesen des Trivialen im Werk Gustav Mahlers<br \/>\n<\/b>in: \u201eMusik und Bildung\u201c<br \/>\nNov. 1973, H. 11, S. 573 &#8211; 578<\/p>\n<p><b>Max Reger \u2013 nur ein Kalenderblatt?<br \/>\n<\/b>in: \u201eLudwigsburger Schlo\u00dffestspiele\u201c<br \/>\n1973, S. 8 &#8211; 10<\/p>\n<p><b>Franz Benda<br \/>\n<\/b>in: \u201eLebensbilder zur Geschichte der b\u00f6hmischen L\u00e4nder\u201c<br \/>\nM\u00fcnchen\/Wien 1974, S. 97 ff<\/p>\n<p><b>Weite und Grenzen der Interpretation.<br \/>\n<\/b><b>Beethovens Klaviermusik III von J\u00fcrgen Uhde<br \/>\n<\/b>in: \u201eZeitschrift f\u00fcr Musiktheorie (zfmth)\u201c<br \/>\n6. Jahrgang 1975, H. 1, S. 54 &#8211; 56<\/p>\n<p><b>Musikleben in Reutlingen<br \/>\n<\/b>in: \u201eDer Kreis Reutlingen\u201c<br \/>\nStuttgart\/Aalen 1975, S. 181 &#8211; 187<\/p>\n<p><b>Kriterien des musikalischen Kitsches<br \/>\n<\/b>in: \u201eMusik und Bildung\u201c<br \/>\nJuni 1976, H. 6, S. 307 &#8211; 311<\/p>\n<p><b>Musikp\u00e4dagogik in W\u00fcrttemberg<br \/>\n<\/b>Forschungsbericht der Staatlichen Hochschule f\u00fcr Musik und Darstellende Kunst Stuttgart<br \/>\n1976<\/p>\n<p><b>Der Singemeister<br \/>\n<\/b>in: \u201eZum Gedenken an Hans Grischkat\u201c<br \/>\nStuttgart 1977, S. 47 &#8211; 49<\/p>\n<p><b>Mozart und Verdi.<br \/>\n<\/b><b>Gedanken zu ihren Totenmessen<br \/>\n<\/b>in: \u201eLudwigsburger Schlo\u00dffestspiele\u201c<br \/>\n1979, S. 14 &#8211; 17<\/p>\n<p><b>Musik und Architektur im Zeitalter des Barock<br \/>\n<\/b>in: \u201eLudwigsburger Schlo\u00dffestspiele\u201c<br \/>\n1981, Almanach, S. 16 &#8211; 24<\/p>\n<p><b>Zum Sp\u00e4twerk Haydns<br \/>\n<\/b>in: \u201eLudwigsburger Schlo\u00dffestspiele\u201c<br \/>\n1982, Almanach, S. 58 &#8211; 63<\/p>\n<p><b>Brahms und seine Zeitgenossen<br \/>\n<\/b>in: \u201eLudwigsburger Schlo\u00dffestspiele\u201c<br \/>\n1983, Almanach, S. 47 &#8211; 49<\/p>\n<p><b>Gedanken zu Arnold Sch\u00f6nbergs \u201ePierrot Lunaire\u201c<br \/>\n<\/b>in: \u201eLudwigsburger Schlo\u00dffestspiele\u201c<br \/>\n1984, Almanach, S. 16 &#8211; 20<\/p>\n<p><b>Hofmusik in Wallerstein<br \/>\n<\/b>in: \u201eZeitschrift Nord-Schwaben\u201c<br \/>\n1985, H. 4, S. 241 &#8211; 247<\/p>\n<p><b>40 Jahre W\u00fcrttembergische Philharmonie Reutlingen<br \/>\n<\/b>in: \u201eDas Orchester\u201c<br \/>\n1986, H. 3, S. 306<\/p>\n<p><b>Der Komponist, sein Interpret, sein Publikum<br \/>\n<\/b>in: \u201eTonk\u00fcnstlerfest in Baden-W\u00fcrttemberg 1986\/87 Programmbuch\u201c<br \/>\nKarlsruhe 1986, S. 40 &#8211; 44<\/p>\n<p><b>\u201eErscheinung \u2013 Entr\u00fcckung \u2013 Wiederkehr\u201c.<br \/>\n<\/b><b>In memoriam Martin G\u00fcmbel<br \/>\n<\/b>in: \u201eGedenkschrift Martin G\u00fcmbel\u201c<br \/>\nStuttgart 1987, S. 21 &#8211; 29<\/p>\n<p><b>Anmerkungen zur Kirchenmusik<br \/>\n<\/b>in: \u201eW\u00fcrttembergische Bl\u00e4tter f\u00fcr Kirchenmusik\u201c<br \/>\n1987, S. 160 &#8211; 163<\/p>\n<p><b>Von den Urspr\u00fcngen des Chorgesangs<br \/>\n<\/b>in: \u201e100 Jahre Eugen-Jaeckle-Gau\u201c<br \/>\nAalen 1987, S. 44 &#8211; 47<\/p>\n<p><b>Vom Weg des Oratoriums<br \/>\n<\/b>in: \u201e36. Internationale Orgelwoche\u201c<br \/>\nN\u00fcrnberg 1987, S. 5 &#8211; 15<\/p>\n<p><b>Johann Nepomuk David und Arnold Sch\u00f6nberg<br \/>\n<\/b>in: \u201eMittelungen 5 der Internationalen Johann-Nepomuk-David-Gesellschaft\u201c<br \/>\nStuttgart 1987, S. 3 &#8211; 8<\/p>\n<p><b>Gottes eigentliches Instrument<br \/>\n<\/b>in: \u201eDem Herrn will ich spielen. Die neue Orgel der Marienkirche in Reutlingen\u201c<br \/>\n1988, S. 18 &#8211; 21<\/p>\n<p><b>Musik als Ausdruck menschlicher Gotteserfahrung<br \/>\n<\/b>in: \u201eW\u00fcrttembergische Bl\u00e4tter f\u00fcr Kirchenmusik\u201c<br \/>\n1988, H. 3, S. 82 &#8211; 84<\/p>\n<p><b>Musica sacra im Donauraum<br \/>\n<\/b>in: \u201e37. Internationale Orgelwoche\u201c<br \/>\nN\u00fcrnberg 1988, S. 5 &#8211; 8<\/p>\n<p><b>Spezifika \u201eb\u00f6hmischer Musik\u201c<br \/>\n<\/b>in: \u201eMusik und Wissenschaft, Schriften der Sudetendeutschen Akademie der Wissenschaften und K\u00fcnste\u201c, Band 10<br \/>\n1989<\/p>\n<p><b>Einheit und Vielheit in der europ\u00e4ischen Musikkultur<br \/>\n<\/b>in: \u201eDas Liebhaberorchester\u201c<br \/>\n34. Jahrgang 1990, H. 2, S. 1 &#8211; 4<\/p>\n<p><b>F\u00fcr J\u00fcrgen Uhde<br \/>\n<\/b>Rede zur Trauerfeier<br \/>\nin: \u201e\u00dcben und Musizieren\u201c<br \/>\nNov. 1991<\/p>\n<p><b>Concerto<br \/>\n<\/b>in: \u201e41. Internationale Orgelwoche\u201c<br \/>\nMusica sacra \/ Das Konzert in der geistlichen Musik<br \/>\nN\u00fcrnberg 1992, S. 6 &#8211; 12<\/p>\n<p><b>Wesen und Wandlungen des Fugenthemas in Fidelio F. Finkes I. Streichquartett<br \/>\n<\/b>in: \u201eFidelio F. Finke \u2013 Ann\u00e4herungen an einen Komponisten\u201c<br \/>\nRegensburg-Esslingen: Die K\u00fcnstlergilde,1993, S. 47 &#8211; 56<\/p>\n<p><b>Cantate Domino Canticum novum<br \/>\n<\/b>in: \u201eMusica sacra\u201c 113. Jahrgang 1993, H. 2, S. 107 &#8211; 113<\/p>\n<p><b>Europ\u00e4ische Entwicklungslinien: Nationale Schulen in der Musik des 19. Jahrhunderts<br \/>\n<\/b>in: \u201eInternationale Bachakademie Stuttgart\u201c<br \/>\n1993, Programmheft 13, S. 13 und Programmheft 15, S. 20<\/p>\n<p><b>\u00a0\u201eGib Deine Hand\u201c<br \/>\n<\/b>zu Franz Schuberts Musik vom Tode<br \/>\nin: \u201eThe International Journal of Musicology\u201c<br \/>\n1994, Vol. III, S. 133 &#8211; 149<\/p>\n<p><b>Hugo Wolfs M\u00f6rike-Lieder<br \/>\n<\/b><b>Synthese und Problematik<br \/>\n<\/b>Landesinstitut f\u00fcr Erziehung und Unterricht<br \/>\nMaterialien Musik, Mu 36, 1994<\/p>\n<p><b>Zum Thema Bild \u2013 Musik<br \/>\n<\/b>in: \u201eMusik f\u00fcr ein Bild\u201c<br \/>\nStadtbibliothek Reutlingen, 1996<\/p>\n<p><b>Die Stilschichten in Theodor Veidls Oper \u201eDie Kleinst\u00e4dter\u201c<br \/>\n<\/b>in: \u201e4. sudetendeutsch-tschechisches Musiksymposium 1996\u201c<br \/>\nRegensburg, 1996<\/p>\n<p><b>Johann Nepomuk David<br \/>\n<\/b><b>Mensch und Musiker<br \/>\n<\/b><b>Erinnerungen an seine Stuttgarter Zeit<br \/>\n<\/b>Breitkopf und H\u00e4rtel, 1997, S. 1 &#8211; 10<br \/>\nISBN 1012-8344<\/p>\n<p><b>Urspr\u00fcnge der modernen Musikanalyse<br \/>\n<\/b>E. T. A. Hoffmanns Beethoven-Rezensionen<br \/>\n1997<\/p>\n<p><b>Johannes Brahms im Carus-Verlag<br \/>\n<\/b>in: \u201eCari amici\u201c<br \/>\nFestschrift 25 Jahre Carus-Verlag<br \/>\nStuttgart 1997, S. 61 &#8211; 62<\/p>\n<p>&nbsp;<\/p>\n<p align=\"center\"><b>4.\u00a0 Gedichte<\/b><\/p>\n<p><b>\u00a0<\/b><\/p>\n<p><b>Orte und Zeiten<br \/>\n<\/b>Ausgew\u00e4hlte Gedichte 1959 \u2013 1980<br \/>\nMetzingen; Heinzelmann Verlag, 1980<\/p>\n<p><b>Logorhythmen<br \/>\n<\/b>Versspiele<br \/>\nReicheneck: Aldus-Presse, 1993<\/p>\n<p><b>Gib Deine Hand<br \/>\n<\/b><b>Gedichte von Abschied und Wiederkehr<br \/>\n<\/b>Reicheneck: Aldus- Presse, 2000<\/p>\n<p>&nbsp;<\/p>\n<p align=\"center\"><b>III Verzeichnis der Verlage<\/b><\/p>\n<p>&nbsp;<\/p>\n<p>Gedruckte Werke:<\/p>\n<p>B\u00e4renreiter, Kassel \u2013 Wilhelmsh\u00f6he [3]<\/p>\n<p>Carus, Stuttgart [20]<\/p>\n<p>Coppenrath, Alt\u00f6tting [2]<\/p>\n<p>Corona, Berlin * [19]<\/p>\n<p>D\u00f6ring, Herrenberg * [6]<\/p>\n<p>Editio Propria, 72764 Reutlingen, Urban-Str. 17 [6]<\/p>\n<p>Glogger, Augsburg * [1]<\/p>\n<p>Hansen, Frankfurt\/Main, \u00fcber Sikorski, Hamburg [4]<\/p>\n<p>H\u00e4nssler, Neuhausen \u2013 Stuttgart, jetzt Carus, Stuttgart\u00a0 [8]<\/p>\n<p>Hohner, Trossingen [1]<\/p>\n<p>Ichthys, Stuttgart * [11]<\/p>\n<p>Kraus * [1]<\/p>\n<p>Leuckart, M\u00fcnchen [3]<\/p>\n<p>Metzler, Stuttgart [0]<\/p>\n<p>Mohr, T\u00fcbingen [3]<\/p>\n<p>M\u00f6seler, Wolfenb\u00fcttel [3]<\/p>\n<p>Music Publications, 82296 Sch\u00f6ngeising, Holzhausener Str. 34 [1]<\/p>\n<p>Narr, T\u00fcbingen [0]<\/p>\n<p>Pro Organo, Leutkirch * [10]<\/p>\n<p>Schott, Mainz [1]<\/p>\n<p>C. L. Schultheiss, T\u00fcbingen [0]<\/p>\n<p>Ullmann, Reichenberg * [11]<\/p>\n<p>Willy M\u00fcller, S\u00fcddeutscher Musikverlag, Heidelberg [1]<\/p>\n<p>* nicht mehr bestehender Verlag<\/p>\n<p>&nbsp;<\/p>\n<p>Schallplatten und CDs:<\/p>\n<p>ARS\u00a0\u00a0\u00a0\u00a0\u00a0\u00a0\u00a0\u00a0\u00a0\u00a0\u00a0 = Ars-Produktion (Vertrieb: FONO, M\u00fcnster)<\/p>\n<p>BM\u00a0\u00a0\u00a0\u00a0\u00a0\u00a0\u00a0\u00a0\u00a0\u00a0\u00a0\u00a0 = BELLA MUSICA EDITION, J\u00fcrgen Rinschler,\u00a0\u00a0\u00a0\u00a0ANTES EDITION, B\u00fchl \/ Baden<\/p>\n<p>BR\u00a0\u00a0\u00a0\u00a0\u00a0 \u00a0\u00a0\u00a0\u00a0\u00a0\u00a0 = Bayer-Records, Bietigheim-Bissingen (Vertrieb: HELIKON, Heidelberg)<\/p>\n<p>CAD\u00a0\u00a0\u00a0\u00a0\u00a0\u00a0\u00a0\u00a0\u00a0 = Cadenza, Bayer-Records, Bietigheim-Bissingen\u00a0\u00a0 (Vertrieb: HELIKON\/MusiContact, Heidelberg)<\/p>\n<p>Cor\u00a0\u00a0\u00a0\u00a0\u00a0\u00a0\u00a0\u00a0\u00a0\u00a0\u00a0 = Corona, Bayer-Records, Bietigheim-Bissingen<\/p>\n<p>DaCA\u00a0\u00a0\u00a0\u00a0\u00a0\u00a0\u00a0 = DA CAMERA MAGNA, bmg, Bietigheim-Bissingen<\/p>\n<p>ebs\u00a0\u00a0\u00a0\u00a0\u00a0\u00a0\u00a0\u00a0\u00a0\u00a0\u00a0 = ebs records GmbH, Bietigheim-Bissingen<\/p>\n<p>FCD\u00a0\u00a0\u00a0\u00a0\u00a0\u00a0\u00a0\u00a0\u00a0\u00a0 = Ars-Produktion (Vertrieb: FONO, M\u00fcnster)<\/p>\n<p>Le Voi\u00a0\u00a0\u00a0\u00a0\u00a0\u00a0\u00a0 = Mike Le Voi, 4 MBS Classic FM<\/p>\n<p>MD+G\u00a0\u00a0\u00a0\u00a0\u00a0\u00a0\u00a0 = Dabringhaus und Grimm (Vertrieb: Naxos)<\/p>\n<p>MELISMA\u00a0\u00a0 = Melisma Musik, Wiesbaden<\/p>\n<p>RL\u00a0\u00a0\u00a0\u00a0\u00a0\u00a0\u00a0\u00a0 \u00a0\u00a0\u00a0\u00a0 = Redline Tonstudio, Wannweil<\/p>\n<p>Salvator\u00a0\u00a0\u00a0\u00a0\u00a0 = Salvatorkolleg Bad Wurzach<\/p>\n<p>SMI\u00a0\u00a0\u00a0\u00a0\u00a0\u00a0\u00a0\u00a0\u00a0\u00a0\u00a0\u00a0 = Sudetendeutsches Musikinstitut, Regensburg<\/p>\n<p>ST\u00a0\u00a0\u00a0\u00a0\u00a0\u00a0\u00a0\u00a0\u00a0\u00a0\u00a0\u00a0\u00a0\u00a0 = Studio 74, M\u00fchlhausen<\/p>\n<p>Trojan\u00a0\u00a0 \u00a0\u00a0\u00a0\u00a0\u00a0\u00a0 = J\u00f6rg-Dieter Trojan, Reutlingen<\/p>\n<p>Zeiler\u00a0\u00a0\u00a0\u00a0\u00a0\u00a0\u00a0\u00a0\u00a0\u00a0 = Karl Zeiler, T\u00fcbingen<\/p>\n\n<script>\nvar zbPregResult = '0';\n<\/script>\n","protected":false},"excerpt":{"rendered":"<p>II Verzeichnis der Schriften 1.\u00a0 Selbst\u00e4ndig publizierte Schriften Johann Zach und die tschechischen Musiker im deutschen Umbruch des 18. Jahrhunderts in: \u201eHeidelberger Studien zur Musikwissenschaft, Band VII\u201c Dissertation Heidelberg 1936, Kassel: B\u00e4renreiter, 1938 Das b\u00f6hmische Musikantentum in: \u201eDie Musik im [&hellip;]<\/p>\n","protected":false},"author":6,"featured_media":0,"parent":126,"menu_order":0,"comment_status":"open","ping_status":"open","template":"","meta":{"footnotes":""},"class_list":["post-895","page","type-page","status-publish","hentry"],"_links":{"self":[{"href":"http:\/\/www.mikomma.de\/pub\/wp-json\/wp\/v2\/pages\/895","targetHints":{"allow":["GET"]}}],"collection":[{"href":"http:\/\/www.mikomma.de\/pub\/wp-json\/wp\/v2\/pages"}],"about":[{"href":"http:\/\/www.mikomma.de\/pub\/wp-json\/wp\/v2\/types\/page"}],"author":[{"embeddable":true,"href":"http:\/\/www.mikomma.de\/pub\/wp-json\/wp\/v2\/users\/6"}],"replies":[{"embeddable":true,"href":"http:\/\/www.mikomma.de\/pub\/wp-json\/wp\/v2\/comments?post=895"}],"version-history":[{"count":7,"href":"http:\/\/www.mikomma.de\/pub\/wp-json\/wp\/v2\/pages\/895\/revisions"}],"predecessor-version":[{"id":1053,"href":"http:\/\/www.mikomma.de\/pub\/wp-json\/wp\/v2\/pages\/895\/revisions\/1053"}],"up":[{"embeddable":true,"href":"http:\/\/www.mikomma.de\/pub\/wp-json\/wp\/v2\/pages\/126"}],"wp:attachment":[{"href":"http:\/\/www.mikomma.de\/pub\/wp-json\/wp\/v2\/media?parent=895"}],"curies":[{"name":"wp","href":"https:\/\/api.w.org\/{rel}","templated":true}]}}