{"id":918,"date":"2014-03-27T17:25:49","date_gmt":"2014-03-27T15:25:49","guid":{"rendered":"http:\/\/www.mikomma.de\/pub\/?page_id=918"},"modified":"2014-03-27T21:46:57","modified_gmt":"2014-03-27T19:46:57","slug":"media","status":"publish","type":"page","link":"http:\/\/www.mikomma.de\/pub\/media\/","title":{"rendered":"Media"},"content":{"rendered":"<p>Hier entsteht eine Mediathek mit KMK-Werken.<\/p>\n<p>In <a title=\"Ton\" href=\"http:\/\/www.mikomma.de\/pub\/media\/ton\/\">Ton<\/a> und <a title=\"Bild\" href=\"http:\/\/www.mikomma.de\/pub\/media\/bild\/\">Bild<\/a><\/p>\n<div id=\"attachment_839\" style=\"width: 310px\" class=\"wp-caption aligncenter\"><a href=\"http:\/\/www.mikomma.de\/pub\/wp-content\/uploads\/2014\/03\/aubenas3web.jpg\"><img loading=\"lazy\" decoding=\"async\" aria-describedby=\"caption-attachment-839\" class=\" wp-image-839 \" title=\"Aubenas\" alt=\"Aubenas\" src=\"http:\/\/www.mikomma.de\/pub\/wp-content\/uploads\/2014\/03\/aubenas3web-300x216.jpg\" width=\"300\" height=\"216\" srcset=\"http:\/\/www.mikomma.de\/pub\/wp-content\/uploads\/2014\/03\/aubenas3web-300x216.jpg 300w, http:\/\/www.mikomma.de\/pub\/wp-content\/uploads\/2014\/03\/aubenas3web.jpg 629w\" sizes=\"auto, (max-width: 300px) 100vw, 300px\" \/><\/a><p id=\"caption-attachment-839\" class=\"wp-caption-text\">Aubenas<\/p><\/div>\n<p>&nbsp;<\/p>\n<p>Copyright \u00a9 Dr. Michael Komma<\/p>\n<p>Es gelten die Vorschriften des deutschen Urheberrechts in seiner jeweiligen Fassung. Alle Rechte der Urheber an den gesch\u00fctzten Werken, die auf der Website enthalten sind, bleiben vorbehalten. Ohne ausdr\u00fcckliche Genehmigung durch die GEMA darf eine weitergehende Nutzung der Werke, \u00fcber das Anh\u00f6ren der eingestellten Musikwerke hinaus, nicht erfolgen.<\/p>\n\n<script>\nvar zbPregResult = '0';\n<\/script>\n","protected":false},"excerpt":{"rendered":"<p>Hier entsteht eine Mediathek mit KMK-Werken. In Ton und Bild &nbsp; Copyright \u00a9 Dr. Michael Komma Es gelten die Vorschriften des deutschen Urheberrechts in seiner jeweiligen Fassung. Alle Rechte der Urheber an den gesch\u00fctzten Werken, die auf der Website enthalten [&hellip;]<\/p>\n","protected":false},"author":6,"featured_media":0,"parent":0,"menu_order":0,"comment_status":"open","ping_status":"open","template":"","meta":{"footnotes":""},"class_list":["post-918","page","type-page","status-publish","hentry"],"_links":{"self":[{"href":"http:\/\/www.mikomma.de\/pub\/wp-json\/wp\/v2\/pages\/918","targetHints":{"allow":["GET"]}}],"collection":[{"href":"http:\/\/www.mikomma.de\/pub\/wp-json\/wp\/v2\/pages"}],"about":[{"href":"http:\/\/www.mikomma.de\/pub\/wp-json\/wp\/v2\/types\/page"}],"author":[{"embeddable":true,"href":"http:\/\/www.mikomma.de\/pub\/wp-json\/wp\/v2\/users\/6"}],"replies":[{"embeddable":true,"href":"http:\/\/www.mikomma.de\/pub\/wp-json\/wp\/v2\/comments?post=918"}],"version-history":[{"count":6,"href":"http:\/\/www.mikomma.de\/pub\/wp-json\/wp\/v2\/pages\/918\/revisions"}],"predecessor-version":[{"id":927,"href":"http:\/\/www.mikomma.de\/pub\/wp-json\/wp\/v2\/pages\/918\/revisions\/927"}],"wp:attachment":[{"href":"http:\/\/www.mikomma.de\/pub\/wp-json\/wp\/v2\/media?parent=918"}],"curies":[{"name":"wp","href":"https:\/\/api.w.org\/{rel}","templated":true}]}}